{"id":3,"date":"2022-07-27T11:08:50","date_gmt":"2022-07-27T11:08:50","guid":{"rendered":"https:\/\/bricksprint.levelap.rs\/?page_id=3"},"modified":"2025-05-14T14:37:23","modified_gmt":"2025-05-14T14:37:23","slug":"politika-privatnosti","status":"publish","type":"page","link":"https:\/\/www.sinpeks.com\/rs\/politika-privatnosti\/","title":{"rendered":"Politika privatnosti"},"content":{"rendered":"\n<p><strong><u>KO SMO MI?<\/u><\/strong><\/p>\n\n\n\n<p>Vlasnik platforme www.sinpeks.com\/rs je privredno dru\u0161tvo \u201cSINPEKS\u201d d.o.o., 8.Oktobra br.15 11325 Markovac, MB: 21720364, PIB: 112692366, koga zastupa direktor Velibor Miti\u0107, kontakt telefon:+381 60 322 3884, e-mail adresa: info@sinpeks.rs<\/p>\n\n\n\n<p>SINPEKS d.o.o. je rukovalac Va\u0161ih li\u010dnih podataka i odgovoran za obradu i \u010duvanje Va\u0161ih li\u010dnih podataka.<\/p>\n\n\n\n<p>Mi po\u0161tujemo va\u0161u privatnost i bri\u017eno \u010duvamo Va\u0161e li\u010dne podatke. U ovoj Politici za\u0161tite li\u010dnih podataka (u nastavku Politika) obave\u0161tavamo Vas o li\u010dnim podacima koje od Vas prikupljamo, za koje svrhe i po kom pravnom osnovu, sigurnosne mere kojima ih \u0161titimo, lica s kojima ih delimo, rok u kojem ih \u010duvamo, kao i Va\u0161a prava u vezi sa za\u0161titom li\u010dnih podataka.<br>&nbsp;&nbsp;&nbsp;&nbsp;&nbsp;&nbsp;&nbsp;&nbsp;&nbsp;&nbsp;&nbsp;<\/p>\n\n\n\n<p>Ova Politika se primenjuje za:<\/p>\n\n\n\n<p>1) sve kupce na\u0161ih proizvoda preko na\u0161e internet stranice www.sinpeks.com\/rs<\/p>\n\n\n\n<p>2) sve posetioce na\u0161e internet platforme.<\/p>\n\n\n\n<p>U slu\u010daju da u vezi s kori\u0161\u0107enjem ove Politike ili u vezi sa ostvarivanjem va\u0161ih prava, koja proizilaze iz ove Politike, imate bilo kakvo pitanje, obratite nam se na e-mail adresu: shop.rs@sinpeks.com, sa oznakom \u201c Za\u0161tita li\u010dnih podataka\u201d.<\/p>\n\n\n\n<p><strong><u>&nbsp;OSNOVNI POJMOVI<\/u><\/strong><\/p>\n\n\n\n<p>Svaki pojedina\u010dni dole odre\u0111eni pojam ima u okviru ove Politike svrhu, kao \u0161to je odre\u0111ena u ovom poglavlju:<\/p>\n\n\n\n<ul class=\"wp-block-list\">\n<li><strong>Li\u010dni podaci<\/strong>&nbsp;zna\u010de bilo koju informaciju, na osnovu koje se mo\u017ee odrediti pojedinac (ovde spadaju npr. ime, prezime, e-mail, IP adresa, grad, telefonski broj, broj \u017eiro-ra\u010duna);<\/li>\n\n\n\n<li><strong>Kupac&nbsp;\u2013 <\/strong>ozna\u010dava lice koje preko na\u0161e internet prezentacije vr\u0161e kupovinu na\u0161ih proizvoda;<\/li>\n\n\n\n<li><strong>Posetilac \u2013 <\/strong>ozna\u010dava lica koja dolaze na na\u0161u stranicu, bez kupovine proizvoda;<\/li>\n\n\n\n<li><strong>Obrada<\/strong>&nbsp;predstavlja radnje prikupljanja, bele\u017eenja, razvrstavanja, grupisanja, odnosno strukturisanje, pohranjivanje, upodobljavanje ili menjanje, otkrivanje, uvid, upotreba, otkrivanje prenosom, odnosno dostavljanjem, umno\u017eavanje, \u0161irenje ili na drugi na\u010din \u010dinjenje dostupnim, upore\u0111ivanje, ograni\u010davanje, brisanje ili uni\u0161tavanje li\u010dnih podataka;<\/li>\n\n\n\n<li><strong>Usluga \u2013 <\/strong>usluga informacionog dru\u0161tva \u2013 online prodaja prodaja niza proizvoda (ma\u0161ina, ma\u0161ina i opreme) namenjenih za poljoprivredu, \u0161umarstvo, gra\u0111evinarstvo i op\u0161tu upotrebu.<\/li>\n<\/ul>\n\n\n\n<p><strong><u>VRSTA PODATAKA O LI\u010cNOSTI KOJE PRIKUPLJAMO<\/u><\/strong><\/p>\n\n\n\n<p>Platforma prikuplja razli\u010dite podatke u zavisnosti od toga, da li ste korisnik ili posetilac platforme.<\/p>\n\n\n\n<figure class=\"wp-block-table\"><table class=\"has-fixed-layout\"><tbody><tr><td><strong>KUPAC<\/strong><\/td><td><strong>POSETILAC<\/strong><\/td><\/tr><tr><td>Ime i prezime<\/td><td>IP adresa<\/td><\/tr><tr><td>E mail adresa<\/td><td>&nbsp;<\/td><\/tr><tr><td>IP adresa<\/td><td>&nbsp;<\/td><\/tr><tr><td>Broj telefona<\/td><td>&nbsp;<\/td><\/tr><tr><td>Ulica i broj prebivali\u0161ta<\/td><td>&nbsp;<\/td><\/tr><tr><td>Grad i po\u0161tanski broj<\/td><td>&nbsp;<\/td><\/tr><tr><td>Broj \u017eiro-ra\u010duna i\/ili broj kartice<\/td><td>&nbsp;<\/td><\/tr><\/tbody><\/table><\/figure>\n\n\n\n<p><strong><u>NA\u010cIN SKUPLJANJA INFORMACIJA<\/u><\/strong><\/p>\n\n\n\n<p>Platforma mo\u017ee prikupljati Va\u0161e podatke iz slede\u0107ih izvora:<\/p>\n\n\n\n<p><strong>1. Direktno od kupaca, prilikom formiranja narud\u017ebine.<\/strong><\/p>\n\n\n\n<p>Prilikom formiranja Va\u0161e narud\u017ebine, Vi nam ostavljate Va\u0161e li\u010dne podatke i to: ime, prezime, adresa i broj prebivali\u0161ta ili druge adrese gde porud\u017ebina treba da se isporu\u010di, broj telefona i e-mail adresu.<\/p>\n\n\n\n<p><strong>2. Podaci koji se prikupljaju od posetilaca Portala<\/strong><\/p>\n\n\n\n<p>Na\u0161a internet prezentacija mo\u017ee primiti ili dobiti informacije (na primer, adresu e-po\u0161te ili IP adresu) o osobi koja nije jo\u0161 uvek Kupac, na primer kada se posetilac samo pregleda sadr\u017eaj na na\u0161oj internet prezentaciji.<\/p>\n\n\n\n<p><strong><u>SVRHA OBRADE I&nbsp; PRAVNI OSNOV ZA PRIKUPLJANJE PODATAKA<\/u><\/strong><\/p>\n\n\n\n<p>Mi koristimo Va\u0161e podatke da bismo uspe\u0161no obradili Va\u0161u narud\u017ebinu. Uz pomo\u0107 tih podataka bi\u0107emo u mogu\u0107nosti da Vam isporu\u010dimo \u017eeljenu robu, kao i da Vas obavestimo o trenutnom statusu narud\u017ebine.<\/p>\n\n\n\n<p>Platforma koristi Va\u0161e podatke za slede\u0107e svrhe:<\/p>\n\n\n\n<p>-Kreiranje korisni\u010dkih naloga;<\/p>\n\n\n\n<p>-Pru\u017eanje osnovnih usluga;<\/p>\n\n\n\n<p>-Korisni\u010dke podr\u0161ke;<\/p>\n\n\n\n<p>-Komunikacije sa korisnicima;<\/p>\n\n\n\n<p>-Re\u0161avanje reklamacija po zahtevu korisnika;<\/p>\n\n\n\n<p>-Povrat novca u slu\u010daju odustanka od kupovine;<\/p>\n\n\n\n<p>-Ponude novih usluga i promocija;<\/p>\n\n\n\n<p>-Pobolj\u0161anja kvaliteta pru\u017eene usluge \u2013 prilago\u0111avanje sadr\u017eaja prema karakteristikama, ciljevima i mogu\u0107nostima korisnika;<\/p>\n\n\n\n<p>Va\u0161e podatke o li\u010dnosti obra\u0111uje na osnovu slede\u0107ih pravnih osnova:<\/p>\n\n\n\n<p>&#8211; obrada Va\u0161ih li\u010dnih podataka potrebna je za ispunjenje ugovora, kome ste pristupili tj. pru\u017eanje na\u0161ih usluga i to: ime, prezime, adresa za isporuku robe, broj telefona, email adresa, kao i broj \u017eiro-ra\u010duna u slu\u010daju pla\u0107anja preko ra\u010duna ili povrata novca zbog reklamacije ili odustanka od kupovine;<\/p>\n\n\n\n<p>&#8211; obrada Va\u0161ih li\u010dnih podataka obrada je neophodna u cilju ostvarivanja legitimnih interesa rukovaoca poput direktnog marketinga i to: email adresa i broj telefona;<\/p>\n\n\n\n<p>&#8211; obrada Va\u0161ih li\u010dnih podataka se vr\u0161i na osnovu Va\u0161e saglasnosti za odre\u0111enu svrhu obrade, pri \u010demu imate u svakom trenutku pravo da datu saglasnost povu\u010dete i to: IP adresa (vi\u0161e u Politici kola\u010di\u0107a (link));&nbsp;&nbsp;<\/p>\n\n\n\n<p>Dostavljanje li\u010dnih podataka, koji su nam potrebni za ispunjenje ugovora je dobrovoljno.<br>Upozoravamo vas da u slu\u010daju, da nam ne dostavite sve li\u010dne podatke, koji su nam potrebni za<br>pru\u017eanje usluge takvu uslugu ne\u0107emo mo\u0107i da obezbedimo.<\/p>\n\n\n\n<p><strong><u>KORISNICI PODATAKA<\/u><\/strong><\/p>\n\n\n\n<p>Pristup i obradu Va\u0161ih podataka vr\u0161i\u0107e lica zaposlena u SINPEKS d.o.o., kao vlasniku Platforme, kao i obra\u0111iva\u010di sa kojima SINPEKS d.o.o. ima saradnju (fizi\u010dko ili pravno lice, koje obra\u0111uje podatke o li\u010dnosti u ime rukovaoca). SINPEKS d.o.o kao rukovalac sara\u0111uje sa raznim slu\u017ebama za kargo dostavu u ovisnosti ugovora.<\/p>\n\n\n\n<p><strong><u>VREME \u010cUVANJA VA\u0160IH PODATAKA<\/u><\/strong><\/p>\n\n\n\n<p>Zadr\u017eavamo va\u0161e informacije samo onoliko koliko nam je potrebno da vam pru\u017eimo uslugu i ispunjavamo svrhe opisane u ovoj politici, dakle dokle god ne primite poru\u010denu robu. Kada se vi\u0161e ne ispunjavaju uslovi za zadr\u017eavanje ovih podataka, iste bri\u0161emo i uklanjamo iz na\u0161ih baza podataka najkasnije u roku od 5 godina od dana kada ste nam Va\u0161e podatke dali.<\/p>\n\n\n\n<p><strong><u>ZA\u0160TITA VA\u0160IH LI\u010cNIH PODATAKA<\/u><\/strong><\/p>\n\n\n\n<p>Platforma \u0161titi Va\u0161e podatke kori\u0161\u0107enjem slede\u0107ih mera za\u0161tite:<\/p>\n\n\n\n<p>1. Enkriptujemo i \u010duvamo u sigurnom oblaku Va\u0161e li\u010dne podatke, koje su nam dati kao \u0161to su ime, prezime, telefonski broj, email, IP adresa, broj \u017eiro-ra\u010duna. Pratimo op\u0161te prihva\u0107ene industrijske standarde da bismo za\u0161titili li\u010dne podatke koji su nam dostavljeni, i tokom prenosa i nakon njihovog prijema, kao \u0161to su razne bezbednosne tehnologije i postupci u cilju spre\u010davanja gubitka, zloupotrebe, neovla\u0161\u0107enog pristupa ili otkrivanja informacija &#8211; na primer, koristimo tehnologiju \u0161ifriranja kao \u0161to je SSL-Secure Sockets Layer da bismo za\u0161titili odre\u0111ene osetljive informacije kao \u0161to su podaci o lokaciji i bezbednost transportnog sloja TLS 1.2 za \u0161ifrovanje podataka od aplikacije do servera. Na\u017ealost, nijedan na\u010din prenosa putem Interneta ili na\u010din elektronskog skladi\u0161tenja nije 100% siguran. Redovno pratimo na\u0161e sisteme radi mogu\u0107ih ranjivosti i napada. Me\u0111utim, ne mo\u017eemo garantovati sigurnost bilo kog podatka koji nam po\u0161aljete. Stoga, iako se trudimo da za\u0161titimo Va\u0161e li\u010dne podatke, ne mo\u017eemo garantovati njegovu apsolutnu sigurnost&nbsp;.<\/p>\n\n\n\n<p>2. Radi sigurnosti va\u0161ih li\u010dnih podataka smo usvojili odgovaraju\u0107e tehni\u010dke i organizacione mere, gde spadaju naro\u010dito:<\/p>\n\n\n\n<ul class=\"wp-block-list\">\n<li>redovno i efikasno a\u017euriranje programske i ra\u010dunarske opreme, gde \u010duvamo va\u0161e li\u010dne<br>podatke,<\/li>\n\n\n\n<li>za\u0161tita pristupa li\u010dnim podacima,<\/li>\n\n\n\n<li>izrade sigurnosnih kopija,<\/li>\n\n\n\n<li>obrazovanje zaposlenih, koji u okviru svog rada obra\u0111uju li\u010dne podatke,<\/li>\n\n\n\n<li>nadzor i odgovaraju\u0107e preduzimanje mera u slu\u010daju eventualnih sigurnosnih incidenata, kojima spre\u010davamo ili ograni\u010davamo nastanak \u0161tete za li\u010dne podatke.<\/li>\n<\/ul>\n\n\n\n<p><strong><u>TRANSFER LI\u010cNIH PODATAKA<\/u><\/strong><\/p>\n\n\n\n<p>Ne delimo Va\u0161e li\u010dne podatke sa tre\u0107im licima, osim ako to posebno nije nagla\u0161eno i ako u tom smislu pribavimo izri\u010ditu saglasnost sa va\u0161e strane. SINPEKS d.o.o. ne\u0107e iznajmiti ili prodati Va\u0161e podatke koji mogu li\u010dno da vas identifikuju drugima.<\/p>\n\n\n\n<p><strong><u>LINKOVI KA TRE\u0106IM LICIMA<\/u><\/strong><\/p>\n\n\n\n<p>SINPEKS d.o.o. na svojoj veb stranici putem linkova Vam daje mogu\u0107nost povezivanja sa drugim veb stranicama (Instagram), &nbsp;ba\u0161 kao \u0161to se te stranice mogu povezati sa na\u0161om.<\/p>\n\n\n\n<p>Va\u017eno je da znate da druge veb stranice funkcioni\u0161u u skladu sa njihovim Uslovima kori\u0161\u0107enja i Pravilima privatnosti i da SINPEKS d.o.o. nema kontrolu nad istima, da ne poseduje njihove podatke, niti mo\u017ee da garantuje, ili da bude odgovoran za bilo koji sadr\u017eaj, reklamu, proizvode ili druge materijale koji su dostupni na tim veb stranicama.<\/p>\n\n\n\n<p><strong><u>&nbsp;VA\u0160A PRAVA<\/u><\/strong><\/p>\n\n\n\n<p>U pogledu obrade li\u010dnih podataka imate slede\u0107a prava:<\/p>\n\n\n\n<p>1. <strong><u>d<\/u><\/strong><strong><u>a Vam omogu\u0107imo pristup va\u0161im podacima o li\u010dnosti<\/u><\/strong><\/p>\n\n\n\n<p>U svakom trenutku imate pravo da od nas zahtevate da pristupite podacima o li\u010dnosti, dobijete informaciju u koju svrhu se podaci koriste i obra\u0111uju, kategoriju va\u0161ih podataka o li\u010dnosti koje \u010duvamo, period tokom kojeg obra\u0111ujemo i \u010duvamo Va\u0161e podatke. Isto tako od nas mo\u017eete dobiti informaciju o tre\u0107oj i kategoriji tre\u0107e strane sa kojima delimo Va\u0161e podatke;<\/p>\n\n\n\n<p>2. <strong><u>da Vam damo kopiju podataka o li\u010dnosti koje obra\u0111ujemo<\/u><\/strong><\/p>\n\n\n\n<p>Imate pravo da od nas zahtevate da Vam damo kopiju pojedinih ili svih podataka o li\u010dnosti koje obra\u0111ujemo. Kopiju Vam mo\u017eemo dostaviti elektronskim putem, uobi\u010dajeno kori\u0161\u0107enom elektronskom obliku, osim ukoliko ne zahtevate Vam se kopija dostavi na drugi na\u010din.<\/p>\n\n\n\n<p>3. <strong><u>da zahtevate ispravku i dopunu va\u0161ih podataka o li\u010dnosti<\/u><\/strong><\/p>\n\n\n\n<p>Bitno nam je da su Va\u0161i podaci ta\u010dni i potpuni. Imate pravo da zahtevate da se Va\u0161i neta\u010dno uneti podaci bez odlaganje izbri\u0161u odnosno isprave kao i da tra\u017eite od nas da Vam ih dopunimo i a\u017euriramo ukoliko su zastareli;<\/p>\n\n\n\n<p>4. <strong><u>da zahtevate brisanje podataka o li\u010dnosti<\/u><\/strong><\/p>\n\n\n\n<p>U slu\u010daju da \u017eelite da se va\u0161i podaci obri\u0161u odnosno \u017eelite da prekinemo obradu istih mo\u017eete nam se obratiti. U slu\u010daju da su va\u0161i podaci neophodni da bi se izvr\u0161ile ugovorne obaveze prema Vama a zatra\u017eite brisanje podataka, skre\u0107emo pa\u017enju da u tom slu\u010daju ugovorne obaveze mo\u017eda ne\u0107e biti ispunjene.<\/p>\n\n\n\n<p>5. <strong><u>da ograni\u010dite obradu Va\u0161ih podataka o li\u010dnosti nama ili tre\u0107oj strani u odre\u0111enom delu ili u potpunosti u slu\u010daju:<\/u><\/strong><\/p>\n\n\n\n<p>da osporavate ta\u010dnost podataka o li\u010dnosti koji se na Vas odnose, u slu\u010daju da je obrada nezakonita a Vi se protivite brisanju i zahtevate oganji\u010denje upotrebe, ukoliko nam vi\u0161e nisu potrebni ali ih vi tra\u017eite u cilju podno\u0161enja,ostvarivanja ili odbrane pravnog zahteva, ukoliko ste podneli prigovor na obradu podataka u skladu sa \u010dlanom 37. stav 1. Zakona o za\u0161titi podataka li\u010dnosti a u toku je procenjivanje da li pravni osnov za obradu od strane rukovaoca prete\u017ee nad va\u0161im interesima.<\/p>\n\n\n\n<p><strong>6.<\/strong> <strong><u>da podnesete pravo na prigovor<\/u><\/strong><\/p>\n\n\n\n<p>Jako je va\u017eno da znate, da u svakom trenutku imate pravo da podnesete prigovor na obradu Va\u0161ih podataka. Isto tako imate pravo da u svakom trenutku podnesete prigovor na obradu Va\u0161ih podataka o li\u010dnosti koji se obra\u0111uju za potrebe direktnog ogla\u0161avanja, uklju\u010duju\u0107i i profilisanje u meri u kojoj je ono povezano da takvim direktnim ogla\u0161avanjem.<\/p>\n\n\n\n<p><strong>7. <u>d<\/u><\/strong><strong><u>a prenesete svoje podatke drugom rukovaocu<\/u><\/strong><\/p>\n\n\n\n<p><strong>&nbsp;<\/strong>Ukoliko se obrada podataka vr\u0161i na osnovu va\u0161eg pristanka ili se obrada vr\u0161i automatizovano imate pravo da tra\u017eite od na\u0161e ustanove da se Va\u0161i podaci o li\u010dnosti prebace drugom rukovaocu.<\/p>\n\n\n\n<p><strong>8<\/strong>.<strong><u> <\/u><\/strong><strong><u>da opozovete pristanak za obradu va\u0161ih podataka o li\u010dnosti<\/u><\/strong><\/p>\n\n\n\n<p>Kada se obrada vr\u0161i na osnovu Va\u0161eg pristanka u svakom trenutku imate pravo da ga opozovete. Skre\u0107emo pa\u017enju da u slu\u010daju da opozovete Va\u0161 pristanak opoziv ne uti\u010de na dopu\u0161tenost obrade koja je vr\u0161ena na osnovu va\u0161eg pristanka pre opoziva.<\/p>\n\n\n\n<p>9.&nbsp;<strong>da podnesete tu\u017ebu Povereniku<\/strong><\/p>\n\n\n\n<p>U slu\u010daju da smatrate da se obrada podataka vr\u0161i suprotno Zakonu imate pravo na podno\u0161enje pritu\u017ebe Povereniku za za\u0161titu podataka li\u010dnosti.<\/p>\n\n\n\n<p>Napred pobrojana prava mo\u017eete ostvariti kontaktiranjem na slede\u0107e na\u010dine: e-mail adresa: shop.rs@sinpeks.com ili po\u0161tom na adresu sedi\u0161ta Rukovaoca, SINPEKS d.o.o. Markovac, ulica 8. Oktobra br.15,11325 Markovac.<\/p>\n\n\n\n<p><strong><u>NADLE\u017dNI ORGAN<\/u><\/strong><\/p>\n\n\n\n<p>Nadle\u017eni organ za za\u0161titu podataka o li\u010dnosti je Poverenik za informacije od javnog zna\u010daja i za\u0161titu podataka o li\u010dnosti Republike Srbije. Organu se mo\u017eete obratiti na adresi Bulevar kralja Aleksandra broj 15, 11000 Beograd, Republika Srbija ili e mailom na <a href=\"mailto:office@poverenik.rs\">office@poverenik.rs<\/a> ili telefonom na +381 11 442 6401.<\/p>\n\n\n\n<p><strong>ZAVR\u0160NE ODREDBE<\/strong><\/p>\n\n\n\n<p>Ova Politika se primenjuje od <strong>2024<\/strong> godine. U slu\u010daju promena o tome \u0107emo vas prethodno obavestiti. Smatra se da ste saglasni sa novom verzijom ove Politike, ako nastavite sa kori\u0161\u0107enjem na\u0161eg portala i aplikacije, koje odre\u0111uje ova Politika, s obzirom da na snagu stupu nova verzija ove Politike<strong>.<\/strong><\/p>\n\n\n\n<hr class=\"wp-block-separator has-alpha-channel-opacity\"\/>\n","protected":false},"excerpt":{"rendered":"<p>KO SMO MI? Vlasnik platforme www.sinpeks.com\/rs je privredno dru\u0161tvo \u201cSINPEKS\u201d d.o.o., 8.Oktobra br.15 11325 Markovac, MB: 21720364, PIB: 112692366, koga zastupa direktor Velibor Miti\u0107, kontakt telefon:+381 60 322 3884, e-mail adresa: info@sinpeks.rs SINPEKS d.o.o. je rukovalac Va\u0161ih li\u010dnih podataka i odgovoran za obradu i \u010duvanje Va\u0161ih li\u010dnih podataka. Mi po\u0161tujemo va\u0161u privatnost i bri\u017eno \u010duvamo [&hellip;]<\/p>\n","protected":false},"author":1,"featured_media":0,"parent":0,"menu_order":0,"comment_status":"closed","ping_status":"open","template":"","meta":{"_acf_changed":false,"footnotes":""},"class_list":["post-3","page","type-page","status-publish","hentry"],"acf":[],"_links":{"self":[{"href":"https:\/\/www.sinpeks.com\/rs\/wp-json\/wp\/v2\/pages\/3","targetHints":{"allow":["GET"]}}],"collection":[{"href":"https:\/\/www.sinpeks.com\/rs\/wp-json\/wp\/v2\/pages"}],"about":[{"href":"https:\/\/www.sinpeks.com\/rs\/wp-json\/wp\/v2\/types\/page"}],"author":[{"embeddable":true,"href":"https:\/\/www.sinpeks.com\/rs\/wp-json\/wp\/v2\/users\/1"}],"replies":[{"embeddable":true,"href":"https:\/\/www.sinpeks.com\/rs\/wp-json\/wp\/v2\/comments?post=3"}],"version-history":[{"count":0,"href":"https:\/\/www.sinpeks.com\/rs\/wp-json\/wp\/v2\/pages\/3\/revisions"}],"wp:attachment":[{"href":"https:\/\/www.sinpeks.com\/rs\/wp-json\/wp\/v2\/media?parent=3"}],"curies":[{"name":"wp","href":"https:\/\/api.w.org\/{rel}","templated":true}]}}