{"id":17638,"date":"2025-04-01T09:28:23","date_gmt":"2025-04-01T09:28:23","guid":{"rendered":"https:\/\/www.sinpeks.com\/rs\/?page_id=17638"},"modified":"2025-04-02T15:46:46","modified_gmt":"2025-04-02T15:46:46","slug":"impressum","status":"publish","type":"page","link":"https:\/\/www.sinpeks.com\/rs\/impressum\/","title":{"rendered":"Impressum"},"content":{"rendered":"\n<p><strong>Sinpeks d.o.o.<\/strong><\/p>\n\n\n\n<p>8. Oktobar 15<\/p>\n\n\n\n<p>11325 Markovac<\/p>\n\n\n\n<p><strong>Mati\u010dni broj firme:<\/strong> 21720364<\/p>\n\n\n\n<p><strong>PIB<\/strong>: 112692366<\/p>\n\n\n\n<p><strong>Nadle\u017eni sud:<\/strong> Op\u0161tinski sud Velika Plana<\/p>\n\n\n\n<p><strong>Zastupa:<\/strong> Velibor Miti\u0107<\/p>\n\n\n\n<p><strong>\u010clanovi:<\/strong> SINPEKS doo Bitola, Makedonija, udeo 100%<\/p>\n\n\n\n<p><strong>Osnovanje firme:<\/strong> 29.09.2021 godine, broj re\u0161enja: \u0411\u0414 79485\/2021<\/p>\n\n\n\n<p><strong>Kontakt<\/strong><\/p>\n\n\n\n<p>Telefon: +381 11 442 6400<\/p>\n\n\n\n<p>E-mail: shop.rs@sinpeks.com<\/p>\n","protected":false},"excerpt":{"rendered":"<p>Sinpeks d.o.o. 8. Oktobar 15 11325 Markovac Mati\u010dni broj firme: 21720364 PIB: 112692366 Nadle\u017eni sud: Op\u0161tinski sud Velika Plana Zastupa: Velibor Miti\u0107 \u010clanovi: SINPEKS doo Bitola, Makedonija, udeo 100% Osnovanje firme: 29.09.2021 godine, broj re\u0161enja: \u0411\u0414 79485\/2021 Kontakt Telefon: +381 11 442 6400 E-mail: shop.rs@sinpeks.com<\/p>\n","protected":false},"author":1,"featured_media":0,"parent":0,"menu_order":0,"comment_status":"closed","ping_status":"closed","template":"","meta":{"_acf_changed":false,"footnotes":""},"class_list":["post-17638","page","type-page","status-publish","hentry"],"acf":[],"_links":{"self":[{"href":"https:\/\/www.sinpeks.com\/rs\/wp-json\/wp\/v2\/pages\/17638","targetHints":{"allow":["GET"]}}],"collection":[{"href":"https:\/\/www.sinpeks.com\/rs\/wp-json\/wp\/v2\/pages"}],"about":[{"href":"https:\/\/www.sinpeks.com\/rs\/wp-json\/wp\/v2\/types\/page"}],"author":[{"embeddable":true,"href":"https:\/\/www.sinpeks.com\/rs\/wp-json\/wp\/v2\/users\/1"}],"replies":[{"embeddable":true,"href":"https:\/\/www.sinpeks.com\/rs\/wp-json\/wp\/v2\/comments?post=17638"}],"version-history":[{"count":0,"href":"https:\/\/www.sinpeks.com\/rs\/wp-json\/wp\/v2\/pages\/17638\/revisions"}],"wp:attachment":[{"href":"https:\/\/www.sinpeks.com\/rs\/wp-json\/wp\/v2\/media?parent=17638"}],"curies":[{"name":"wp","href":"https:\/\/api.w.org\/{rel}","templated":true}]}}