{"id":15566,"date":"2025-03-04T13:21:19","date_gmt":"2025-03-04T13:21:19","guid":{"rendered":"https:\/\/www.sinpeks.com\/rs\/?page_id=15566"},"modified":"2025-04-01T21:08:13","modified_gmt":"2025-04-01T21:08:13","slug":"opsti-uslovi-koriscenja","status":"publish","type":"page","link":"https:\/\/www.sinpeks.com\/rs\/opsti-uslovi-koriscenja\/","title":{"rendered":"Op\u0161ti uslovi kori\u0161\u0107enja"},"content":{"rendered":"\n<p>Ovaj dokument i Politika privatnosti \u010dine na\u0161a pravila o kori\u0161\u0107enju usluga na\u0161e internet Prodavnice i predstavljaju op\u0161te uslove za Kupce, na\u010din registracije Kupaca, prava i obaveze Kupaca, na\u010din kupovine, na\u010din pla\u0107anja, za\u0161tita autorskog i srodnih prava, i ostala bitna pitanja koja su od zna\u010daja za funkcionisanje i kori\u0161\u0107enje internet Prodavnice (<em>skra\u0107eno: Pravila<\/em>).<\/p>\n\n\n\n<p>Pravila su pravno obavezuju\u0107i ugovor po pristupu izme\u0111u Vas i SINPEKS d.o.o. Ovaj ugovor odre\u0111uje Va\u0161a prava i odgovornosti kada koristite internet prodavnicu koja se nalazi na veb adresi: www.sinpeks.com\/rs (<em>u daljem tekstu: &#8222;Usluge&#8220;<\/em>), pa Vas molimo da ih pa\u017eljivo pro\u010ditate. Koriste\u0107i bilo koju od na\u0161ih Usluga (\u010dak i ako samo pregledate neku od na\u0161ih veb stranica), sla\u017eete se sa ovim Pravilima.<\/p>\n\n\n\n<p>SINPEKS d.o.o se obavezuje da \u0107e Kupcima pru\u017eati usluge definisane ovim Pravilima i uslovima, na na\u010din i sa ograni\u010denjima opisanim u ovim Pravilima i uslovima, a u skladu sa va\u017ee\u0107im propisima Republike Srbije. Kupci se obavezuju da \u0107e prilikom kori\u0161\u0107enja Platforme u svemu po\u0161tovati ova Pravila i uslove. Ugovorne strane su saglasne da je zaradi ispunjenja navedenih obaveza neophodno da SINPEKS d.o.o. prikuplja, obra\u0111uje i \u010duva li\u010dne podatke Kupaca, u skladu sa va\u017ee\u0107im propisima Republike Srbije i\u00a0<a href=\"https:\/\/www.sinpeks.com\/rs\/politika-privatnosti\/\" data-type=\"link\" data-id=\"https:\/\/www.sinpeks.com\/rs\/politika-privatnosti\/\"><strong>Politikom privatnosti<\/strong><\/a>,\u00a0koja je dostupna na uvid svim Kupcima.<\/p>\n\n\n\n<p><strong>1. Pru\u017ealac usluga<\/strong><\/p>\n\n\n\n<p>Internet prodavnica, koja se nalazi na veb adresi: www.sinpeks.com\/rs je u isklju\u010divom vlasni\u0161tvu privrednog dru\u0161tva SINPEKS d.o.o., ul. 8.Oktobra br.15,11325 Markovac, mati\u010dni broj: 21720364, PIB: 112692366, koga zastupa direktor Velibor Miti\u0107 upisan u registar Agencije za privredne registre Republike Srbije, e mail: shop.rs@sinpeks.com u daljem tekstu \u201cSINPEKS\u201d ili \u201cKompanija\u201d, koji za cilj ima pru\u017eanje usluga, ovde bli\u017ee odre\u0111enih.<\/p>\n\n\n\n<p><strong>2. Opis usluga<\/strong><\/p>\n\n\n\n<p>Kompanija je pru\u017ealac usluge informacionog dru\u0161tva (<em>u skladu sa odredbama \u010dlana 3. Zakona o elektronskoj trgovini Republike Srbije, &#8222;Sl. glasnik RS&#8220;, br. 52\/2019<\/em>). Putem Internet prodavnice Kompanija pru\u017ea uslugu informacionog dru\u0161tva &#8211; online prodaja visokokvalitetne proizvode kao poljoprivrednu mehanizaciju, gra\u0111evinsku mehanizaciju, vilju\u0161kare, razne alate i ma\u0161ine.<\/p>\n\n\n\n<p><strong>3. Uslovi za kupovinu<\/strong><\/p>\n\n\n\n<p>Pod korisnicima usluga Internet prodavnice smatraju se: 1. Posetioci &#8211; osoba koja pristupa Interent prodavnici bez prijave i registracije i bez kupovine; 2. Registrovani korisnici -fizi\u010dka lica i pravna lica koja se registruju i imaju svoj nalog na Internet prodavnici; 3.Neregistrovani korisnici- fizi\u010dka ili pravna lica, koja nemaju svoj nalog na Internet prodavnici, ali kupuju proizvode ponu\u0111ene u Internet prodavnici.<\/p>\n\n\n\n<p>Kupci na www.sinpeks.com\/rs mogu biti punoletne osobe sa prebivali\u0161tem u Republici Srbiji koje prihvataju na\u0161e uslove poslovanja, \u0161to potvr\u0111uju poru\u010divanjem artikala.<\/p>\n\n\n\n<p>Za kori\u0161\u0107enje usluga internet prodavnice neophodno je da Kupac ima napravljen korisni\u010dki nalog. Kupac koji ima registrovan korisni\u010dki nalog, mo\u017ee u svakom trenutku preko istog proveriti status porud\u017ebine i ubrzati budu\u0107e kupovine. Otvaranje korisni\u010dkog naloga je besplatno. Korisni\u010dki nalog se mo\u017eete napraviti putem e-mail adrese. Korisnici su u obavezi da sve vreme \u010duvaju pristupnu lozinku koja im je potrebna za kori\u0161\u0107enje Interent prodavnice, kao i da istu nikada ne otkrivaju tre\u0107im licima. Ukoliko prekr\u0161e ovu obavezu, \u010dlanovi to \u010dine na isklju\u010divu sopstvenu odgovornost i snose u potpunosti odgovornost prema o\u0161te\u0107enima, za svaku \u0161tetu nastalu takvim kori\u0161\u0107enjem njihovog naloga.<\/p>\n\n\n\n<p><strong>4. Pravila kori\u0161\u0107enja Prodavnice<\/strong><\/p>\n\n\n\n<p>Na\u0161a Interent prodavnica omogu\u0107ava da kao kupci poru\u010dujete artikle, koji se nalaze u na\u0161em asortimanu (<em>u daljem tekstu: &#8222;Sadr\u017eaj&#8220;<\/em>). Odgovornost za istinitost i ta\u010dnost unetih sadr\u017eaja imaju isklju\u010divo korisnici koji su isti sadr\u017eaj i uneli. Mo\u017eemo, ali nemamo obavezu da nadgledamo, ure\u0111ujemo ili preme\u0161tamo sadr\u017eaj za koji mi smatramo da je prema na\u0161em naho\u0111enju nezakonit, uvredljiv, prete\u0107i, klevetni\u010dki, pornografski ili na drugi na\u010din neprikladan ili kr\u0161i prava intelektualne svojine ili ovih Pravila kori\u0161\u0107enja na\u0161ih usluga.<\/p>\n\n\n\n<p>Sla\u017eete se da Va\u0161 sadr\u017eaj ne\u0107e kr\u0161iti bilo koje pravo bilo koje tre\u0107e strane, uklju\u010duju\u0107i autorska prava, za\u0161ti\u0107ene \u017eigove, privatnost, li\u010dnost ili druga li\u010dna ili privatna prava.<\/p>\n\n\n\n<p><strong>5. <\/strong><strong>Opis proizvoda<\/strong><\/p>\n\n\n\n<p>SINPEKS d.o.o. je distributer i za sve opise i slike proizvoda poku\u0161ano je da se oni opi\u0161u \u0161to bli\u017ee i ta\u010dnije. Me\u0111utim, SINPEKS d.o.o. ne mo\u017ee garantovati da su opisi proizvoda potpuni, ta\u010dni ili bez gre\u0161aka. Ako proizvod koji nudi i prodaje SINPEKS d.o.o. nije u skladu sa opisom, imate pravo da ga vratite neo\u0161te\u0107enog i nekori\u0161\u0107enog.<\/p>\n\n\n\n<p><strong>6. Cene<\/strong><\/p>\n\n\n\n<p>Sve cene su izra\u017eene u srpskim dinarima sa uklju\u010denim PDV-om i ne uklju\u010duju\u0107i tro\u0161kove pakovanja i distribucije. SINPEKS doo Beograd zadr\u017eava pravo promene cena bez prethodne najave u skladu sa politikom kompanije. Prilago\u0111avanje cene se ne\u0107e izvr\u0161iti po porud\u017ebini. Molimo vas da pro\u010ditate na\u0161u Politiku isporuke proizvoda.<\/p>\n\n\n\n<h3 class=\"wp-block-heading\">7.Nedozvoljene aktivnosti<\/h3>\n\n\n\n<p>Kupci su upoznati&nbsp; da kada koriste na\u0161u Interent prodavnicu nije dozvoljeno da:<\/p>\n\n\n\n<ul class=\"wp-block-list\">\n<li>Ometate ili onemogu\u0107avate bilo koje funkcije povezane sa sigurno\u0161\u0107u na sajtu ili funkcije koje spre\u010davaju ili ograni\u010davaju upotrebu ili kopiranje dostupnog sadr\u017eaja<\/li>\n<\/ul>\n\n\n\n<ul class=\"wp-block-list\">\n<li>Objavljujete ili prenosite na internet sajt ili na aplikaciju svaki materijal koji je prete\u0107i, klevetni\u010dki, nepristojan, uvredljiv, pornografski ili zlostavlja\u010dki. Tako\u0111e materijal kojim mo\u017eete inicirati rasnu mr\u017enju, uzrokujete uznemiravanje ili bilo koje neprijatnosti usled kr\u0161enja privatnosti, poverenja odre\u0111enim diskriminacionim, prete\u0107im ili izaziva\u010dkim komentarima<\/li>\n\n\n\n<li>Dajete neta\u010dne informacije koje se ti\u010du li\u010dnih podataka u va\u0161em profilu<\/li>\n\n\n\n<li>Koristite tu\u0111e li\u010dne podatke bez dozvole te osobe ili la\u017eno predstavljate da istupate u ime tre\u0107eg lica, firme ili organizacije<\/li>\n\n\n\n<li>Bavite se bilo kojim nezakonitim ili protivpravnim pona\u0161anjem<\/li>\n\n\n\n<li>Modifikujete, ometate, presre\u0107ete ili hakujete internet sajt u cilju njegovog onesposobljavanja<\/li>\n\n\n\n<li>Koristite specijalizovane programe radi preuzimanja sadr\u017eaja sa sajta.<\/li>\n<\/ul>\n\n\n\n<p><strong>8. Isklju\u010denje odgovornosti<\/strong><strong><\/strong><\/p>\n\n\n\n<p>SINPEKS d.o.o. isklju\u010duje sopstvenu odgovornost u skladu sa slede\u0107im \u010dlanovima Zakona o elektronskoj trgovini Republike Srbije:<\/p>\n\n\n\n<ul class=\"wp-block-list\">\n<li>U skladu sa \u010dlanovima 17. i 18. Zakona o elektronskoj trgovini Republike Srbije, SINPEKS d.o.o. nije odgovoran za sadr\u017eaj podataka skladi\u0161tenih u bazi podataka registrovanih korisnika;<\/li>\n\n\n\n<li>U skladu sa \u010dlanom 20. Zakona o elektronskoj trgovini Republike Srbije, SINPEKS d.o.o nije du\u017ean da pregleda podatke koje je skladi\u0161tio, preneo ili u\u010dinio dostupnim, odnosno da ispituje okolnosti koje bi upu\u0107ivale na nedopustivo delovanje korisnika usluga.<\/li>\n<\/ul>\n\n\n\n<p>Iz razloga vi\u0161e sile ili tehni\u010dkih problema, mogu\u0107e je da Prodavnica nije dostupna svima ili nekom delu korisnika u toku odre\u0111enih vremenskih perioda. Za kontakt sa korisni\u010dkim timom SINPEKS d.o.o. (administracijom) korisnici se upu\u0107uju na e-mail adresu: shop.rs@sinpeks.com.<\/p>\n\n\n\n<p><strong>9. Autorska prava<\/strong><strong><\/strong><\/p>\n\n\n\n<p>SINPEKS d.o.o. ima isklju\u010divo autorsko pravo i prava intelektualne svojine nad sadr\u017eajem koji se nalazi na veb adresi: www.sinpeks.com\/rs, uklju\u010duju\u0107i sve pojedine elemente: tekstualni, audio i video sadr\u017eaji, vizuelni identitet, programski kod, baze podataka i drugi elementi internet stranice, gde je autor SINPEKS d.o.o. Svako neovla\u0161\u0107eno kori\u0161\u0107enje internet stranice\/prodavnice bilo kog njenog elementa bez pisane saglasnosti SINPEKS d.o.o. kao nosioca isklju\u010divih autorskih prava, smatra se povredom autorskih prava SINPEKS d.o.o.<\/p>\n\n\n\n<p>Internet stranica\/prodavnica mo\u017ee sadr\u017eati i elemente na kojima isklju\u010diva autorska i druga prava intelektualne svojine imaju druga lica, koja imaju isklju\u010divu odgovornost za sadr\u017eaj na kojem su nosioci tih prava, bez obzira na to \u0161to se sadr\u017eaj nalazi na internet stranici SINPEKS d.o.o. ima isklju\u010divu odgovornost samo za sadr\u017eaj na kojem ima autorska prava.<\/p>\n\n\n\n<p><strong><u>10.Odricanje od odgovornosti<\/u><\/strong><\/p>\n\n\n\n<p>U maksimalnom stepenu dozvoljenom zakonom, SINPEKS d.o.o., njegovi dobavlja\u010di ili tre\u0107a lica pomenuta na ovom sajtu ni u kom slu\u010daju ne\u0107e biti odgovorni za bilo kakvu \u0161tetu (uklju\u010duju\u0107i, ali ne i isklju\u010divo, direktnu, indirektnu, slu\u010dajnu, posledi\u010dnu, posebnu \u0161tetu, ili takvu koja nastaje usled gubitka profila, gubitka podataka ili prekida poslovnog procesa) koja nastaje kao posledica upotrebe, odlaganja ili nemogu\u0107nosti upotrebe, ili rezultata upotrebe ovog sajta, sajtova na koje vode linkovi sa ovog sajta ili sadr\u017eaja objavljenog ovde ili na drugim pomenutim sajtovima, bez obzira da li je zasnovana na garanciji, ugovoru ili drugom pravnom sredstvu ili da li je klijent bio obave\u0161ten o mogu\u0107nosti takve \u0161tete. Ukoliko va\u0161a upotreba materijala, informacija ili usluga sa ovog sajta rezultira potrebom za servisiranjem ili popravkom opreme ili podataka, Vi ste odgovorni za nastale tro\u0161kove.<\/p>\n\n\n\n<p><strong><u>11. Pravila o nadle\u017enosti<\/u><\/strong><\/p>\n\n\n\n<p>U slu\u010daju bilo kakvog spora izme\u0111u Vas i SINPEKS d.o.o., bi\u0107e nadle\u017eno pravo Republike Srbije i mesno nadle\u017ean sud u Republici Srbiji. Kori\u0161\u0107enjem na\u0161ih Usluga sla\u017eete se da \u0107emo u slu\u010daju spora poku\u0161ati da spor re\u0161imo mirnim putem kroz medijaciju.<\/p>\n\n\n\n<p><strong><u>12. Ostalo<\/u><\/strong><\/p>\n\n\n\n<p>SINPEKS d.o.o. mo\u017ee u svakom trenutku izmeniti ova Pravila tako \u0161to \u0107e a\u017eurirati ovaj tekst. Vi \u0107ete automatski biti obavezani novim Pravilima kori\u0161\u0107enja sadr\u017eanim u izmenama, te bi iz tog razloga trebalo da periodi\u010dno posetite ovu stranicu radi upoznavanja sa trenutno va\u017ee\u0107im Pravilima i uslovima kori\u0161\u0107enja.<\/p>\n","protected":false},"excerpt":{"rendered":"<p>Ovaj dokument i Politika privatnosti \u010dine na\u0161a pravila o kori\u0161\u0107enju usluga na\u0161e internet Prodavnice i predstavljaju op\u0161te uslove za Kupce, na\u010din registracije Kupaca, prava i obaveze Kupaca, na\u010din kupovine, na\u010din pla\u0107anja, za\u0161tita autorskog i srodnih prava, i ostala bitna pitanja koja su od zna\u010daja za funkcionisanje i kori\u0161\u0107enje internet Prodavnice (skra\u0107eno: Pravila). Pravila su pravno [&hellip;]<\/p>\n","protected":false},"author":1,"featured_media":0,"parent":0,"menu_order":0,"comment_status":"closed","ping_status":"closed","template":"","meta":{"_acf_changed":false,"footnotes":""},"class_list":["post-15566","page","type-page","status-publish","hentry"],"acf":[],"_links":{"self":[{"href":"https:\/\/www.sinpeks.com\/rs\/wp-json\/wp\/v2\/pages\/15566","targetHints":{"allow":["GET"]}}],"collection":[{"href":"https:\/\/www.sinpeks.com\/rs\/wp-json\/wp\/v2\/pages"}],"about":[{"href":"https:\/\/www.sinpeks.com\/rs\/wp-json\/wp\/v2\/types\/page"}],"author":[{"embeddable":true,"href":"https:\/\/www.sinpeks.com\/rs\/wp-json\/wp\/v2\/users\/1"}],"replies":[{"embeddable":true,"href":"https:\/\/www.sinpeks.com\/rs\/wp-json\/wp\/v2\/comments?post=15566"}],"version-history":[{"count":0,"href":"https:\/\/www.sinpeks.com\/rs\/wp-json\/wp\/v2\/pages\/15566\/revisions"}],"wp:attachment":[{"href":"https:\/\/www.sinpeks.com\/rs\/wp-json\/wp\/v2\/media?parent=15566"}],"curies":[{"name":"wp","href":"https:\/\/api.w.org\/{rel}","templated":true}]}}