{"id":10746,"date":"2024-07-13T20:33:49","date_gmt":"2024-07-13T20:33:49","guid":{"rendered":"https:\/\/www.sinpeks.com\/rs\/?page_id=10746"},"modified":"2025-03-31T15:01:06","modified_gmt":"2025-03-31T15:01:06","slug":"o-nama","status":"publish","type":"page","link":"https:\/\/www.sinpeks.com\/rs\/o-nama\/","title":{"rendered":"O nama"},"content":{"rendered":"\n<h2 class=\"wp-block-heading\">Sinpeks &#8211; znak poverenja i simbol iskrenog partnera svakom vrednom \u010doveku<\/h2>\n\n\n\n<p><strong>SINPEKS d.o.o.<\/strong> je privatna kompanija osnovana 1990. godine u Bitolju, specijalizovana za zastupanje, prodaju i servisiranje poljoprivrednih, gra\u0111evinskih, \u0161umarskih i ba\u0161tenskih ma\u0161ina. Osniva\u010d, Svetislav-Slavko Petrovi\u0107, pokrenuo je posao u porodi\u010dnoj ku\u0107i, dovode\u0107i tako globalno priznate brendove u Makedoniju. Tokom vi\u0161e od <strong>35 godina postojanja<\/strong>, SINPEKS je izgradio reputaciju pouzdanog partnera, stekav\u0161i poverenje hiljada klijenata \u0161irom Balkana.<\/p>\n\n\n\n<p>Sa godi\u0161njom prodajom od <strong>preko 600 traktora<\/strong> i <strong>vi\u0161e od 30.000 priklju\u010daka i drugih ma\u0161ina<\/strong>, SINPEKS je danas <strong>najve\u0107i i najuspe\u0161niji prodavac u Makedoniji<\/strong> i zauzima <strong>tre\u0107e mesto na Balkanu<\/strong> po broju prodatih ma\u0161ina. Na\u0161u ponudu \u010dini <strong>vi\u0161e od 7.000 proizvoda<\/strong>, uklju\u010duju\u0107i poljoprivrednu mehanizaciju, gra\u0111evinske i \u0161umarske ma\u0161ine, opremu za ure\u0111enje dvori\u0161ta i ba\u0161ti te alate.<\/p>\n\n\n\n<p>Snagu na\u0161e kompanije \u010dini distributivna mre\u017ea sa nekoliko prodavnica u vlasni\u0161tvu kompanije i <strong>preko 50 ovla\u0161\u0107enih dilera<\/strong>, uz asortiman od <strong>25 renomiranih brendova<\/strong>, me\u0111u kojima su i <strong>John Deere, Husqvarna, Liebherr, Makita, TAFE<\/strong> i mnogi drugi partneri koji su uz nas vi\u0161e od 15 godina. Za\u0161to ne biste bili i vi?<\/p>\n\n\n\n<h2 class=\"wp-block-heading\">Na\u0161a vizija<\/h2>\n\n\n\n<p>SINPEKS je posve\u0107en pru\u017eanju vrhunskih ma\u0161ina koje ispunjavaju globalne standarde. Prioritet nam je zadovoljstvo na\u0161ih klijenata, kojima se trudimo ponuditi raznovrstan izbor visokokvalitetne opreme od renomiranih brendova. <\/p>\n\n\n\n<p>Na\u0161a vizija je da osiguramo sna\u017enu tr\u017ei\u0161nu poziciju pru\u017eanjem naprednih poljoprivrednih, \u0161umarskih i gra\u0111evinskih ma\u0161ina sa najnovijom tehnologijom i izuzetnim poslovnim standardima.<\/p>\n\n\n\n<p>Kvalitet, fer cene i odgovoran pristup poslovanju temelj su na\u0161e filozofije. Verujemo u <strong>po\u0161tene, dugoro\u010dne odnose<\/strong> i <strong>eti\u010dko poslovanje<\/strong>. Na\u0161 posao gradimo sa ljudima i za ljude, skromne, vredne, pouzdane \u2013 one \u010diji su poslovi temelj svakodnevnog \u017eivota. Gledamo ih u o\u010di, govorimo istinu i stojimo uz na\u0161e kupce. Zbog toga je SINPEKS danas simbol poverenja u regionu.<\/p>\n\n\n\n<h2 class=\"wp-block-heading\">Postignu\u0107a<\/h2>\n\n\n\n<p>Ono po \u010demu se ova kompanija razlikuje od konkurencije je na\u0161a <strong>\u017eelja za stalnim inovacijama<\/strong> i razvojem kompanije u celini. Vrednosti koje su duboko usa\u0111ene u na\u0161e svakodnevno poslovanje su \u017eelja za <strong>u\u010denjem i napredovanjem, pomaganjem, nesebi\u010dnost i te\u017enja za postizanjem savr\u0161enstva<\/strong>. To je vidljivo iz brojnih stru\u010dnih sertifikata, diploma, zahvalnica i dostignuc\u0301a na koje smo posebno ponosni.<\/p>\n\n\n\n<figure class=\"wp-block-image size-full\"><img loading=\"lazy\" decoding=\"async\" width=\"1356\" height=\"520\" src=\"https:\/\/www.sinpeks.com\/rs\/wp-content\/uploads\/2024\/09\/sinpeks-o-nama-feat.jpg\" alt=\"Sinpeks o nama feat\" class=\"wp-image-11644\" srcset=\"https:\/\/www.sinpeks.com\/rs\/wp-content\/uploads\/2024\/09\/sinpeks-o-nama-feat.jpg 1356w, https:\/\/www.sinpeks.com\/rs\/wp-content\/uploads\/2024\/09\/sinpeks-o-nama-feat-600x230.jpg 600w, https:\/\/www.sinpeks.com\/rs\/wp-content\/uploads\/2024\/09\/sinpeks-o-nama-feat-800x307.jpg 800w, https:\/\/www.sinpeks.com\/rs\/wp-content\/uploads\/2024\/09\/sinpeks-o-nama-feat-1024x393.jpg 1024w, https:\/\/www.sinpeks.com\/rs\/wp-content\/uploads\/2024\/09\/sinpeks-o-nama-feat-500x192.jpg 500w, https:\/\/www.sinpeks.com\/rs\/wp-content\/uploads\/2024\/09\/sinpeks-o-nama-feat-768x295.jpg 768w\" sizes=\"auto, (max-width: 1356px) 100vw, 1356px\" \/><\/figure>\n","protected":false},"excerpt":{"rendered":"<p>Sinpeks &#8211; znak poverenja i simbol iskrenog partnera svakom vrednom \u010doveku SINPEKS d.o.o. je privatna kompanija osnovana 1990. godine u Bitolju, specijalizovana za zastupanje, prodaju i servisiranje poljoprivrednih, gra\u0111evinskih, \u0161umarskih i ba\u0161tenskih ma\u0161ina. Osniva\u010d, Svetislav-Slavko Petrovi\u0107, pokrenuo je posao u porodi\u010dnoj ku\u0107i, dovode\u0107i tako globalno priznate brendove u Makedoniju. Tokom vi\u0161e od 35 godina postojanja, [&hellip;]<\/p>\n","protected":false},"author":1,"featured_media":0,"parent":0,"menu_order":0,"comment_status":"closed","ping_status":"closed","template":"","meta":{"_acf_changed":false,"footnotes":""},"class_list":["post-10746","page","type-page","status-publish","hentry"],"acf":[],"_links":{"self":[{"href":"https:\/\/www.sinpeks.com\/rs\/wp-json\/wp\/v2\/pages\/10746","targetHints":{"allow":["GET"]}}],"collection":[{"href":"https:\/\/www.sinpeks.com\/rs\/wp-json\/wp\/v2\/pages"}],"about":[{"href":"https:\/\/www.sinpeks.com\/rs\/wp-json\/wp\/v2\/types\/page"}],"author":[{"embeddable":true,"href":"https:\/\/www.sinpeks.com\/rs\/wp-json\/wp\/v2\/users\/1"}],"replies":[{"embeddable":true,"href":"https:\/\/www.sinpeks.com\/rs\/wp-json\/wp\/v2\/comments?post=10746"}],"version-history":[{"count":0,"href":"https:\/\/www.sinpeks.com\/rs\/wp-json\/wp\/v2\/pages\/10746\/revisions"}],"wp:attachment":[{"href":"https:\/\/www.sinpeks.com\/rs\/wp-json\/wp\/v2\/media?parent=10746"}],"curies":[{"name":"wp","href":"https:\/\/api.w.org\/{rel}","templated":true}]}}