{"id":13790,"date":"2025-01-20T18:22:21","date_gmt":"2025-01-20T18:22:21","guid":{"rendered":"https:\/\/sinpeksstaging.com\/p\/akumulatorska-sabljasta-testera-elrs201152-emtop\/"},"modified":"2026-04-02T06:54:01","modified_gmt":"2026-04-02T06:54:01","slug":"akumulatorska-sabljasta-testera-elrs201152-emtop","status":"publish","type":"product","link":"https:\/\/www.sinpeks.com\/mk\/p\/akumulatorska-sabljasta-testera-elrs201152-emtop\/","title":{"rendered":"Akumulatorska sabljasta testera ELRS201152 Emtop"},"content":{"rendered":"<p>Akumulatorska\u00a0sabljasta testera ELRS201152 Emtop koja mo\u017ee da koristi sve Emtop 20V litijumske baterije. Kao dodatak dolazi sa 1 no\u017eem za metal i 1 no\u017eem za drvo.<\/p>\n<p>*Napomena: Ma\u0161ina je bez akumulatora i punja\u010da. Na nju odgovaraju svi 20 V (P20S) Emtop akumulatori i punja\u010di.<\/p>\n","protected":false},"excerpt":{"rendered":"<p>Akumulatorska\u00a0sabljasta testera ELRS201152 Emtop koja mo\u017ee da koristi sve Emtop 20V litijumske baterije. Kao dodatak dolazi sa 1 no\u017eem za metal i 1 no\u017eem za drvo. *Napomena: Ma\u0161ina je bez akumulatora i punja\u010da. Na nju odgovaraju svi 20 V (P20S) Emtop akumulatori i punja\u010di.<\/p>\n","protected":false},"featured_media":19434,"comment_status":"open","ping_status":"closed","template":"","meta":{"_acf_changed":false},"product_brand":[],"product_cat":[4487,4386],"product_tag":[],"class_list":{"0":"post-13790","1":"product","2":"type-product","3":"status-publish","4":"has-post-thumbnail","6":"product_cat-emtop-akcija","7":"product_cat-uncategorized-mk","8":"product_shipping_class-alati-masine-makedonija","9":"pa_b-emtop","10":"pa_market-ba","11":"pa_market-mk","12":"pa_market-rs","14":"first","15":"outofstock","16":"sale","17":"taxable","18":"shipping-taxable","19":"purchasable","20":"product-type-simple"},"acf":[],"seolaxy_ctr_woo_product_custom_meta_description_content":"","_links":{"self":[{"href":"https:\/\/www.sinpeks.com\/mk\/wp-json\/wp\/v2\/product\/13790","targetHints":{"allow":["GET"]}}],"collection":[{"href":"https:\/\/www.sinpeks.com\/mk\/wp-json\/wp\/v2\/product"}],"about":[{"href":"https:\/\/www.sinpeks.com\/mk\/wp-json\/wp\/v2\/types\/product"}],"replies":[{"embeddable":true,"href":"https:\/\/www.sinpeks.com\/mk\/wp-json\/wp\/v2\/comments?post=13790"}],"wp:featuredmedia":[{"embeddable":true,"href":"https:\/\/www.sinpeks.com\/mk\/wp-json\/wp\/v2\/media\/19434"}],"wp:attachment":[{"href":"https:\/\/www.sinpeks.com\/mk\/wp-json\/wp\/v2\/media?parent=13790"}],"wp:term":[{"taxonomy":"product_brand","embeddable":true,"href":"https:\/\/www.sinpeks.com\/mk\/wp-json\/wp\/v2\/product_brand?post=13790"},{"taxonomy":"product_cat","embeddable":true,"href":"https:\/\/www.sinpeks.com\/mk\/wp-json\/wp\/v2\/product_cat?post=13790"},{"taxonomy":"product_tag","embeddable":true,"href":"https:\/\/www.sinpeks.com\/mk\/wp-json\/wp\/v2\/product_tag?post=13790"}],"curies":[{"name":"wp","href":"https:\/\/api.w.org\/{rel}","templated":true}]}}