{"id":12137,"date":"2024-11-19T15:51:19","date_gmt":"2024-11-19T15:51:19","guid":{"rendered":"https:\/\/sinpeksstaging.com\/p\/john-deere-5050d-3\/"},"modified":"2026-04-15T08:12:07","modified_gmt":"2026-04-15T08:12:07","slug":"traktor-john-deere-5050d-2wd-so-kabina","status":"publish","type":"product","link":"https:\/\/www.sinpeks.com\/mk\/p\/traktor-john-deere-5050d-2wd-so-kabina\/","title":{"rendered":"\u0422\u0440\u0430\u043a\u0442\u043e\u0440 John Deere 5050D 2WD \u0441\u043e \u043a\u0430\u0431\u0438\u043d\u0430"},"content":{"rendered":"<p>Traktor John Deere 5050D, kompaktan traktor, mo\u0107an, opremljen servo upravlja\u010dem, prednjim i zadnjim tegovima, kabinom,ima dva izlaza za hidrauliku, duplo kva\u010dilo i gomilu naprednih dodataka i funkcija. Idealan za svakog farmera zbog svoje ekonomi\u010dnosti, agilnosti, upravljanja, a pre svega zbog neospornog kvaliteta John Deere.<\/p>\n","protected":false},"excerpt":{"rendered":"<p>Traktor John Deere 5050D, kompaktan traktor, mo\u0107an, opremljen servo upravlja\u010dem, prednjim i zadnjim tegovima, kabinom,ima dva izlaza za hidrauliku, duplo kva\u010dilo i gomilu naprednih dodataka i funkcija. Idealan za svakog farmera zbog svoje ekonomi\u010dnosti, agilnosti, upravljanja, a pre svega zbog neospornog kvaliteta John Deere.<\/p>\n","protected":false},"featured_media":13107,"comment_status":"open","ping_status":"closed","template":"","meta":{"_acf_changed":false},"product_brand":[],"product_cat":[60],"product_tag":[],"class_list":{"0":"post-12137","1":"product","2":"type-product","3":"status-publish","4":"has-post-thumbnail","6":"product_cat-zemjodelski","7":"product_shipping_class-ostale-kategorije-makedonija","8":"pa_b-john-deere","9":"pa_kabina-so-kabina","10":"pa_klimatizacija-bez-klima","11":"pa_maks-sila-na-podignuvanje-2000-kg","12":"pa_market-mk","13":"pa_menuvac-manuelen-8f-4r","14":"pa_mocnost-na-traktorot-50-ks","15":"pa_pogon-na-traktorot-so-zaden-pogon-2wd","17":"first","18":"outofstock","19":"sale","20":"taxable","21":"shipping-taxable","22":"purchasable","23":"product-type-simple"},"acf":[],"seolaxy_ctr_woo_product_custom_meta_description_content":"","_links":{"self":[{"href":"https:\/\/www.sinpeks.com\/mk\/wp-json\/wp\/v2\/product\/12137","targetHints":{"allow":["GET"]}}],"collection":[{"href":"https:\/\/www.sinpeks.com\/mk\/wp-json\/wp\/v2\/product"}],"about":[{"href":"https:\/\/www.sinpeks.com\/mk\/wp-json\/wp\/v2\/types\/product"}],"replies":[{"embeddable":true,"href":"https:\/\/www.sinpeks.com\/mk\/wp-json\/wp\/v2\/comments?post=12137"}],"wp:featuredmedia":[{"embeddable":true,"href":"https:\/\/www.sinpeks.com\/mk\/wp-json\/wp\/v2\/media\/13107"}],"wp:attachment":[{"href":"https:\/\/www.sinpeks.com\/mk\/wp-json\/wp\/v2\/media?parent=12137"}],"wp:term":[{"taxonomy":"product_brand","embeddable":true,"href":"https:\/\/www.sinpeks.com\/mk\/wp-json\/wp\/v2\/product_brand?post=12137"},{"taxonomy":"product_cat","embeddable":true,"href":"https:\/\/www.sinpeks.com\/mk\/wp-json\/wp\/v2\/product_cat?post=12137"},{"taxonomy":"product_tag","embeddable":true,"href":"https:\/\/www.sinpeks.com\/mk\/wp-json\/wp\/v2\/product_tag?post=12137"}],"curies":[{"name":"wp","href":"https:\/\/api.w.org\/{rel}","templated":true}]}}