{"id":22045,"date":"2026-05-11T11:09:51","date_gmt":"2026-05-11T11:09:51","guid":{"rendered":"https:\/\/www.sinpeks.com\/ba\/?post_type=product&#038;p=22045"},"modified":"2026-05-16T00:56:31","modified_gmt":"2026-05-16T00:56:31","slug":"motorna-busilica-ms400","status":"publish","type":"product","link":"https:\/\/www.sinpeks.com\/ba\/p\/motorna-busilica-ms400\/","title":{"rendered":"Motorna bu\u0161ilica MS400"},"content":{"rendered":"<p>Motorna bu\u0161ilica MS400 sa 3 svrdla idealno je za obavljanje poljoprivrednih ili gra\u0111evinskih radova, u vo\u0107njacima, za postavljanje stubova ograde, kopanje rupa za sadnju ili uzimanje uzoraka tla. O\u0161tra svrdla pre\u010dnika 100, 150 i 200 mm efikasno prodiru u sve vrste tla, a ergonomske ru\u010dke i niske vibracije olak\u0161avaju rad operatera.<\/p>\n","protected":false},"excerpt":{"rendered":"<p>Motorna bu\u0161ilica MS400 sa 3 svrdla idealno je za obavljanje poljoprivrednih ili gra\u0111evinskih radova, u vo\u0107njacima, za postavljanje stubova ograde, kopanje rupa za sadnju ili uzimanje uzoraka tla. O\u0161tra svrdla pre\u010dnika 100, 150 i 200 mm efikasno prodiru u sve vrste tla, a ergonomske ru\u010dke i niske vibracije olak\u0161avaju rad operatera.<\/p>\n","protected":false},"featured_media":22046,"comment_status":"open","ping_status":"closed","template":"","meta":{"_acf_changed":false},"product_brand":[],"product_cat":[3463],"product_tag":[],"class_list":{"0":"post-22045","1":"product","2":"type-product","3":"status-publish","4":"has-post-thumbnail","6":"product_cat-ostalo-bastenski","7":"product_shipping_class-alati-masine-bih","8":"pa_b-agrina","9":"pa_gorivo-benzin","10":"pa_market-ba","11":"pa_market-mk","12":"pa_market-rs","13":"pa_nominalna-snaga-1-5-kw","14":"pa_sistem-paljenja-na-trzaj","16":"first","17":"instock","18":"sale","19":"taxable","20":"shipping-taxable","21":"purchasable","22":"product-type-simple"},"acf":[],"seolaxy_ctr_woo_product_custom_meta_description_content":"","_links":{"self":[{"href":"https:\/\/www.sinpeks.com\/ba\/wp-json\/wp\/v2\/product\/22045","targetHints":{"allow":["GET"]}}],"collection":[{"href":"https:\/\/www.sinpeks.com\/ba\/wp-json\/wp\/v2\/product"}],"about":[{"href":"https:\/\/www.sinpeks.com\/ba\/wp-json\/wp\/v2\/types\/product"}],"replies":[{"embeddable":true,"href":"https:\/\/www.sinpeks.com\/ba\/wp-json\/wp\/v2\/comments?post=22045"}],"wp:featuredmedia":[{"embeddable":true,"href":"https:\/\/www.sinpeks.com\/ba\/wp-json\/wp\/v2\/media\/22046"}],"wp:attachment":[{"href":"https:\/\/www.sinpeks.com\/ba\/wp-json\/wp\/v2\/media?parent=22045"}],"wp:term":[{"taxonomy":"product_brand","embeddable":true,"href":"https:\/\/www.sinpeks.com\/ba\/wp-json\/wp\/v2\/product_brand?post=22045"},{"taxonomy":"product_cat","embeddable":true,"href":"https:\/\/www.sinpeks.com\/ba\/wp-json\/wp\/v2\/product_cat?post=22045"},{"taxonomy":"product_tag","embeddable":true,"href":"https:\/\/www.sinpeks.com\/ba\/wp-json\/wp\/v2\/product_tag?post=22045"}],"curies":[{"name":"wp","href":"https:\/\/api.w.org\/{rel}","templated":true}]}}