{"id":21935,"date":"2026-03-27T11:41:24","date_gmt":"2026-03-27T11:41:24","guid":{"rendered":"https:\/\/www.sinpeks.com\/ba\/?post_type=product&#038;p=21935"},"modified":"2026-05-14T07:33:55","modified_gmt":"2026-05-14T07:33:55","slug":"rasipac-djubriva-400l-kvadrat-sa-kardanom","status":"publish","type":"product","link":"https:\/\/www.sinpeks.com\/ba\/p\/rasipac-djubriva-400l-kvadrat-sa-kardanom\/","title":{"rendered":"Rasipa\u010d \u0111ubriva 400l. kvadrat sa kardanom"},"content":{"rendered":"<p>SHAKTIMAN kvadratni rasipa\u010d gnojiva dizajniran je s kvadratnim lijevkom i sistemom diskova za rasipanje s \u010detiri no\u017ea, savr\u0161enim za primjenu granuliranih ili kristalnih gnojiva. Ova ma\u0161ina osigurava ravnomjernu raspodjelu gnojiva na \u0161irokom podru\u010dju, poma\u017eu\u0107i u maksimiziranju pokrivenosti i efikasnosti na polju. Njegova pouzdana i ujedna\u010dena sposobnost rasipanja \u010dini ga neophodnim alatom za efikasnu gnojidbu.<\/p>\n","protected":false},"excerpt":{"rendered":"<p>SHAKTIMAN kvadratni rasipa\u010d gnojiva dizajniran je s kvadratnim lijevkom i sistemom diskova za rasipanje s \u010detiri no\u017ea, savr\u0161enim za primjenu granuliranih ili kristalnih gnojiva. Ova ma\u0161ina osigurava ravnomjernu raspodjelu gnojiva na \u0161irokom podru\u010dju, poma\u017eu\u0107i u maksimiziranju pokrivenosti i efikasnosti na polju. Njegova pouzdana i ujedna\u010dena sposobnost rasipanja \u010dini ga neophodnim alatom za efikasnu gnojidbu.<\/p>\n","protected":false},"featured_media":21936,"comment_status":"open","ping_status":"closed","template":"","meta":{"_acf_changed":false},"product_brand":[],"product_cat":[83],"product_tag":[],"class_list":{"0":"post-21935","1":"product","2":"type-product","3":"status-publish","4":"has-post-thumbnail","6":"product_cat-rasipaci","7":"product_shipping_class-ostale-kategorije-bih","8":"pa_b-shaktiman","9":"pa_broj-radnih-tijela-5207","10":"pa_market-ba","11":"pa_market-mk","12":"pa_market-rs","13":"pa_min-snaga-traktora-40-ks","14":"pa_radna-sirina-1400cm","15":"pa_tip-rasipaca-sa-jednim-diskom","16":"pa_zapremina-rezervoara-400-l","18":"first","19":"instock","20":"sale","21":"taxable","22":"shipping-taxable","23":"purchasable","24":"product-type-simple"},"acf":[],"seolaxy_ctr_woo_product_custom_meta_description_content":"","_links":{"self":[{"href":"https:\/\/www.sinpeks.com\/ba\/wp-json\/wp\/v2\/product\/21935","targetHints":{"allow":["GET"]}}],"collection":[{"href":"https:\/\/www.sinpeks.com\/ba\/wp-json\/wp\/v2\/product"}],"about":[{"href":"https:\/\/www.sinpeks.com\/ba\/wp-json\/wp\/v2\/types\/product"}],"replies":[{"embeddable":true,"href":"https:\/\/www.sinpeks.com\/ba\/wp-json\/wp\/v2\/comments?post=21935"}],"wp:featuredmedia":[{"embeddable":true,"href":"https:\/\/www.sinpeks.com\/ba\/wp-json\/wp\/v2\/media\/21936"}],"wp:attachment":[{"href":"https:\/\/www.sinpeks.com\/ba\/wp-json\/wp\/v2\/media?parent=21935"}],"wp:term":[{"taxonomy":"product_brand","embeddable":true,"href":"https:\/\/www.sinpeks.com\/ba\/wp-json\/wp\/v2\/product_brand?post=21935"},{"taxonomy":"product_cat","embeddable":true,"href":"https:\/\/www.sinpeks.com\/ba\/wp-json\/wp\/v2\/product_cat?post=21935"},{"taxonomy":"product_tag","embeddable":true,"href":"https:\/\/www.sinpeks.com\/ba\/wp-json\/wp\/v2\/product_tag?post=21935"}],"curies":[{"name":"wp","href":"https:\/\/api.w.org\/{rel}","templated":true}]}}