{"id":21666,"date":"2025-12-25T14:53:56","date_gmt":"2025-12-25T14:53:56","guid":{"rendered":"https:\/\/www.sinpeks.com\/ba\/p\/dizel-agregat-dg15000se3-11kw-agrina-trofazni\/"},"modified":"2026-05-16T00:48:14","modified_gmt":"2026-05-16T00:48:14","slug":"dizel-agregat-dg15000se3-11kw-agrina-trofazni","status":"publish","type":"product","link":"https:\/\/www.sinpeks.com\/ba\/p\/dizel-agregat-dg15000se3-11kw-agrina-trofazni\/","title":{"rendered":"Dizel agregat DG15000SE3 11kW Agrina trofazni"},"content":{"rendered":"<p>Dizel generatorski set za proizvodnju elektri\u010dne energije Agrina opremljen automatskim startom ATS, monofazni + trofazni, sa \u010detverotaktnim motorom sa zra\u010dnim hla\u0111enjem, direktnim ubrizgavanjem i elektri\u010dnim startom. Jedinica je zatvorenog tipa, \u0161to je \u010dini tihom i prenosivom za rad na terenu.<\/p>\n","protected":false},"excerpt":{"rendered":"<p>Dizel generatorski set za proizvodnju elektri\u010dne energije Agrina opremljen automatskim startom ATS, monofazni + trofazni, sa \u010detverotaktnim motorom sa zra\u010dnim hla\u0111enjem, direktnim ubrizgavanjem i elektri\u010dnim startom. Jedinica je zatvorenog tipa, \u0161to je \u010dini tihom i prenosivom za rad na terenu.<\/p>\n","protected":false},"featured_media":21668,"comment_status":"open","ping_status":"closed","template":"","meta":{"_acf_changed":false},"product_brand":[],"product_cat":[215],"product_tag":[],"class_list":{"0":"post-21666","1":"product","2":"type-product","3":"status-publish","4":"has-post-thumbnail","6":"product_cat-agregati-za-struju","7":"product_shipping_class-alati-masine-bih","8":"pa_b-agrina","9":"pa_gorivo-dizel","10":"pa_market-ba","11":"pa_market-mk","12":"pa_market-rs","13":"pa_nominalna-snaga-10-kw","14":"pa_sistem-paljenja-elektricni","16":"first","17":"instock","18":"sale","19":"taxable","20":"shipping-taxable","21":"purchasable","22":"product-type-simple"},"acf":[],"seolaxy_ctr_woo_product_custom_meta_description_content":"","_links":{"self":[{"href":"https:\/\/www.sinpeks.com\/ba\/wp-json\/wp\/v2\/product\/21666","targetHints":{"allow":["GET"]}}],"collection":[{"href":"https:\/\/www.sinpeks.com\/ba\/wp-json\/wp\/v2\/product"}],"about":[{"href":"https:\/\/www.sinpeks.com\/ba\/wp-json\/wp\/v2\/types\/product"}],"replies":[{"embeddable":true,"href":"https:\/\/www.sinpeks.com\/ba\/wp-json\/wp\/v2\/comments?post=21666"}],"wp:featuredmedia":[{"embeddable":true,"href":"https:\/\/www.sinpeks.com\/ba\/wp-json\/wp\/v2\/media\/21668"}],"wp:attachment":[{"href":"https:\/\/www.sinpeks.com\/ba\/wp-json\/wp\/v2\/media?parent=21666"}],"wp:term":[{"taxonomy":"product_brand","embeddable":true,"href":"https:\/\/www.sinpeks.com\/ba\/wp-json\/wp\/v2\/product_brand?post=21666"},{"taxonomy":"product_cat","embeddable":true,"href":"https:\/\/www.sinpeks.com\/ba\/wp-json\/wp\/v2\/product_cat?post=21666"},{"taxonomy":"product_tag","embeddable":true,"href":"https:\/\/www.sinpeks.com\/ba\/wp-json\/wp\/v2\/product_tag?post=21666"}],"curies":[{"name":"wp","href":"https:\/\/api.w.org\/{rel}","templated":true}]}}