{"id":21488,"date":"2025-11-19T08:06:04","date_gmt":"2025-11-19T08:06:04","guid":{"rendered":"https:\/\/www.sinpeks.com\/ba\/p\/mjesalica-za-stocnu-hranu-vucena-12-m3-el-motor\/"},"modified":"2026-03-31T07:18:43","modified_gmt":"2026-03-31T07:18:43","slug":"mjesalica-za-stocnu-hranu-vucena-12-m3-el-motor","status":"publish","type":"product","link":"https:\/\/www.sinpeks.com\/ba\/p\/mjesalica-za-stocnu-hranu-vucena-12-m3-el-motor\/","title":{"rendered":"Mje\u0161alica za sto\u010dnu hranu 1,2 m3 el.motor"},"content":{"rendered":"<p>Mje\u0161alica za sto\u010dnu hranu kapaciteta 1,2 m3 sa elektri\u010dnim motorom.<\/p>\n","protected":false},"excerpt":{"rendered":"<p>Mje\u0161alica za sto\u010dnu hranu kapaciteta 1,2 m3 sa elektri\u010dnim motorom.<\/p>\n","protected":false},"featured_media":21503,"comment_status":"open","ping_status":"closed","template":"","meta":{"_acf_changed":false},"product_brand":[],"product_cat":[5165],"product_tag":[],"class_list":{"0":"post-21488","1":"product","2":"type-product","3":"status-publish","4":"has-post-thumbnail","6":"product_cat-mikserice","7":"product_shipping_class-ostale-kategorije-bih","8":"pa_b-burkon","9":"pa_market-ba","10":"pa_market-mk","11":"pa_snaga-motora-4-ks","13":"first","14":"instock","15":"sale","16":"taxable","17":"shipping-taxable","18":"purchasable","19":"product-type-simple"},"acf":[],"seolaxy_ctr_woo_product_custom_meta_description_content":"","_links":{"self":[{"href":"https:\/\/www.sinpeks.com\/ba\/wp-json\/wp\/v2\/product\/21488","targetHints":{"allow":["GET"]}}],"collection":[{"href":"https:\/\/www.sinpeks.com\/ba\/wp-json\/wp\/v2\/product"}],"about":[{"href":"https:\/\/www.sinpeks.com\/ba\/wp-json\/wp\/v2\/types\/product"}],"replies":[{"embeddable":true,"href":"https:\/\/www.sinpeks.com\/ba\/wp-json\/wp\/v2\/comments?post=21488"}],"wp:featuredmedia":[{"embeddable":true,"href":"https:\/\/www.sinpeks.com\/ba\/wp-json\/wp\/v2\/media\/21503"}],"wp:attachment":[{"href":"https:\/\/www.sinpeks.com\/ba\/wp-json\/wp\/v2\/media?parent=21488"}],"wp:term":[{"taxonomy":"product_brand","embeddable":true,"href":"https:\/\/www.sinpeks.com\/ba\/wp-json\/wp\/v2\/product_brand?post=21488"},{"taxonomy":"product_cat","embeddable":true,"href":"https:\/\/www.sinpeks.com\/ba\/wp-json\/wp\/v2\/product_cat?post=21488"},{"taxonomy":"product_tag","embeddable":true,"href":"https:\/\/www.sinpeks.com\/ba\/wp-json\/wp\/v2\/product_tag?post=21488"}],"curies":[{"name":"wp","href":"https:\/\/api.w.org\/{rel}","templated":true}]}}