{"id":21440,"date":"2025-11-12T19:37:26","date_gmt":"2025-11-12T19:37:26","guid":{"rendered":"https:\/\/www.sinpeks.com\/ba\/?post_type=product&#038;p=21440"},"modified":"2026-05-16T00:42:46","modified_gmt":"2026-05-16T00:42:46","slug":"sabljasta-pila-ersw8001-emtop","status":"publish","type":"product","link":"https:\/\/www.sinpeks.com\/ba\/p\/sabljasta-pila-ersw8001-emtop\/","title":{"rendered":"Sabljasta pila ERSW8001 Emtop"},"content":{"rendered":"<p>Elektri\u010dna recipro\u010dna pila ERSW8001 Emtop sa sistemom za brzu izmjenu o\u0161trice i promjenjivom kontrolom brzine. Dolazi u kompletu sa jednim listom za metal i jednim listom za drvo, kao i setom rezervnih \u010detkica.<\/p>\n","protected":false},"excerpt":{"rendered":"<p>Elektri\u010dna recipro\u010dna pila ERSW8001 Emtop sa sistemom za brzu izmjenu o\u0161trice i promjenjivom kontrolom brzine. Dolazi u kompletu sa jednim listom za metal i jednim listom za drvo, kao i setom rezervnih \u010detkica.<\/p>\n","protected":false},"featured_media":21441,"comment_status":"closed","ping_status":"closed","template":"","meta":{"_acf_changed":false},"product_brand":[],"product_cat":[5188,208],"product_tag":[],"class_list":{"0":"post-21440","1":"product","2":"type-product","3":"status-publish","4":"has-post-thumbnail","6":"product_cat-emtop-akcija","7":"product_cat-pile","8":"product_shipping_class-alati-masine-makedonija","9":"pa_b-emtop","10":"pa_market-ba","11":"pa_market-mk","12":"pa_market-rs","13":"pa_napon-220-240v50-60hz","14":"pa_snaga-750-w","16":"first","17":"outofstock","18":"sale","19":"taxable","20":"shipping-taxable","21":"purchasable","22":"product-type-simple"},"acf":[],"seolaxy_ctr_woo_product_custom_meta_description_content":"","_links":{"self":[{"href":"https:\/\/www.sinpeks.com\/ba\/wp-json\/wp\/v2\/product\/21440","targetHints":{"allow":["GET"]}}],"collection":[{"href":"https:\/\/www.sinpeks.com\/ba\/wp-json\/wp\/v2\/product"}],"about":[{"href":"https:\/\/www.sinpeks.com\/ba\/wp-json\/wp\/v2\/types\/product"}],"replies":[{"embeddable":true,"href":"https:\/\/www.sinpeks.com\/ba\/wp-json\/wp\/v2\/comments?post=21440"}],"wp:featuredmedia":[{"embeddable":true,"href":"https:\/\/www.sinpeks.com\/ba\/wp-json\/wp\/v2\/media\/21441"}],"wp:attachment":[{"href":"https:\/\/www.sinpeks.com\/ba\/wp-json\/wp\/v2\/media?parent=21440"}],"wp:term":[{"taxonomy":"product_brand","embeddable":true,"href":"https:\/\/www.sinpeks.com\/ba\/wp-json\/wp\/v2\/product_brand?post=21440"},{"taxonomy":"product_cat","embeddable":true,"href":"https:\/\/www.sinpeks.com\/ba\/wp-json\/wp\/v2\/product_cat?post=21440"},{"taxonomy":"product_tag","embeddable":true,"href":"https:\/\/www.sinpeks.com\/ba\/wp-json\/wp\/v2\/product_tag?post=21440"}],"curies":[{"name":"wp","href":"https:\/\/api.w.org\/{rel}","templated":true}]}}