{"id":21419,"date":"2025-11-12T10:07:49","date_gmt":"2025-11-12T10:07:49","guid":{"rendered":"https:\/\/www.sinpeks.com\/ba\/p\/plug-b-klasa-1035-20-vk-1-crtalo\/"},"modified":"2026-01-13T15:12:52","modified_gmt":"2026-01-13T15:12:52","slug":"plug-b-klasa-1035-20-vk-1-crtalo","status":"publish","type":"product","link":"https:\/\/www.sinpeks.com\/ba\/p\/plug-b-klasa-1035-20-vk-1-crtalo\/","title":{"rendered":"Plug B klasa 1035.20 VK 1 crtalo"},"content":{"rendered":"<p>Ova vrsta dvobrazdnih plugova B-klase je prvenstveno namenjena dubokom oranju, ali uspe\u0161no se mogu vr\u0161iti i predsetvena oranja. Pogodna je za laka i te\u0161ka zemlji\u0161ta gde uspe\u0161no prevr\u0107e zemlju i zaorava biljne ostatke, korov i rasuti stajnjak kako na ravnim povr\u0161inama tako i u brdovitim predelima. Na zahtev kupca plugovi mogu biti isporu\u010deni i sa to\u010dkom za odr\u017eavanje dubine.<\/p>\n","protected":false},"excerpt":{"rendered":"<p>Ova vrsta dvobrazdnih plugova B-klase je prvenstveno namenjena dubokom oranju, ali uspe\u0161no se mogu vr\u0161iti i predsetvena oranja. Pogodna je za laka i te\u0161ka zemlji\u0161ta gde uspe\u0161no prevr\u0107e zemlju i zaorava biljne ostatke, korov i rasuti stajnjak kako na ravnim povr\u0161inama tako i u brdovitim predelima. Na zahtev kupca plugovi mogu biti isporu\u010deni i sa [&hellip;]<\/p>\n","protected":false},"featured_media":21435,"comment_status":"open","ping_status":"closed","template":"","meta":{"_acf_changed":false},"product_brand":[],"product_cat":[77],"product_tag":[],"class_list":{"0":"post-21419","1":"product","2":"type-product","3":"status-publish","4":"has-post-thumbnail","6":"product_cat-plugovi","7":"product_shipping_class-ostale-kategorije-bih","8":"pa_b-bell-impex","9":"pa_broj-brazdi-dvobrazdni","10":"pa_market-ba","11":"pa_min-snaga-traktora-59-ks","12":"pa_radna-dubina-30-cm","14":"first","15":"instock","16":"sale","17":"taxable","18":"shipping-taxable","19":"purchasable","20":"product-type-simple"},"acf":[],"seolaxy_ctr_woo_product_custom_meta_description_content":"","_links":{"self":[{"href":"https:\/\/www.sinpeks.com\/ba\/wp-json\/wp\/v2\/product\/21419","targetHints":{"allow":["GET"]}}],"collection":[{"href":"https:\/\/www.sinpeks.com\/ba\/wp-json\/wp\/v2\/product"}],"about":[{"href":"https:\/\/www.sinpeks.com\/ba\/wp-json\/wp\/v2\/types\/product"}],"replies":[{"embeddable":true,"href":"https:\/\/www.sinpeks.com\/ba\/wp-json\/wp\/v2\/comments?post=21419"}],"wp:featuredmedia":[{"embeddable":true,"href":"https:\/\/www.sinpeks.com\/ba\/wp-json\/wp\/v2\/media\/21435"}],"wp:attachment":[{"href":"https:\/\/www.sinpeks.com\/ba\/wp-json\/wp\/v2\/media?parent=21419"}],"wp:term":[{"taxonomy":"product_brand","embeddable":true,"href":"https:\/\/www.sinpeks.com\/ba\/wp-json\/wp\/v2\/product_brand?post=21419"},{"taxonomy":"product_cat","embeddable":true,"href":"https:\/\/www.sinpeks.com\/ba\/wp-json\/wp\/v2\/product_cat?post=21419"},{"taxonomy":"product_tag","embeddable":true,"href":"https:\/\/www.sinpeks.com\/ba\/wp-json\/wp\/v2\/product_tag?post=21419"}],"curies":[{"name":"wp","href":"https:\/\/api.w.org\/{rel}","templated":true}]}}