{"id":21415,"date":"2025-11-12T10:07:48","date_gmt":"2025-11-12T10:07:48","guid":{"rendered":"https:\/\/www.sinpeks.com\/ba\/p\/plug-b-klasa-1030-20-vk-1-crtalo\/"},"modified":"2026-05-13T12:48:16","modified_gmt":"2026-05-13T12:48:16","slug":"plug-b-klasa-1030-20-vk-1-crtalo","status":"publish","type":"product","link":"https:\/\/www.sinpeks.com\/ba\/p\/plug-b-klasa-1030-20-vk-1-crtalo\/","title":{"rendered":"Plug B klasa 1030.20 VK 1 crtalo"},"content":{"rendered":"<p>Dvobrazdni plug B-klase sprskog porekla, kvalitetan i pouzdan, namenjen za osnovnu obradu zemlji\u0161ta (duboko i setveno oranje) na individualnim gazdinstvima. Pogodni su za kori\u0161\u0107enje na svim tipovima zemlji\u0161ta. Primenjuju se kako u ravni\u010darskim tako i u brdsko-planinskim predelima. Dobro prevr\u0107u zemlju i zaoravaju biljne ostatke i stajnjak.<\/p>\n","protected":false},"excerpt":{"rendered":"<p>Dvobrazdni plug B-klase sprskog porekla, kvalitetan i pouzdan, namenjen za osnovnu obradu zemlji\u0161ta (duboko i setveno oranje) na individualnim gazdinstvima. Pogodni su za kori\u0161\u0107enje na svim tipovima zemlji\u0161ta. Primenjuju se kako u ravni\u010darskim tako i u brdsko-planinskim predelima. Dobro prevr\u0107u zemlju i zaoravaju biljne ostatke i stajnjak.<\/p>\n","protected":false},"featured_media":21427,"comment_status":"open","ping_status":"closed","template":"","meta":{"_acf_changed":false},"product_brand":[],"product_cat":[77],"product_tag":[],"class_list":{"0":"post-21415","1":"product","2":"type-product","3":"status-publish","4":"has-post-thumbnail","6":"product_cat-plugovi","7":"product_shipping_class-ostale-kategorije-bih","8":"pa_b-bell-impex","9":"pa_broj-brazdi-dvobrazdni","10":"pa_market-ba","11":"pa_min-snaga-traktora-35-ks","12":"pa_radna-dubina-25-cm","14":"first","15":"instock","16":"sale","17":"taxable","18":"shipping-taxable","19":"purchasable","20":"product-type-simple"},"acf":[],"seolaxy_ctr_woo_product_custom_meta_description_content":"","_links":{"self":[{"href":"https:\/\/www.sinpeks.com\/ba\/wp-json\/wp\/v2\/product\/21415","targetHints":{"allow":["GET"]}}],"collection":[{"href":"https:\/\/www.sinpeks.com\/ba\/wp-json\/wp\/v2\/product"}],"about":[{"href":"https:\/\/www.sinpeks.com\/ba\/wp-json\/wp\/v2\/types\/product"}],"replies":[{"embeddable":true,"href":"https:\/\/www.sinpeks.com\/ba\/wp-json\/wp\/v2\/comments?post=21415"}],"wp:featuredmedia":[{"embeddable":true,"href":"https:\/\/www.sinpeks.com\/ba\/wp-json\/wp\/v2\/media\/21427"}],"wp:attachment":[{"href":"https:\/\/www.sinpeks.com\/ba\/wp-json\/wp\/v2\/media?parent=21415"}],"wp:term":[{"taxonomy":"product_brand","embeddable":true,"href":"https:\/\/www.sinpeks.com\/ba\/wp-json\/wp\/v2\/product_brand?post=21415"},{"taxonomy":"product_cat","embeddable":true,"href":"https:\/\/www.sinpeks.com\/ba\/wp-json\/wp\/v2\/product_cat?post=21415"},{"taxonomy":"product_tag","embeddable":true,"href":"https:\/\/www.sinpeks.com\/ba\/wp-json\/wp\/v2\/product_tag?post=21415"}],"curies":[{"name":"wp","href":"https:\/\/api.w.org\/{rel}","templated":true}]}}