{"id":21413,"date":"2025-11-12T10:07:47","date_gmt":"2025-11-12T10:07:47","guid":{"rendered":"https:\/\/www.sinpeks.com\/ba\/p\/plug-2-brazdni-a-klasa-1030-20-vk\/"},"modified":"2026-05-13T11:13:51","modified_gmt":"2026-05-13T11:13:51","slug":"plug-2-brazdni-a-klasa-1030-20-vk","status":"publish","type":"product","link":"https:\/\/www.sinpeks.com\/ba\/p\/plug-2-brazdni-a-klasa-1030-20-vk\/","title":{"rendered":"Plug 2 brazdni A klasa 1030.20 VK"},"content":{"rendered":"<p>Dvobrazdni plug A-klase sprskog porekla, kvalitetan i pouzdan, namenjen za osnovnu obradu zemlji\u0161ta (duboko i setveno oranje) na individualnim gazdinstvima. Pogodni su za kori\u0161\u0107enje na svim tipovima zemlji\u0161ta. Primenjuju se kako u ravni\u010darskim tako i u brdsko-planinskim predelima. Dobro prevr\u0107u zemlju i zaoravaju biljne ostatke i stajnjak.<\/p>\n","protected":false},"excerpt":{"rendered":"<p>Dvobrazdni plug A-klase sprskog porekla, kvalitetan i pouzdan, namenjen za osnovnu obradu zemlji\u0161ta (duboko i setveno oranje) na individualnim gazdinstvima. Pogodni su za kori\u0161\u0107enje na svim tipovima zemlji\u0161ta. Primenjuju se kako u ravni\u010darskim tako i u brdsko-planinskim predelima. Dobro prevr\u0107u zemlju i zaoravaju biljne ostatke i stajnjak.<\/p>\n","protected":false},"featured_media":21426,"comment_status":"open","ping_status":"closed","template":"","meta":{"_acf_changed":false},"product_brand":[],"product_cat":[77],"product_tag":[],"class_list":{"0":"post-21413","1":"product","2":"type-product","3":"status-publish","4":"has-post-thumbnail","6":"product_cat-plugovi","7":"product_shipping_class-ostale-kategorije-bih","8":"pa_b-bell-impex","9":"pa_broj-brazdi-dvobrazdni","10":"pa_market-ba","11":"pa_min-snaga-traktora-35-ks","12":"pa_radna-dubina-25-cm","14":"first","15":"instock","16":"sale","17":"taxable","18":"shipping-taxable","19":"purchasable","20":"product-type-simple"},"acf":[],"seolaxy_ctr_woo_product_custom_meta_description_content":"","_links":{"self":[{"href":"https:\/\/www.sinpeks.com\/ba\/wp-json\/wp\/v2\/product\/21413","targetHints":{"allow":["GET"]}}],"collection":[{"href":"https:\/\/www.sinpeks.com\/ba\/wp-json\/wp\/v2\/product"}],"about":[{"href":"https:\/\/www.sinpeks.com\/ba\/wp-json\/wp\/v2\/types\/product"}],"replies":[{"embeddable":true,"href":"https:\/\/www.sinpeks.com\/ba\/wp-json\/wp\/v2\/comments?post=21413"}],"wp:featuredmedia":[{"embeddable":true,"href":"https:\/\/www.sinpeks.com\/ba\/wp-json\/wp\/v2\/media\/21426"}],"wp:attachment":[{"href":"https:\/\/www.sinpeks.com\/ba\/wp-json\/wp\/v2\/media?parent=21413"}],"wp:term":[{"taxonomy":"product_brand","embeddable":true,"href":"https:\/\/www.sinpeks.com\/ba\/wp-json\/wp\/v2\/product_brand?post=21413"},{"taxonomy":"product_cat","embeddable":true,"href":"https:\/\/www.sinpeks.com\/ba\/wp-json\/wp\/v2\/product_cat?post=21413"},{"taxonomy":"product_tag","embeddable":true,"href":"https:\/\/www.sinpeks.com\/ba\/wp-json\/wp\/v2\/product_tag?post=21413"}],"curies":[{"name":"wp","href":"https:\/\/api.w.org\/{rel}","templated":true}]}}