{"id":19856,"date":"2025-06-20T21:43:02","date_gmt":"2025-06-20T21:43:02","guid":{"rendered":"https:\/\/sinpeksstaging.com\/p\/traktor-john-deere-5045d-2wd\/"},"modified":"2026-02-17T08:29:02","modified_gmt":"2026-02-17T08:29:02","slug":"traktor-john-deere-5045d-2wd","status":"publish","type":"product","link":"https:\/\/www.sinpeks.com\/ba\/p\/traktor-john-deere-5045d-2wd\/","title":{"rendered":"Traktor John Deere 5045D 2WD"},"content":{"rendered":"<p>Najkvalitetniji, najopremljeniji i najpovoljniji traktor John Deere na na\u0161em tr\u017ei\u0161tu. Kompaktan, ali mo\u0107an, opremljen hidrauli\u010dnim upravljanjem, prednjim i zadnjim tegovima, za\u0161titnim okvirom, dva hidrauli\u010dna izlaza (SCV), DeLux sedi\u0161tem, duplim kva\u010dilom, pogonom na zadnje to\u010dkove 2WD i mno\u0161tvom naprednih dodataka i funkcija. Idealan za svakog farmera zbog svoje ekonomi\u010dnosti, agilnosti, upravljanja, a pre svega zbog neospornog kvaliteta John Deere.<\/p>\n","protected":false},"excerpt":{"rendered":"<p>Najkvalitetniji, najopremljeniji i najpovoljniji traktor John Deere na na\u0161em tr\u017ei\u0161tu. Kompaktan, ali mo\u0107an, opremljen hidrauli\u010dnim upravljanjem, prednjim i zadnjim tegovima, za\u0161titnim okvirom, dva hidrauli\u010dna izlaza (SCV), DeLux sedi\u0161tem, duplim kva\u010dilom, pogonom na zadnje to\u010dkove 2WD i mno\u0161tvom naprednih dodataka i funkcija. Idealan za svakog farmera zbog svoje ekonomi\u010dnosti, agilnosti, upravljanja, a pre svega zbog neospornog [&hellip;]<\/p>\n","protected":false},"featured_media":19855,"comment_status":"open","ping_status":"closed","template":"","meta":{"_acf_changed":false},"product_brand":[],"product_cat":[60],"product_tag":[],"class_list":{"0":"post-19856","1":"product","2":"type-product","3":"status-publish","4":"has-post-thumbnail","6":"product_cat-poljoprivredni","7":"product_shipping_class-ostale-kategorije-makedonija","8":"pa_b-john-deere","9":"pa_godiste-5202","10":"pa_market-mk","11":"pa_vrsta-oglasa-prodaja","13":"first","14":"outofstock","15":"sale","16":"taxable","17":"shipping-taxable","18":"purchasable","19":"product-type-simple"},"acf":[],"seolaxy_ctr_woo_product_custom_meta_description_content":"","_links":{"self":[{"href":"https:\/\/www.sinpeks.com\/ba\/wp-json\/wp\/v2\/product\/19856","targetHints":{"allow":["GET"]}}],"collection":[{"href":"https:\/\/www.sinpeks.com\/ba\/wp-json\/wp\/v2\/product"}],"about":[{"href":"https:\/\/www.sinpeks.com\/ba\/wp-json\/wp\/v2\/types\/product"}],"replies":[{"embeddable":true,"href":"https:\/\/www.sinpeks.com\/ba\/wp-json\/wp\/v2\/comments?post=19856"}],"wp:featuredmedia":[{"embeddable":true,"href":"https:\/\/www.sinpeks.com\/ba\/wp-json\/wp\/v2\/media\/19855"}],"wp:attachment":[{"href":"https:\/\/www.sinpeks.com\/ba\/wp-json\/wp\/v2\/media?parent=19856"}],"wp:term":[{"taxonomy":"product_brand","embeddable":true,"href":"https:\/\/www.sinpeks.com\/ba\/wp-json\/wp\/v2\/product_brand?post=19856"},{"taxonomy":"product_cat","embeddable":true,"href":"https:\/\/www.sinpeks.com\/ba\/wp-json\/wp\/v2\/product_cat?post=19856"},{"taxonomy":"product_tag","embeddable":true,"href":"https:\/\/www.sinpeks.com\/ba\/wp-json\/wp\/v2\/product_tag?post=19856"}],"curies":[{"name":"wp","href":"https:\/\/api.w.org\/{rel}","templated":true}]}}