{"id":19667,"date":"2025-06-13T11:33:43","date_gmt":"2025-06-13T11:33:43","guid":{"rendered":"https:\/\/sinpeksstaging.com\/p\/akumulatorska-udarna-busilica-odvijac-ecidl209681-emtop\/"},"modified":"2026-05-16T00:58:08","modified_gmt":"2026-05-16T00:58:08","slug":"akumulatorska-udarna-busilica-odvijac-ecidl209681-emtop","status":"publish","type":"product","link":"https:\/\/www.sinpeks.com\/ba\/p\/akumulatorska-udarna-busilica-odvijac-ecidl209681-emtop\/","title":{"rendered":"Akumulatorska udarna bu\u0161ilica\/odvija\u010d ECIDL209681 Emtop"},"content":{"rendered":"<p>Be\u017ei\u010dna udarna bu\u0161ilica\/odvija\u010d sa BL motorom bez \u010detkica i maksimalnim obrtnim momentom od 96 Nm. Opremljena je LED radnim svetlom i LED indikatorom statusa baterije i dolazi u kompletu sa 3 ravne burgije za drvo, 3 burgije za zid, 3 HSS burgije i 2 burgije od 65 mm.<\/p>\n","protected":false},"excerpt":{"rendered":"<p>Be\u017ei\u010dna udarna bu\u0161ilica\/odvija\u010d sa BL motorom bez \u010detkica i maksimalnim obrtnim momentom od 96 Nm. Opremljena je LED radnim svetlom i LED indikatorom statusa baterije i dolazi u kompletu sa 3 ravne burgije za drvo, 3 burgije za zid, 3 HSS burgije i 2 burgije od 65 mm.<\/p>\n","protected":false},"featured_media":19736,"comment_status":"open","ping_status":"closed","template":"","meta":{"_acf_changed":false},"product_brand":[],"product_cat":[202,5188],"product_tag":[],"class_list":{"0":"post-19667","1":"product","2":"type-product","3":"status-publish","4":"has-post-thumbnail","6":"product_cat-busilice-odvijaci","7":"product_cat-emtop-akcija","8":"product_shipping_class-alati-masine-makedonija","9":"pa_b-emtop","10":"pa_market-ba","11":"pa_market-mk","12":"pa_market-rs","13":"pa_napon-20-v","14":"pa_obrtni-moment-95-nm","16":"first","17":"outofstock","18":"sale","19":"taxable","20":"shipping-taxable","21":"purchasable","22":"product-type-simple"},"acf":[],"seolaxy_ctr_woo_product_custom_meta_description_content":"","_links":{"self":[{"href":"https:\/\/www.sinpeks.com\/ba\/wp-json\/wp\/v2\/product\/19667","targetHints":{"allow":["GET"]}}],"collection":[{"href":"https:\/\/www.sinpeks.com\/ba\/wp-json\/wp\/v2\/product"}],"about":[{"href":"https:\/\/www.sinpeks.com\/ba\/wp-json\/wp\/v2\/types\/product"}],"replies":[{"embeddable":true,"href":"https:\/\/www.sinpeks.com\/ba\/wp-json\/wp\/v2\/comments?post=19667"}],"wp:featuredmedia":[{"embeddable":true,"href":"https:\/\/www.sinpeks.com\/ba\/wp-json\/wp\/v2\/media\/19736"}],"wp:attachment":[{"href":"https:\/\/www.sinpeks.com\/ba\/wp-json\/wp\/v2\/media?parent=19667"}],"wp:term":[{"taxonomy":"product_brand","embeddable":true,"href":"https:\/\/www.sinpeks.com\/ba\/wp-json\/wp\/v2\/product_brand?post=19667"},{"taxonomy":"product_cat","embeddable":true,"href":"https:\/\/www.sinpeks.com\/ba\/wp-json\/wp\/v2\/product_cat?post=19667"},{"taxonomy":"product_tag","embeddable":true,"href":"https:\/\/www.sinpeks.com\/ba\/wp-json\/wp\/v2\/product_tag?post=19667"}],"curies":[{"name":"wp","href":"https:\/\/api.w.org\/{rel}","templated":true}]}}