{"id":19285,"date":"2025-05-26T13:19:37","date_gmt":"2025-05-26T13:19:37","guid":{"rendered":"https:\/\/sinpeksstaging.com\/p\/vibro-igla-iren-38-250-5-pro\/"},"modified":"2025-12-02T10:36:10","modified_gmt":"2025-12-02T10:36:10","slug":"vibro-igla-iren-38-250-5-pro","status":"publish","type":"product","link":"https:\/\/www.sinpeks.com\/ba\/p\/vibro-igla-iren-38-250-5-pro\/","title":{"rendered":"Vibro igla IREN 38\/250\/5 &#8211; Pro"},"content":{"rendered":"<p>Produktivnost i dug vek trajanja: to su izuzetne karakteristike Wacker Neuson IREN asortimana. \u010cak i u te\u0161kim uslovima primene, ovi visokofrekventni unutra\u0161nji vibratori c\u0301e vas uveriti konstantno visokim performansama sabijanja.<\/p>\n","protected":false},"excerpt":{"rendered":"<p>Produktivnost i dug vek trajanja: to su izuzetne karakteristike Wacker Neuson IREN asortimana. \u010cak i u te\u0161kim uslovima primene, ovi visokofrekventni unutra\u0161nji vibratori c\u0301e vas uveriti konstantno visokim performansama sabijanja.<\/p>\n","protected":false},"featured_media":19306,"comment_status":"open","ping_status":"closed","template":"","meta":{"_acf_changed":false},"product_brand":[],"product_cat":[156],"product_tag":[],"class_list":{"0":"post-19285","1":"product","2":"type-product","3":"status-publish","4":"has-post-thumbnail","6":"product_cat-vibro-igle","7":"product_shipping_class-ostale-kategorije-makedonija","8":"pa_b-wacker-neuson","9":"pa_duzina-crijeva-5-m","10":"pa_efektivni-precnik-sabijanja-50-cm","11":"pa_market-ba","12":"pa_market-mk","13":"pa_market-rs","14":"pa_napon-250-v-200-hz","15":"pa_precnik-vibro-glave-38-mm","17":"first","18":"outofstock","19":"sale","20":"taxable","21":"shipping-taxable","22":"purchasable","23":"product-type-simple"},"acf":[],"seolaxy_ctr_woo_product_custom_meta_description_content":"","_links":{"self":[{"href":"https:\/\/www.sinpeks.com\/ba\/wp-json\/wp\/v2\/product\/19285","targetHints":{"allow":["GET"]}}],"collection":[{"href":"https:\/\/www.sinpeks.com\/ba\/wp-json\/wp\/v2\/product"}],"about":[{"href":"https:\/\/www.sinpeks.com\/ba\/wp-json\/wp\/v2\/types\/product"}],"replies":[{"embeddable":true,"href":"https:\/\/www.sinpeks.com\/ba\/wp-json\/wp\/v2\/comments?post=19285"}],"wp:featuredmedia":[{"embeddable":true,"href":"https:\/\/www.sinpeks.com\/ba\/wp-json\/wp\/v2\/media\/19306"}],"wp:attachment":[{"href":"https:\/\/www.sinpeks.com\/ba\/wp-json\/wp\/v2\/media?parent=19285"}],"wp:term":[{"taxonomy":"product_brand","embeddable":true,"href":"https:\/\/www.sinpeks.com\/ba\/wp-json\/wp\/v2\/product_brand?post=19285"},{"taxonomy":"product_cat","embeddable":true,"href":"https:\/\/www.sinpeks.com\/ba\/wp-json\/wp\/v2\/product_cat?post=19285"},{"taxonomy":"product_tag","embeddable":true,"href":"https:\/\/www.sinpeks.com\/ba\/wp-json\/wp\/v2\/product_tag?post=19285"}],"curies":[{"name":"wp","href":"https:\/\/api.w.org\/{rel}","templated":true}]}}