{"id":18111,"date":"2025-04-04T21:50:22","date_gmt":"2025-04-04T21:50:22","guid":{"rendered":"https:\/\/sinpeksstaging.com\/p\/traktor-belarus-mtz-921-3-r-kabina\/"},"modified":"2026-02-17T08:29:21","modified_gmt":"2026-02-17T08:29:21","slug":"traktor-belarus-mtz-921-3-r-kabina","status":"publish","type":"product","link":"https:\/\/www.sinpeks.com\/ba\/p\/traktor-belarus-mtz-921-3-r-kabina\/","title":{"rendered":"Traktor Belarus, MTZ 921.3 R kabina"},"content":{"rendered":"<p>Belarus MTZ 921.3 namenjen za rad na otvorenom polju odnosno kako se naziva ratarski traktor je dimenzija du\u017eina 410 cm, \u0161irina 205 i visina 238 cm. Ovaj \u201eratarac\u201c se isporu\u010duje sa prednjim to\u010dkovima 13,6 R 20 i zadnjim 16,9 R 30. Traktor Belarus 921.3 dostupan je u dve verzije, kao ratarski i vo\u0107arski, a obzirom na karakteristike koje ima, bez rezerve se mo\u017ee oceniti i kao pripadnik univerzalnih traktora.<\/p>\n","protected":false},"excerpt":{"rendered":"<p>Belarus MTZ 921.3 namenjen za rad na otvorenom polju odnosno kako se naziva ratarski traktor je dimenzija du\u017eina 410 cm, \u0161irina 205 i visina 238 cm. Ovaj \u201eratarac\u201c se isporu\u010duje sa prednjim to\u010dkovima 13,6 R 20 i zadnjim 16,9 R 30. Traktor Belarus 921.3 dostupan je u dve verzije, kao ratarski i vo\u0107arski, a obzirom [&hellip;]<\/p>\n","protected":false},"featured_media":18112,"comment_status":"open","ping_status":"closed","template":"","meta":{"_acf_changed":false},"product_brand":[],"product_cat":[60],"product_tag":[],"class_list":{"0":"post-18111","1":"product","2":"type-product","3":"status-publish","4":"has-post-thumbnail","6":"product_cat-poljoprivredni","7":"product_shipping_class-ostale-kategorije-makedonija","8":"pa_b-belarus","9":"pa_godiste-5202","10":"pa_kabina-sa-kabinom","11":"pa_klimatizacija-sa-opcijom-ugradnje-klime","12":"pa_market-mk","13":"pa_market-rs","14":"pa_max-kapacitet-dizanja-3600-kg","15":"pa_mjenjac-sa-rucnim-mjenjacem","16":"pa_pogon-traktora-sa-4x4-pogonom-4wd","17":"pa_snaga-traktora-95-ks","18":"pa_vrsta-oglasa-prodaja","20":"first","21":"outofstock","22":"sale","23":"taxable","24":"shipping-taxable","25":"purchasable","26":"product-type-simple"},"acf":[],"seolaxy_ctr_woo_product_custom_meta_description_content":"","_links":{"self":[{"href":"https:\/\/www.sinpeks.com\/ba\/wp-json\/wp\/v2\/product\/18111","targetHints":{"allow":["GET"]}}],"collection":[{"href":"https:\/\/www.sinpeks.com\/ba\/wp-json\/wp\/v2\/product"}],"about":[{"href":"https:\/\/www.sinpeks.com\/ba\/wp-json\/wp\/v2\/types\/product"}],"replies":[{"embeddable":true,"href":"https:\/\/www.sinpeks.com\/ba\/wp-json\/wp\/v2\/comments?post=18111"}],"wp:featuredmedia":[{"embeddable":true,"href":"https:\/\/www.sinpeks.com\/ba\/wp-json\/wp\/v2\/media\/18112"}],"wp:attachment":[{"href":"https:\/\/www.sinpeks.com\/ba\/wp-json\/wp\/v2\/media?parent=18111"}],"wp:term":[{"taxonomy":"product_brand","embeddable":true,"href":"https:\/\/www.sinpeks.com\/ba\/wp-json\/wp\/v2\/product_brand?post=18111"},{"taxonomy":"product_cat","embeddable":true,"href":"https:\/\/www.sinpeks.com\/ba\/wp-json\/wp\/v2\/product_cat?post=18111"},{"taxonomy":"product_tag","embeddable":true,"href":"https:\/\/www.sinpeks.com\/ba\/wp-json\/wp\/v2\/product_tag?post=18111"}],"curies":[{"name":"wp","href":"https:\/\/api.w.org\/{rel}","templated":true}]}}