{"id":18109,"date":"2025-04-04T21:50:16","date_gmt":"2025-04-04T21:50:16","guid":{"rendered":"https:\/\/sinpeksstaging.com\/p\/traktor-tafe-6028-kabina-stage-v\/"},"modified":"2026-02-17T08:29:20","modified_gmt":"2026-02-17T08:29:20","slug":"traktor-tafe-6028-kabina-stage-v","status":"publish","type":"product","link":"https:\/\/www.sinpeks.com\/ba\/p\/traktor-tafe-6028-kabina-stage-v\/","title":{"rendered":"Traktor Tafe 6028 kabina, stage V"},"content":{"rendered":"<p>Traktor TAFE 6028 je ma\u0161ina napravljena za preciznost i efikasnost. Dizajniran je za maksimalne performanse, sa karakteristikama uklju\u010dujuc\u0301i automatizovani hidrauli\u010dki sistem za detekciju propuha za prilagodljivost, 4WD pogon za stabilnost i 9F+3R menja\u010d za nesmetan rad. Rad servo upravlja\u010da i ko\u010dnica uronjenih u ulje pobolj\u0161avaju sigurnost i kontrolu. Sa sna\u017enom sposobno\u0161c\u0301u podizanja od 739 KG, to je idealna opcija za prilagodljivu i uspe\u0161nu poljoprivredu.<\/p>\n","protected":false},"excerpt":{"rendered":"<p>Traktor TAFE 6028 je ma\u0161ina napravljena za preciznost i efikasnost. Dizajniran je za maksimalne performanse, sa karakteristikama uklju\u010dujuc\u0301i automatizovani hidrauli\u010dki sistem za detekciju propuha za prilagodljivost, 4WD pogon za stabilnost i 9F+3R menja\u010d za nesmetan rad. Rad servo upravlja\u010da i ko\u010dnica uronjenih u ulje pobolj\u0161avaju sigurnost i kontrolu. Sa sna\u017enom sposobno\u0161c\u0301u podizanja od 739 KG, [&hellip;]<\/p>\n","protected":false},"featured_media":18114,"comment_status":"open","ping_status":"closed","template":"","meta":{"_acf_changed":false},"product_brand":[],"product_cat":[40],"product_tag":[],"class_list":{"0":"post-18109","1":"product","2":"type-product","3":"status-publish","4":"has-post-thumbnail","6":"product_cat-mali","7":"product_shipping_class-ostale-kategorije-makedonija","8":"pa_b-tafe","9":"pa_godiste-5202","10":"pa_kabina-sa-kabinom","11":"pa_klimatizacija-bez-klime","12":"pa_market-ba","13":"pa_market-mk","14":"pa_market-rs","15":"pa_mjenjac-sa-rucnim-mjenjacem","16":"pa_pogon-traktora-sa-4x4-pogonom-4wd","17":"pa_snaga-traktora-24-ks","18":"pa_vrsta-oglasa-prodaja","20":"first","21":"outofstock","22":"sale","23":"taxable","24":"shipping-taxable","25":"purchasable","26":"product-type-simple"},"acf":[],"seolaxy_ctr_woo_product_custom_meta_description_content":"","_links":{"self":[{"href":"https:\/\/www.sinpeks.com\/ba\/wp-json\/wp\/v2\/product\/18109","targetHints":{"allow":["GET"]}}],"collection":[{"href":"https:\/\/www.sinpeks.com\/ba\/wp-json\/wp\/v2\/product"}],"about":[{"href":"https:\/\/www.sinpeks.com\/ba\/wp-json\/wp\/v2\/types\/product"}],"replies":[{"embeddable":true,"href":"https:\/\/www.sinpeks.com\/ba\/wp-json\/wp\/v2\/comments?post=18109"}],"wp:featuredmedia":[{"embeddable":true,"href":"https:\/\/www.sinpeks.com\/ba\/wp-json\/wp\/v2\/media\/18114"}],"wp:attachment":[{"href":"https:\/\/www.sinpeks.com\/ba\/wp-json\/wp\/v2\/media?parent=18109"}],"wp:term":[{"taxonomy":"product_brand","embeddable":true,"href":"https:\/\/www.sinpeks.com\/ba\/wp-json\/wp\/v2\/product_brand?post=18109"},{"taxonomy":"product_cat","embeddable":true,"href":"https:\/\/www.sinpeks.com\/ba\/wp-json\/wp\/v2\/product_cat?post=18109"},{"taxonomy":"product_tag","embeddable":true,"href":"https:\/\/www.sinpeks.com\/ba\/wp-json\/wp\/v2\/product_tag?post=18109"}],"curies":[{"name":"wp","href":"https:\/\/api.w.org\/{rel}","templated":true}]}}