{"id":17456,"date":"2025-03-27T08:33:58","date_gmt":"2025-03-27T08:33:58","guid":{"rendered":"https:\/\/sinpeksstaging.com\/p\/aparat-za-zavarivanje-elektrodama-bks1-250c2-2\/"},"modified":"2026-03-30T11:52:14","modified_gmt":"2026-03-30T11:52:14","slug":"aparat-za-zavarivanje-elektrodama-bks150c2","status":"publish","type":"product","link":"https:\/\/www.sinpeks.com\/ba\/p\/aparat-za-zavarivanje-elektrodama-bks150c2\/","title":{"rendered":"Aparat za zavarivanje elektrodama BKS1-250C2"},"content":{"rendered":"<p>Ure\u0111aj za zavarivanje elektrodama namenjen za zavarivanje razli\u010ditih metala razli\u010ditih debljina. Ima ru\u010dku i to\u010dkove koji omoguc\u0301avaju maksimalnu pokretljivost ure\u0111aja. Dolazi u kompletu sa za\u0161titnom maskom, kop\u010dom i ru\u010dkom za zavarivanje<\/p>\n","protected":false},"excerpt":{"rendered":"<p>Ure\u0111aj za zavarivanje elektrodama namenjen za zavarivanje razli\u010ditih metala razli\u010ditih debljina. Ima ru\u010dku i to\u010dkove koji omoguc\u0301avaju maksimalnu pokretljivost ure\u0111aja. Dolazi u kompletu sa za\u0161titnom maskom, kop\u010dom i ru\u010dkom za zavarivanje<\/p>\n","protected":false},"featured_media":17493,"comment_status":"open","ping_status":"closed","template":"","meta":{"_acf_changed":false},"product_brand":[],"product_cat":[218],"product_tag":[],"class_list":{"0":"post-17456","1":"product","2":"type-product","3":"status-publish","4":"has-post-thumbnail","6":"product_cat-aparati-za-varenje","7":"product_shipping_class-alati-masine-makedonija","8":"pa_b-agrina","9":"pa_market-ba","10":"pa_market-mk","11":"pa_market-rs","12":"pa_napon-230-v-50hz","13":"pa_precnik-elektrode-2-5-mm","14":"pa_struja-zavarivanja-60-250-a","15":"pa_tip-zavarivanja-mma","17":"first","18":"outofstock","19":"sale","20":"taxable","21":"shipping-taxable","22":"purchasable","23":"product-type-simple"},"acf":[],"seolaxy_ctr_woo_product_custom_meta_description_content":"","_links":{"self":[{"href":"https:\/\/www.sinpeks.com\/ba\/wp-json\/wp\/v2\/product\/17456","targetHints":{"allow":["GET"]}}],"collection":[{"href":"https:\/\/www.sinpeks.com\/ba\/wp-json\/wp\/v2\/product"}],"about":[{"href":"https:\/\/www.sinpeks.com\/ba\/wp-json\/wp\/v2\/types\/product"}],"replies":[{"embeddable":true,"href":"https:\/\/www.sinpeks.com\/ba\/wp-json\/wp\/v2\/comments?post=17456"}],"wp:featuredmedia":[{"embeddable":true,"href":"https:\/\/www.sinpeks.com\/ba\/wp-json\/wp\/v2\/media\/17493"}],"wp:attachment":[{"href":"https:\/\/www.sinpeks.com\/ba\/wp-json\/wp\/v2\/media?parent=17456"}],"wp:term":[{"taxonomy":"product_brand","embeddable":true,"href":"https:\/\/www.sinpeks.com\/ba\/wp-json\/wp\/v2\/product_brand?post=17456"},{"taxonomy":"product_cat","embeddable":true,"href":"https:\/\/www.sinpeks.com\/ba\/wp-json\/wp\/v2\/product_cat?post=17456"},{"taxonomy":"product_tag","embeddable":true,"href":"https:\/\/www.sinpeks.com\/ba\/wp-json\/wp\/v2\/product_tag?post=17456"}],"curies":[{"name":"wp","href":"https:\/\/api.w.org\/{rel}","templated":true}]}}