{"id":16984,"date":"2025-03-21T13:13:27","date_gmt":"2025-03-21T13:13:27","guid":{"rendered":"https:\/\/sinpeksstaging.com\/p\/6-redna-kukuruz-sejalica-irtem-ddsa-depoz-za-min-djubriva-2\/"},"modified":"2026-01-16T09:48:43","modified_gmt":"2026-01-16T09:48:43","slug":"6-redna-kukuruz-sejalica-irtem-ddsa-depoz-za-min-djubriva","status":"publish","type":"product","link":"https:\/\/www.sinpeks.com\/ba\/p\/6-redna-kukuruz-sejalica-irtem-ddsa-depoz-za-min-djubriva\/","title":{"rendered":"6 redna kukuruz.sejalica Irtem DD,sa depoz.za min \u0111ubrivo"},"content":{"rendered":"<p>Priklju\u010dna ma\u0161ina za traktor koja se koristi za setvu semena sa krupnim zrnom. Raspola\u017ee duplim diskom i ima 6 reda za setvu. Opremljena je sa depozitorima za \u0111ubrivo od 480L i 6 rezervoara za seme sa kapacitetom od 32 litara. Radna\u00a0 \u0161irina iznosi 3880 mm dok je razmak izme\u0111u redova 700mm.<\/p>\n","protected":false},"excerpt":{"rendered":"<p>Priklju\u010dna ma\u0161ina za traktor koja se koristi za setvu semena sa krupnim zrnom. Raspola\u017ee duplim diskom i ima 6 reda za setvu. Opremljena je sa depozitorima za \u0111ubrivo od 480L i 6 rezervoara za seme sa kapacitetom od 32 litara. Radna\u00a0 \u0161irina iznosi 3880 mm dok je razmak izme\u0111u redova 700mm.<\/p>\n","protected":false},"featured_media":17002,"comment_status":"open","ping_status":"closed","template":"","meta":{"_acf_changed":false},"product_brand":[],"product_cat":[88],"product_tag":[],"class_list":{"0":"post-16984","1":"product","2":"type-product","3":"status-publish","4":"has-post-thumbnail","6":"product_cat-za-kukuruz","7":"product_shipping_class-ostale-kategorije-makedonija","8":"pa_b-irtem","9":"pa_depozitori-za-djubrivo-sa-depozitorima-za-djubrivo","10":"pa_market-ba","11":"pa_market-mk","12":"pa_market-rs","13":"pa_min-snaga-traktora-100-ks","14":"pa_radna-sirina-388cm","15":"pa_tip-pogona-sijacice-pneumatske","17":"first","18":"instock","19":"sale","20":"taxable","21":"shipping-taxable","22":"purchasable","23":"product-type-simple"},"acf":[],"seolaxy_ctr_woo_product_custom_meta_description_content":"","_links":{"self":[{"href":"https:\/\/www.sinpeks.com\/ba\/wp-json\/wp\/v2\/product\/16984","targetHints":{"allow":["GET"]}}],"collection":[{"href":"https:\/\/www.sinpeks.com\/ba\/wp-json\/wp\/v2\/product"}],"about":[{"href":"https:\/\/www.sinpeks.com\/ba\/wp-json\/wp\/v2\/types\/product"}],"replies":[{"embeddable":true,"href":"https:\/\/www.sinpeks.com\/ba\/wp-json\/wp\/v2\/comments?post=16984"}],"wp:featuredmedia":[{"embeddable":true,"href":"https:\/\/www.sinpeks.com\/ba\/wp-json\/wp\/v2\/media\/17002"}],"wp:attachment":[{"href":"https:\/\/www.sinpeks.com\/ba\/wp-json\/wp\/v2\/media?parent=16984"}],"wp:term":[{"taxonomy":"product_brand","embeddable":true,"href":"https:\/\/www.sinpeks.com\/ba\/wp-json\/wp\/v2\/product_brand?post=16984"},{"taxonomy":"product_cat","embeddable":true,"href":"https:\/\/www.sinpeks.com\/ba\/wp-json\/wp\/v2\/product_cat?post=16984"},{"taxonomy":"product_tag","embeddable":true,"href":"https:\/\/www.sinpeks.com\/ba\/wp-json\/wp\/v2\/product_tag?post=16984"}],"curies":[{"name":"wp","href":"https:\/\/api.w.org\/{rel}","templated":true}]}}