{"id":16796,"date":"2025-03-18T22:27:56","date_gmt":"2025-03-18T22:27:56","guid":{"rendered":"https:\/\/sinpeksstaging.com\/p\/teleskopski-viljuskar-manitou-mt-x-1840\/"},"modified":"2025-12-02T12:23:31","modified_gmt":"2025-12-02T12:23:31","slug":"teleskopski-viljuskar-manitou-mt-x-1840","status":"publish","type":"product","link":"https:\/\/www.sinpeks.com\/ba\/p\/teleskopski-viljuskar-manitou-mt-x-1840\/","title":{"rendered":"Teleskopski vilju\u0161kar Manitou MT-X 1840"},"content":{"rendered":"<p>Teleskopski vilju\u0161kar MT-X 1840 je sposoban da podigne teret do 4 tone do 18 m i savr\u0161eno je prikladan za lokacije na kojima treba da radite na visini. Njegov veliki razmak od tla, 3 na\u010dina upravljanja i o\u0161tar radijus skretanja olak\u0161avaju manevrisanje na neravnom terenu. MT-X 1840 bezbedno obavlja rukovanje opterec\u0301enjima zahvaljujuc\u0301i podupira\u010dima i sistemu nivelisanja rama. Robusna, izdr\u017eljiva, prenosiva i raznovrsna, ne mo\u017eete bez ma\u0161ine koja bi mogla da bude okosnica rada na razli\u010ditim gradili\u0161tima. Posetite svog lokalnog Manitou dilera i zatra\u017eite demonstraciju danas.<\/p>\n","protected":false},"excerpt":{"rendered":"<p>Teleskopski vilju\u0161kar MT-X 1840 je sposoban da podigne teret do 4 tone do 18 m i savr\u0161eno je prikladan za lokacije na kojima treba da radite na visini. Njegov veliki razmak od tla, 3 na\u010dina upravljanja i o\u0161tar radijus skretanja olak\u0161avaju manevrisanje na neravnom terenu. MT-X 1840 bezbedno obavlja rukovanje opterec\u0301enjima zahvaljujuc\u0301i podupira\u010dima i sistemu [&hellip;]<\/p>\n","protected":false},"featured_media":16809,"comment_status":"open","ping_status":"closed","template":"","meta":{"_acf_changed":false},"product_brand":[],"product_cat":[167],"product_tag":[],"class_list":{"0":"post-16796","1":"product","2":"type-product","3":"status-publish","4":"has-post-thumbnail","6":"product_cat-terenski","7":"product_shipping_class-ostale-kategorije-makedonija","8":"pa_b-manitou","9":"pa_market-ba","10":"pa_market-mk","11":"pa_market-rs","12":"pa_nosivost-4000-kg","13":"pa_snaga-motora-5-kw-101-ks-74","14":"pa_visina-dizanja-1755-m","16":"first","17":"outofstock","18":"sale","19":"taxable","20":"shipping-taxable","21":"purchasable","22":"product-type-simple"},"acf":[],"seolaxy_ctr_woo_product_custom_meta_description_content":"","_links":{"self":[{"href":"https:\/\/www.sinpeks.com\/ba\/wp-json\/wp\/v2\/product\/16796","targetHints":{"allow":["GET"]}}],"collection":[{"href":"https:\/\/www.sinpeks.com\/ba\/wp-json\/wp\/v2\/product"}],"about":[{"href":"https:\/\/www.sinpeks.com\/ba\/wp-json\/wp\/v2\/types\/product"}],"replies":[{"embeddable":true,"href":"https:\/\/www.sinpeks.com\/ba\/wp-json\/wp\/v2\/comments?post=16796"}],"wp:featuredmedia":[{"embeddable":true,"href":"https:\/\/www.sinpeks.com\/ba\/wp-json\/wp\/v2\/media\/16809"}],"wp:attachment":[{"href":"https:\/\/www.sinpeks.com\/ba\/wp-json\/wp\/v2\/media?parent=16796"}],"wp:term":[{"taxonomy":"product_brand","embeddable":true,"href":"https:\/\/www.sinpeks.com\/ba\/wp-json\/wp\/v2\/product_brand?post=16796"},{"taxonomy":"product_cat","embeddable":true,"href":"https:\/\/www.sinpeks.com\/ba\/wp-json\/wp\/v2\/product_cat?post=16796"},{"taxonomy":"product_tag","embeddable":true,"href":"https:\/\/www.sinpeks.com\/ba\/wp-json\/wp\/v2\/product_tag?post=16796"}],"curies":[{"name":"wp","href":"https:\/\/api.w.org\/{rel}","templated":true}]}}