{"id":16469,"date":"2025-03-12T23:01:00","date_gmt":"2025-03-12T23:01:00","guid":{"rendered":"https:\/\/sinpeksstaging.com\/p\/plug-3-brazdni-14-inca-unlu-reverzibilan-mehanicki\/"},"modified":"2026-01-13T15:12:52","modified_gmt":"2026-01-13T15:12:52","slug":"plug-3-brazdni-14-inca-unlu-reverzibilan-mehanicki","status":"publish","type":"product","link":"https:\/\/www.sinpeks.com\/ba\/p\/plug-3-brazdni-14-inca-unlu-reverzibilan-mehanicki\/","title":{"rendered":"Plug 3 brazdni 14 in\u010da Unlu reverzibilan-mehani\u010dki"},"content":{"rendered":"<p>Reverzibilni plugovi za 3 brazde sa mehani\u010dkim pode\u0161avanjem, srednje te\u017eine omoguc\u0301avaju laku i prakti\u010dnu poljoprivrednu praksu. Okretanjem sa jedne na drugu stranu, operacija je brza i neprekidna.<\/p>\n","protected":false},"excerpt":{"rendered":"<p>Reverzibilni plugovi za 3 brazde sa mehani\u010dkim pode\u0161avanjem, srednje te\u017eine omoguc\u0301avaju laku i prakti\u010dnu poljoprivrednu praksu. Okretanjem sa jedne na drugu stranu, operacija je brza i neprekidna.<\/p>\n","protected":false},"featured_media":18275,"comment_status":"open","ping_status":"closed","template":"","meta":{"_acf_changed":false},"product_brand":[],"product_cat":[77],"product_tag":[],"class_list":{"0":"post-16469","1":"product","2":"type-product","3":"status-publish","4":"has-post-thumbnail","6":"product_cat-plugovi","7":"product_shipping_class-ostale-kategorije-bih","8":"pa_b-unlu","9":"pa_broj-brazdi-trobrazdni","10":"pa_broj-radnih-tijela-4404","11":"pa_market-ba","12":"pa_market-mk","13":"pa_market-rs","14":"pa_min-snaga-traktora-70-100-ks","15":"pa_radna-dubina-30-35-cm","16":"pa_radna-sirina-90-135-cm","18":"first","19":"instock","20":"sale","21":"taxable","22":"shipping-taxable","23":"purchasable","24":"product-type-simple"},"acf":[],"seolaxy_ctr_woo_product_custom_meta_description_content":"","_links":{"self":[{"href":"https:\/\/www.sinpeks.com\/ba\/wp-json\/wp\/v2\/product\/16469","targetHints":{"allow":["GET"]}}],"collection":[{"href":"https:\/\/www.sinpeks.com\/ba\/wp-json\/wp\/v2\/product"}],"about":[{"href":"https:\/\/www.sinpeks.com\/ba\/wp-json\/wp\/v2\/types\/product"}],"replies":[{"embeddable":true,"href":"https:\/\/www.sinpeks.com\/ba\/wp-json\/wp\/v2\/comments?post=16469"}],"wp:featuredmedia":[{"embeddable":true,"href":"https:\/\/www.sinpeks.com\/ba\/wp-json\/wp\/v2\/media\/18275"}],"wp:attachment":[{"href":"https:\/\/www.sinpeks.com\/ba\/wp-json\/wp\/v2\/media?parent=16469"}],"wp:term":[{"taxonomy":"product_brand","embeddable":true,"href":"https:\/\/www.sinpeks.com\/ba\/wp-json\/wp\/v2\/product_brand?post=16469"},{"taxonomy":"product_cat","embeddable":true,"href":"https:\/\/www.sinpeks.com\/ba\/wp-json\/wp\/v2\/product_cat?post=16469"},{"taxonomy":"product_tag","embeddable":true,"href":"https:\/\/www.sinpeks.com\/ba\/wp-json\/wp\/v2\/product_tag?post=16469"}],"curies":[{"name":"wp","href":"https:\/\/api.w.org\/{rel}","templated":true}]}}