{"id":16222,"date":"2025-03-10T11:52:03","date_gmt":"2025-03-10T11:52:03","guid":{"rendered":"https:\/\/sinpeksstaging.com\/p\/testera-baterija-punjac-gd40tcsk2-greenworks\/"},"modified":"2026-04-03T14:04:25","modified_gmt":"2026-04-03T14:04:25","slug":"testera-baterija-punjac-gd40tcsk2-greenworks","status":"publish","type":"product","link":"https:\/\/www.sinpeks.com\/ba\/p\/testera-baterija-punjac-gd40tcsk2-greenworks\/","title":{"rendered":"Testera + baterija + punja\u010d GD40TCSK2 Greenworks"},"content":{"rendered":"<p>Akumulatorska testera sa du\u017einom se\u010diva od 25 cm. *Kompatibilna baterija: 019686 &#8211; 6 Ah 020313 &#8211; 4 Ah<\/p>\n","protected":false},"excerpt":{"rendered":"<p>Akumulatorska testera sa du\u017einom se\u010diva od 25 cm. *Kompatibilna baterija: 019686 &#8211; 6 Ah 020313 &#8211; 4 Ah<\/p>\n","protected":false},"featured_media":16227,"comment_status":"open","ping_status":"closed","template":"","meta":{"_acf_changed":false},"product_brand":[],"product_cat":[3461],"product_tag":[],"class_list":{"0":"post-16222","1":"product","2":"type-product","3":"status-publish","4":"has-post-thumbnail","6":"product_cat-akumulatorske-motorne-pile","7":"product_shipping_class-alati-masine-bih","8":"pa_b-greenworks","9":"pa_market-ba","10":"pa_market-mk","11":"pa_market-rs","12":"pa_tip-baterije-2-ah-40-v-lithium-ion","14":"first","15":"instock","16":"sale","17":"featured","18":"taxable","19":"shipping-taxable","20":"purchasable","21":"product-type-simple"},"acf":[],"seolaxy_ctr_woo_product_custom_meta_description_content":"","_links":{"self":[{"href":"https:\/\/www.sinpeks.com\/ba\/wp-json\/wp\/v2\/product\/16222","targetHints":{"allow":["GET"]}}],"collection":[{"href":"https:\/\/www.sinpeks.com\/ba\/wp-json\/wp\/v2\/product"}],"about":[{"href":"https:\/\/www.sinpeks.com\/ba\/wp-json\/wp\/v2\/types\/product"}],"replies":[{"embeddable":true,"href":"https:\/\/www.sinpeks.com\/ba\/wp-json\/wp\/v2\/comments?post=16222"}],"wp:featuredmedia":[{"embeddable":true,"href":"https:\/\/www.sinpeks.com\/ba\/wp-json\/wp\/v2\/media\/16227"}],"wp:attachment":[{"href":"https:\/\/www.sinpeks.com\/ba\/wp-json\/wp\/v2\/media?parent=16222"}],"wp:term":[{"taxonomy":"product_brand","embeddable":true,"href":"https:\/\/www.sinpeks.com\/ba\/wp-json\/wp\/v2\/product_brand?post=16222"},{"taxonomy":"product_cat","embeddable":true,"href":"https:\/\/www.sinpeks.com\/ba\/wp-json\/wp\/v2\/product_cat?post=16222"},{"taxonomy":"product_tag","embeddable":true,"href":"https:\/\/www.sinpeks.com\/ba\/wp-json\/wp\/v2\/product_tag?post=16222"}],"curies":[{"name":"wp","href":"https:\/\/api.w.org\/{rel}","templated":true}]}}