{"id":16160,"date":"2025-03-10T06:37:14","date_gmt":"2025-03-10T06:37:14","guid":{"rendered":"https:\/\/sinpeksstaging.com\/p\/robotska-kosilica-cramer-rm1500-sa-kompletom-za-instalaciju\/"},"modified":"2025-12-02T15:19:50","modified_gmt":"2025-12-02T15:19:50","slug":"robotska-kosilica-cramer-rm1500-sa-kompletom-za-instalaciju","status":"publish","type":"product","link":"https:\/\/www.sinpeks.com\/ba\/p\/robotska-kosilica-cramer-rm1500-sa-kompletom-za-instalaciju\/","title":{"rendered":"Robotska kosilica Cramer RM1500 sa kompletom za instalaciju"},"content":{"rendered":"<p>Cramer vam nudi inovativne robotske kosilice koje c\u0301e vam olak\u0161ati ulazak u eru robotskih kosilica. Dolaze sa izuzetnim spektrom funkcija, kao i najnovijom tehnologijom i genijalno\u0161c\u0301u za savr\u0161ene rezultate, svaki put. Opremljen je GSM modulom za komunikaciju sa GPS-om preko va\u0161eg pametnog ure\u0111aja. Ima za\u0161titu od smrzavanja i ki\u0161e. Preko mobilne aplikacije mo\u017eete proveriti status, podesiti ga i za\u0161tititi od kra\u0111e.<\/p>\n","protected":false},"excerpt":{"rendered":"<p>Cramer vam nudi inovativne robotske kosilice koje c\u0301e vam olak\u0161ati ulazak u eru robotskih kosilica. Dolaze sa izuzetnim spektrom funkcija, kao i najnovijom tehnologijom i genijalno\u0161c\u0301u za savr\u0161ene rezultate, svaki put. Opremljen je GSM modulom za komunikaciju sa GPS-om preko va\u0161eg pametnog ure\u0111aja. Ima za\u0161titu od smrzavanja i ki\u0161e. Preko mobilne aplikacije mo\u017eete proveriti status, [&hellip;]<\/p>\n","protected":false},"featured_media":16200,"comment_status":"open","ping_status":"closed","template":"","meta":{"_acf_changed":false},"product_brand":[],"product_cat":[172],"product_tag":[],"class_list":{"0":"post-16160","1":"product","2":"type-product","3":"status-publish","4":"has-post-thumbnail","6":"product_cat-robotske","7":"product_shipping_class-alati-masine-makedonija","8":"pa_b-cramer","9":"pa_market-ba","10":"pa_market-mk","11":"pa_market-rs","12":"pa_povrsina-kosenja-1500-m2","14":"first","15":"outofstock","16":"sale","17":"taxable","18":"shipping-taxable","19":"purchasable","20":"product-type-simple"},"acf":[],"seolaxy_ctr_woo_product_custom_meta_description_content":"","_links":{"self":[{"href":"https:\/\/www.sinpeks.com\/ba\/wp-json\/wp\/v2\/product\/16160","targetHints":{"allow":["GET"]}}],"collection":[{"href":"https:\/\/www.sinpeks.com\/ba\/wp-json\/wp\/v2\/product"}],"about":[{"href":"https:\/\/www.sinpeks.com\/ba\/wp-json\/wp\/v2\/types\/product"}],"replies":[{"embeddable":true,"href":"https:\/\/www.sinpeks.com\/ba\/wp-json\/wp\/v2\/comments?post=16160"}],"wp:featuredmedia":[{"embeddable":true,"href":"https:\/\/www.sinpeks.com\/ba\/wp-json\/wp\/v2\/media\/16200"}],"wp:attachment":[{"href":"https:\/\/www.sinpeks.com\/ba\/wp-json\/wp\/v2\/media?parent=16160"}],"wp:term":[{"taxonomy":"product_brand","embeddable":true,"href":"https:\/\/www.sinpeks.com\/ba\/wp-json\/wp\/v2\/product_brand?post=16160"},{"taxonomy":"product_cat","embeddable":true,"href":"https:\/\/www.sinpeks.com\/ba\/wp-json\/wp\/v2\/product_cat?post=16160"},{"taxonomy":"product_tag","embeddable":true,"href":"https:\/\/www.sinpeks.com\/ba\/wp-json\/wp\/v2\/product_tag?post=16160"}],"curies":[{"name":"wp","href":"https:\/\/api.w.org\/{rel}","templated":true}]}}