{"id":16148,"date":"2025-03-10T06:37:10","date_gmt":"2025-03-10T06:37:10","guid":{"rendered":"https:\/\/sinpeksstaging.com\/p\/motorna-kosilica-agrina-53s-pro-samohodna\/"},"modified":"2026-05-16T10:11:49","modified_gmt":"2026-05-16T10:11:49","slug":"motorna-kosilica-agrina-53s-pro-samohodna","status":"publish","type":"product","link":"https:\/\/www.sinpeks.com\/ba\/p\/motorna-kosilica-agrina-53s-pro-samohodna\/","title":{"rendered":"Motorna kosilica Agrina 53S PRO  (samohodna)"},"content":{"rendered":"<p>Najvec\u0301a i najmoc\u0301nija motorna kosilica u asortimanu AGRINA &#8211; visokokvalitetan i dokazan brend za ba\u0161tensku opremu. Ima ekonomi\u010dan 4-taktni benzinski motor ogromne snage, sopstveni pogon, izuzetno veliki kolektor i dvostruku opciju za sakupljanje\/mal\u010diranje poko\u0161enog materijala. Ima velike zadnje to\u010dkove koji olak\u0161avaju upravljanje, robusnu metalnu platformu sa posebnom za\u0161titom od udara, nekoliko nivoa visine ko\u0161enja i mnoga ergonomska re\u0161enja koja c\u0301e olak\u0161ati rad sa ovom ma\u0161inom.<\/p>\n","protected":false},"excerpt":{"rendered":"<p>Najvec\u0301a i najmoc\u0301nija motorna kosilica u asortimanu AGRINA &#8211; visokokvalitetan i dokazan brend za ba\u0161tensku opremu. Ima ekonomi\u010dan 4-taktni benzinski motor ogromne snage, sopstveni pogon, izuzetno veliki kolektor i dvostruku opciju za sakupljanje\/mal\u010diranje poko\u0161enog materijala. Ima velike zadnje to\u010dkove koji olak\u0161avaju upravljanje, robusnu metalnu platformu sa posebnom za\u0161titom od udara, nekoliko nivoa visine ko\u0161enja i [&hellip;]<\/p>\n","protected":false},"featured_media":16175,"comment_status":"open","ping_status":"closed","template":"","meta":{"_acf_changed":false},"product_brand":[],"product_cat":[171],"product_tag":[],"class_list":{"0":"post-16148","1":"product","2":"type-product","3":"status-publish","4":"has-post-thumbnail","6":"product_cat-benzinske","7":"product_shipping_class-alati-masine-bih","8":"pa_b-agrina","9":"pa_market-ba","10":"pa_market-mk","11":"pa_market-rs","12":"pa_pogon-samohodne","13":"pa_radna-sirina-53-cm","14":"pa_snaga-4200-w","16":"first","17":"instock","18":"sale","19":"taxable","20":"shipping-taxable","21":"purchasable","22":"product-type-simple"},"acf":[],"seolaxy_ctr_woo_product_custom_meta_description_content":"","_links":{"self":[{"href":"https:\/\/www.sinpeks.com\/ba\/wp-json\/wp\/v2\/product\/16148","targetHints":{"allow":["GET"]}}],"collection":[{"href":"https:\/\/www.sinpeks.com\/ba\/wp-json\/wp\/v2\/product"}],"about":[{"href":"https:\/\/www.sinpeks.com\/ba\/wp-json\/wp\/v2\/types\/product"}],"replies":[{"embeddable":true,"href":"https:\/\/www.sinpeks.com\/ba\/wp-json\/wp\/v2\/comments?post=16148"}],"wp:featuredmedia":[{"embeddable":true,"href":"https:\/\/www.sinpeks.com\/ba\/wp-json\/wp\/v2\/media\/16175"}],"wp:attachment":[{"href":"https:\/\/www.sinpeks.com\/ba\/wp-json\/wp\/v2\/media?parent=16148"}],"wp:term":[{"taxonomy":"product_brand","embeddable":true,"href":"https:\/\/www.sinpeks.com\/ba\/wp-json\/wp\/v2\/product_brand?post=16148"},{"taxonomy":"product_cat","embeddable":true,"href":"https:\/\/www.sinpeks.com\/ba\/wp-json\/wp\/v2\/product_cat?post=16148"},{"taxonomy":"product_tag","embeddable":true,"href":"https:\/\/www.sinpeks.com\/ba\/wp-json\/wp\/v2\/product_tag?post=16148"}],"curies":[{"name":"wp","href":"https:\/\/api.w.org\/{rel}","templated":true}]}}