{"id":14230,"date":"2025-01-20T18:23:59","date_gmt":"2025-01-20T18:23:59","guid":{"rendered":"https:\/\/sinpeksstaging.com\/p\/agregat-agropover-red-35-kva-sa-2-utikaca-sa-kljucem\/"},"modified":"2025-12-25T14:53:05","modified_gmt":"2025-12-25T14:53:05","slug":"agregat-agropover-red-35-kva-sa-2-utikaca-sa-kljucem","status":"publish","type":"product","link":"https:\/\/www.sinpeks.com\/ba\/p\/agregat-agropover-red-35-kva-sa-2-utikaca-sa-kljucem\/","title":{"rendered":"Agregat Agropower red 3,5 kVA sa 2 utika\u010da sa klju\u010dem"},"content":{"rendered":"<p>Benzinski agregat za proizvodnju elektri\u010dne energije sa dva monofazna izlaza i elektri\u010dnim startom.<\/p>\n","protected":false},"excerpt":{"rendered":"<p>Benzinski agregat za proizvodnju elektri\u010dne energije sa dva monofazna izlaza i elektri\u010dnim startom.<\/p>\n","protected":false},"featured_media":17293,"comment_status":"open","ping_status":"closed","template":"","meta":{"_acf_changed":false},"product_brand":[],"product_cat":[215],"product_tag":[],"class_list":{"0":"post-14230","1":"product","2":"type-product","3":"status-publish","4":"has-post-thumbnail","6":"product_cat-agregati-za-struju","7":"product_shipping_class-alati-masine-makedonija","8":"pa_b-agropower","9":"pa_gorivo-benzin","10":"pa_market-ba","11":"pa_market-mk","12":"pa_market-rs","13":"pa_nominalna-snaga-2-8-kw","14":"pa_sistem-paljenja-na-trzaj","16":"first","17":"outofstock","18":"sale","19":"taxable","20":"shipping-taxable","21":"purchasable","22":"product-type-simple"},"acf":[],"seolaxy_ctr_woo_product_custom_meta_description_content":"","_links":{"self":[{"href":"https:\/\/www.sinpeks.com\/ba\/wp-json\/wp\/v2\/product\/14230","targetHints":{"allow":["GET"]}}],"collection":[{"href":"https:\/\/www.sinpeks.com\/ba\/wp-json\/wp\/v2\/product"}],"about":[{"href":"https:\/\/www.sinpeks.com\/ba\/wp-json\/wp\/v2\/types\/product"}],"replies":[{"embeddable":true,"href":"https:\/\/www.sinpeks.com\/ba\/wp-json\/wp\/v2\/comments?post=14230"}],"wp:featuredmedia":[{"embeddable":true,"href":"https:\/\/www.sinpeks.com\/ba\/wp-json\/wp\/v2\/media\/17293"}],"wp:attachment":[{"href":"https:\/\/www.sinpeks.com\/ba\/wp-json\/wp\/v2\/media?parent=14230"}],"wp:term":[{"taxonomy":"product_brand","embeddable":true,"href":"https:\/\/www.sinpeks.com\/ba\/wp-json\/wp\/v2\/product_brand?post=14230"},{"taxonomy":"product_cat","embeddable":true,"href":"https:\/\/www.sinpeks.com\/ba\/wp-json\/wp\/v2\/product_cat?post=14230"},{"taxonomy":"product_tag","embeddable":true,"href":"https:\/\/www.sinpeks.com\/ba\/wp-json\/wp\/v2\/product_tag?post=14230"}],"curies":[{"name":"wp","href":"https:\/\/api.w.org\/{rel}","templated":true}]}}