{"id":13951,"date":"2025-01-20T18:22:57","date_gmt":"2025-01-20T18:22:57","guid":{"rendered":"https:\/\/sinpeksstaging.com\/p\/burgija-mak4-p-77908\/"},"modified":"2026-05-16T00:20:55","modified_gmt":"2026-05-16T00:20:55","slug":"burgija-mak4-p-77908","status":"publish","type":"product","link":"https:\/\/www.sinpeks.com\/ba\/p\/burgija-mak4-p-77908\/","title":{"rendered":"Burgija MAK4 P-77908"},"content":{"rendered":"<p>Makita burgija 24x520mm MAK4 SDS-MAX visokih performansi i izdr\u017eljivosti, burgija za bu\u0161enje betona i kamena i obezbe\u0111uje odli\u010dno uklanjanje ise\u010daka zahvaljujuc\u0301i skrac\u0301enih spiralnih \u017elebova.<\/p>\n","protected":false},"excerpt":{"rendered":"<p>Makita burgija 24x520mm MAK4 SDS-MAX visokih performansi i izdr\u017eljivosti, burgija za bu\u0161enje betona i kamena i obezbe\u0111uje odli\u010dno uklanjanje ise\u010daka zahvaljujuc\u0301i skrac\u0301enih spiralnih \u017elebova.<\/p>\n","protected":false},"featured_media":20166,"comment_status":"open","ping_status":"closed","template":"","meta":{"_acf_changed":false},"product_brand":[],"product_cat":[227],"product_tag":[],"class_list":{"0":"post-13951","1":"product","2":"type-product","3":"status-publish","4":"has-post-thumbnail","6":"product_cat-svrdla-dlijeta","7":"product_shipping_class-alati-masine-makedonija","8":"pa_b-makita","9":"pa_market-ba","10":"pa_market-mk","11":"pa_market-rs","12":"pa_precnik-mm-4690","13":"pa_prihvat-sds-max","15":"first","16":"outofstock","17":"sale","18":"taxable","19":"shipping-taxable","20":"purchasable","21":"product-type-simple"},"acf":[],"seolaxy_ctr_woo_product_custom_meta_description_content":"","_links":{"self":[{"href":"https:\/\/www.sinpeks.com\/ba\/wp-json\/wp\/v2\/product\/13951","targetHints":{"allow":["GET"]}}],"collection":[{"href":"https:\/\/www.sinpeks.com\/ba\/wp-json\/wp\/v2\/product"}],"about":[{"href":"https:\/\/www.sinpeks.com\/ba\/wp-json\/wp\/v2\/types\/product"}],"replies":[{"embeddable":true,"href":"https:\/\/www.sinpeks.com\/ba\/wp-json\/wp\/v2\/comments?post=13951"}],"wp:featuredmedia":[{"embeddable":true,"href":"https:\/\/www.sinpeks.com\/ba\/wp-json\/wp\/v2\/media\/20166"}],"wp:attachment":[{"href":"https:\/\/www.sinpeks.com\/ba\/wp-json\/wp\/v2\/media?parent=13951"}],"wp:term":[{"taxonomy":"product_brand","embeddable":true,"href":"https:\/\/www.sinpeks.com\/ba\/wp-json\/wp\/v2\/product_brand?post=13951"},{"taxonomy":"product_cat","embeddable":true,"href":"https:\/\/www.sinpeks.com\/ba\/wp-json\/wp\/v2\/product_cat?post=13951"},{"taxonomy":"product_tag","embeddable":true,"href":"https:\/\/www.sinpeks.com\/ba\/wp-json\/wp\/v2\/product_tag?post=13951"}],"curies":[{"name":"wp","href":"https:\/\/api.w.org\/{rel}","templated":true}]}}