{"id":13926,"date":"2025-01-20T18:22:51","date_gmt":"2025-01-20T18:22:51","guid":{"rendered":"https:\/\/sinpeksstaging.com\/p\/burgija-d-33984\/"},"modified":"2026-01-13T14:40:57","modified_gmt":"2026-01-13T14:40:57","slug":"burgija-d-33984","status":"publish","type":"product","link":"https:\/\/www.sinpeks.com\/ba\/p\/burgija-d-33984\/","title":{"rendered":"Burgija D-33984"},"content":{"rendered":"<p>Burgija sa 2 seka\u010da 20mmx540mm SDS-MAX za zidove i beton. Vrh od \u010dvrstog karbida sa ta\u010dkom za centriranje i optimizovanim \u017elebovima nudi velike brzine bu\u0161enja za izvo\u0111a\u010de radova.<\/p>\n","protected":false},"excerpt":{"rendered":"<p>Burgija sa 2 seka\u010da 20mmx540mm SDS-MAX za zidove i beton. Vrh od \u010dvrstog karbida sa ta\u010dkom za centriranje i optimizovanim \u017elebovima nudi velike brzine bu\u0161enja za izvo\u0111a\u010de radova.<\/p>\n","protected":false},"featured_media":20148,"comment_status":"open","ping_status":"closed","template":"","meta":{"_acf_changed":false},"product_brand":[],"product_cat":[227],"product_tag":[],"class_list":{"0":"post-13926","1":"product","2":"type-product","3":"status-publish","4":"has-post-thumbnail","6":"product_cat-svrdla-dlijeta","7":"product_shipping_class-alati-masine-makedonija","8":"pa_b-makita","9":"pa_market-ba","10":"pa_market-mk","11":"pa_market-rs","12":"pa_precnik-mm-4681","13":"pa_prihvat-sds-max","15":"first","16":"outofstock","17":"sale","18":"taxable","19":"shipping-taxable","20":"purchasable","21":"product-type-simple"},"acf":[],"seolaxy_ctr_woo_product_custom_meta_description_content":"","_links":{"self":[{"href":"https:\/\/www.sinpeks.com\/ba\/wp-json\/wp\/v2\/product\/13926","targetHints":{"allow":["GET"]}}],"collection":[{"href":"https:\/\/www.sinpeks.com\/ba\/wp-json\/wp\/v2\/product"}],"about":[{"href":"https:\/\/www.sinpeks.com\/ba\/wp-json\/wp\/v2\/types\/product"}],"replies":[{"embeddable":true,"href":"https:\/\/www.sinpeks.com\/ba\/wp-json\/wp\/v2\/comments?post=13926"}],"wp:featuredmedia":[{"embeddable":true,"href":"https:\/\/www.sinpeks.com\/ba\/wp-json\/wp\/v2\/media\/20148"}],"wp:attachment":[{"href":"https:\/\/www.sinpeks.com\/ba\/wp-json\/wp\/v2\/media?parent=13926"}],"wp:term":[{"taxonomy":"product_brand","embeddable":true,"href":"https:\/\/www.sinpeks.com\/ba\/wp-json\/wp\/v2\/product_brand?post=13926"},{"taxonomy":"product_cat","embeddable":true,"href":"https:\/\/www.sinpeks.com\/ba\/wp-json\/wp\/v2\/product_cat?post=13926"},{"taxonomy":"product_tag","embeddable":true,"href":"https:\/\/www.sinpeks.com\/ba\/wp-json\/wp\/v2\/product_tag?post=13926"}],"curies":[{"name":"wp","href":"https:\/\/api.w.org\/{rel}","templated":true}]}}