{"id":13919,"date":"2025-01-20T18:22:50","date_gmt":"2025-01-20T18:22:50","guid":{"rendered":"https:\/\/sinpeksstaging.com\/p\/burgija-za-zid-d-17734\/"},"modified":"2025-12-02T15:19:04","modified_gmt":"2025-12-02T15:19:04","slug":"burgija-za-zid-d-17734","status":"publish","type":"product","link":"https:\/\/www.sinpeks.com\/ba\/p\/burgija-za-zid-d-17734\/","title":{"rendered":"Burgija za zid D-17734"},"content":{"rendered":"<p>Makita burgija 16x600mm za zid sa dobrom brzinom bu\u0161enja po niskoj ceni. Vrh od \u010dvrstog karbida sa ta\u010dkom za centriranje i optimizovanim \u017elebovima nudi velike brzine bu\u0161enja.<\/p>\n","protected":false},"excerpt":{"rendered":"<p>Makita burgija 16x600mm za zid sa dobrom brzinom bu\u0161enja po niskoj ceni. Vrh od \u010dvrstog karbida sa ta\u010dkom za centriranje i optimizovanim \u017elebovima nudi velike brzine bu\u0161enja.<\/p>\n","protected":false},"featured_media":20404,"comment_status":"open","ping_status":"closed","template":"","meta":{"_acf_changed":false},"product_brand":[],"product_cat":[227],"product_tag":[],"class_list":{"0":"post-13919","1":"product","2":"type-product","3":"status-publish","4":"has-post-thumbnail","6":"product_cat-svrdla-dlijeta","7":"product_shipping_class-817","8":"pa_b-makita","9":"pa_market-ba","10":"pa_market-mk","11":"pa_market-rs","12":"pa_precnik-mm-4687","13":"pa_prihvat-cilindricne","15":"first","16":"outofstock","17":"taxable","18":"shipping-taxable","19":"purchasable","20":"product-type-simple"},"acf":[],"seolaxy_ctr_woo_product_custom_meta_description_content":"","_links":{"self":[{"href":"https:\/\/www.sinpeks.com\/ba\/wp-json\/wp\/v2\/product\/13919","targetHints":{"allow":["GET"]}}],"collection":[{"href":"https:\/\/www.sinpeks.com\/ba\/wp-json\/wp\/v2\/product"}],"about":[{"href":"https:\/\/www.sinpeks.com\/ba\/wp-json\/wp\/v2\/types\/product"}],"replies":[{"embeddable":true,"href":"https:\/\/www.sinpeks.com\/ba\/wp-json\/wp\/v2\/comments?post=13919"}],"wp:featuredmedia":[{"embeddable":true,"href":"https:\/\/www.sinpeks.com\/ba\/wp-json\/wp\/v2\/media\/20404"}],"wp:attachment":[{"href":"https:\/\/www.sinpeks.com\/ba\/wp-json\/wp\/v2\/media?parent=13919"}],"wp:term":[{"taxonomy":"product_brand","embeddable":true,"href":"https:\/\/www.sinpeks.com\/ba\/wp-json\/wp\/v2\/product_brand?post=13919"},{"taxonomy":"product_cat","embeddable":true,"href":"https:\/\/www.sinpeks.com\/ba\/wp-json\/wp\/v2\/product_cat?post=13919"},{"taxonomy":"product_tag","embeddable":true,"href":"https:\/\/www.sinpeks.com\/ba\/wp-json\/wp\/v2\/product_tag?post=13919"}],"curies":[{"name":"wp","href":"https:\/\/api.w.org\/{rel}","templated":true}]}}