{"id":13617,"date":"2025-01-20T18:21:44","date_gmt":"2025-01-20T18:21:44","guid":{"rendered":"https:\/\/sinpeksstaging.com\/p\/motokultivator-migliori-garden-500-benzin\/"},"modified":"2026-05-16T11:27:50","modified_gmt":"2026-05-16T11:27:50","slug":"motokultivator-migliori-garden-500-benzin","status":"publish","type":"product","link":"https:\/\/www.sinpeks.com\/ba\/p\/motokultivator-migliori-garden-500-benzin\/","title":{"rendered":"Motokultivator Migliori Garden 500 \u2013 benzin"},"content":{"rendered":"<p>Poljoprivredna ma\u0161ina namenjena za pripremu i drobljenje zemlji\u0161ta u dvori\u0161tu, ba\u0161ti, plasteniku&#8230; Sna\u017ean motor, ergonomski dizajn, visok kvalitet. To\u010dkovi sa specijalnim gumama za dereze obezbe\u0111uju lako i ravnomerno kretanje \u010dak i na najlo\u0161ijim terenima, a seka\u010di od najkvalitetnijeg \u010delika efikasno drobe i najja\u010de tlo. Ima menja\u010d sa nekoliko stepeni kretanja (napred + nazad), \u010detvorotaktni, ekonomi\u010dan, benzinski motor i ergonomski dizajniran volan koji se mo\u017ee podesiti prema zahtevima rukovaoca.<\/p>\n","protected":false},"excerpt":{"rendered":"<p>Poljoprivredna ma\u0161ina namenjena za pripremu i drobljenje zemlji\u0161ta u dvori\u0161tu, ba\u0161ti, plasteniku&#8230; Sna\u017ean motor, ergonomski dizajn, visok kvalitet. To\u010dkovi sa specijalnim gumama za dereze obezbe\u0111uju lako i ravnomerno kretanje \u010dak i na najlo\u0161ijim terenima, a seka\u010di od najkvalitetnijeg \u010delika efikasno drobe i najja\u010de tlo. Ima menja\u010d sa nekoliko stepeni kretanja (napred + nazad), \u010detvorotaktni, ekonomi\u010dan, [&hellip;]<\/p>\n","protected":false},"featured_media":18607,"comment_status":"open","ping_status":"closed","template":"","meta":{"_acf_changed":false},"product_brand":[],"product_cat":[177],"product_tag":[],"class_list":{"0":"post-13617","1":"product","2":"type-product","3":"status-publish","4":"has-post-thumbnail","6":"product_cat-motokultivatori","7":"product_shipping_class-alati-masine-makedonija","8":"pa_b-migliori","9":"pa_market-ba","10":"pa_market-mk","11":"pa_market-rs","12":"pa_radna-sirina-60-90-cm","13":"pa_snaga-motora-7-ks","15":"first","16":"outofstock","17":"sale","18":"taxable","19":"shipping-taxable","20":"purchasable","21":"product-type-simple"},"acf":[],"seolaxy_ctr_woo_product_custom_meta_description_content":"","_links":{"self":[{"href":"https:\/\/www.sinpeks.com\/ba\/wp-json\/wp\/v2\/product\/13617","targetHints":{"allow":["GET"]}}],"collection":[{"href":"https:\/\/www.sinpeks.com\/ba\/wp-json\/wp\/v2\/product"}],"about":[{"href":"https:\/\/www.sinpeks.com\/ba\/wp-json\/wp\/v2\/types\/product"}],"replies":[{"embeddable":true,"href":"https:\/\/www.sinpeks.com\/ba\/wp-json\/wp\/v2\/comments?post=13617"}],"wp:featuredmedia":[{"embeddable":true,"href":"https:\/\/www.sinpeks.com\/ba\/wp-json\/wp\/v2\/media\/18607"}],"wp:attachment":[{"href":"https:\/\/www.sinpeks.com\/ba\/wp-json\/wp\/v2\/media?parent=13617"}],"wp:term":[{"taxonomy":"product_brand","embeddable":true,"href":"https:\/\/www.sinpeks.com\/ba\/wp-json\/wp\/v2\/product_brand?post=13617"},{"taxonomy":"product_cat","embeddable":true,"href":"https:\/\/www.sinpeks.com\/ba\/wp-json\/wp\/v2\/product_cat?post=13617"},{"taxonomy":"product_tag","embeddable":true,"href":"https:\/\/www.sinpeks.com\/ba\/wp-json\/wp\/v2\/product_tag?post=13617"}],"curies":[{"name":"wp","href":"https:\/\/api.w.org\/{rel}","templated":true}]}}