{"id":13612,"date":"2025-01-20T18:21:43","date_gmt":"2025-01-20T18:21:43","guid":{"rendered":"https:\/\/sinpeksstaging.com\/p\/akumulatorski-duvac-lisca-elab200281-emtop\/"},"modified":"2026-05-16T00:42:48","modified_gmt":"2026-05-16T00:42:48","slug":"akumulatorski-duvac-lisca-elab200281-emtop","status":"publish","type":"product","link":"https:\/\/www.sinpeks.com\/ba\/p\/akumulatorski-duvac-lisca-elab200281-emtop\/","title":{"rendered":"Akumulatorski duva\u010d li\u0161\u0107a ELAB200281 Emtop"},"content":{"rendered":"<p>Akumulatorska duva\u010d li\u0161\u0107a ELAB200281 Emtop sa 20 V 2 Ah litijumskom baterijom.<\/p>\n","protected":false},"excerpt":{"rendered":"<p>Akumulatorska duva\u010d li\u0161\u0107a ELAB200281 Emtop sa 20 V 2 Ah litijumskom baterijom.<\/p>\n","protected":false},"featured_media":19381,"comment_status":"open","ping_status":"closed","template":"","meta":{"_acf_changed":false},"product_brand":[],"product_cat":[5188,179],"product_tag":[],"class_list":{"0":"post-13612","1":"product","2":"type-product","3":"status-publish","4":"has-post-thumbnail","6":"product_cat-emtop-akcija","7":"product_cat-puhaci-lisca","8":"product_shipping_class-alati-masine-makedonija","9":"pa_b-emtop","10":"pa_market-ba","11":"pa_market-mk","12":"pa_market-rs","14":"first","15":"outofstock","16":"sale","17":"taxable","18":"shipping-taxable","19":"purchasable","20":"product-type-simple"},"acf":[],"seolaxy_ctr_woo_product_custom_meta_description_content":"","_links":{"self":[{"href":"https:\/\/www.sinpeks.com\/ba\/wp-json\/wp\/v2\/product\/13612","targetHints":{"allow":["GET"]}}],"collection":[{"href":"https:\/\/www.sinpeks.com\/ba\/wp-json\/wp\/v2\/product"}],"about":[{"href":"https:\/\/www.sinpeks.com\/ba\/wp-json\/wp\/v2\/types\/product"}],"replies":[{"embeddable":true,"href":"https:\/\/www.sinpeks.com\/ba\/wp-json\/wp\/v2\/comments?post=13612"}],"wp:featuredmedia":[{"embeddable":true,"href":"https:\/\/www.sinpeks.com\/ba\/wp-json\/wp\/v2\/media\/19381"}],"wp:attachment":[{"href":"https:\/\/www.sinpeks.com\/ba\/wp-json\/wp\/v2\/media?parent=13612"}],"wp:term":[{"taxonomy":"product_brand","embeddable":true,"href":"https:\/\/www.sinpeks.com\/ba\/wp-json\/wp\/v2\/product_brand?post=13612"},{"taxonomy":"product_cat","embeddable":true,"href":"https:\/\/www.sinpeks.com\/ba\/wp-json\/wp\/v2\/product_cat?post=13612"},{"taxonomy":"product_tag","embeddable":true,"href":"https:\/\/www.sinpeks.com\/ba\/wp-json\/wp\/v2\/product_tag?post=13612"}],"curies":[{"name":"wp","href":"https:\/\/api.w.org\/{rel}","templated":true}]}}