{"id":13597,"date":"2025-01-20T18:21:39","date_gmt":"2025-01-20T18:21:39","guid":{"rendered":"https:\/\/sinpeksstaging.com\/p\/elektricna-kosilica-ag-1500\/"},"modified":"2026-05-16T12:39:28","modified_gmt":"2026-05-16T12:39:28","slug":"elektricna-kosilica-ag-1500","status":"publish","type":"product","link":"https:\/\/www.sinpeks.com\/ba\/p\/elektricna-kosilica-ag-1500\/","title":{"rendered":"Elektri\u010dna kosilica AG 1500"},"content":{"rendered":"<p>Elektri\u010dna kosilica sa sna\u017enim motorom od 1500W\u00a0 i \u0161irinom ko\u0161enja od 36 cm<\/p>\n","protected":false},"excerpt":{"rendered":"<p>Elektri\u010dna kosilica sa sna\u017enim motorom od 1500W\u00a0 i \u0161irinom ko\u0161enja od 36 cm<\/p>\n","protected":false},"featured_media":18788,"comment_status":"open","ping_status":"closed","template":"","meta":{"_acf_changed":false},"product_brand":[],"product_cat":[173],"product_tag":[],"class_list":{"0":"post-13597","1":"product","2":"type-product","3":"status-publish","4":"has-post-thumbnail","6":"product_cat-elektricne","7":"product_shipping_class-alati-masine-bih","8":"pa_b-agrina","9":"pa_market-ba","10":"pa_market-mk","11":"pa_market-rs","13":"first","14":"instock","15":"sale","16":"taxable","17":"shipping-taxable","18":"purchasable","19":"product-type-simple"},"acf":[],"seolaxy_ctr_woo_product_custom_meta_description_content":"","_links":{"self":[{"href":"https:\/\/www.sinpeks.com\/ba\/wp-json\/wp\/v2\/product\/13597","targetHints":{"allow":["GET"]}}],"collection":[{"href":"https:\/\/www.sinpeks.com\/ba\/wp-json\/wp\/v2\/product"}],"about":[{"href":"https:\/\/www.sinpeks.com\/ba\/wp-json\/wp\/v2\/types\/product"}],"replies":[{"embeddable":true,"href":"https:\/\/www.sinpeks.com\/ba\/wp-json\/wp\/v2\/comments?post=13597"}],"wp:featuredmedia":[{"embeddable":true,"href":"https:\/\/www.sinpeks.com\/ba\/wp-json\/wp\/v2\/media\/18788"}],"wp:attachment":[{"href":"https:\/\/www.sinpeks.com\/ba\/wp-json\/wp\/v2\/media?parent=13597"}],"wp:term":[{"taxonomy":"product_brand","embeddable":true,"href":"https:\/\/www.sinpeks.com\/ba\/wp-json\/wp\/v2\/product_brand?post=13597"},{"taxonomy":"product_cat","embeddable":true,"href":"https:\/\/www.sinpeks.com\/ba\/wp-json\/wp\/v2\/product_cat?post=13597"},{"taxonomy":"product_tag","embeddable":true,"href":"https:\/\/www.sinpeks.com\/ba\/wp-json\/wp\/v2\/product_tag?post=13597"}],"curies":[{"name":"wp","href":"https:\/\/api.w.org\/{rel}","templated":true}]}}