{"id":13592,"date":"2025-01-20T18:21:38","date_gmt":"2025-01-20T18:21:38","guid":{"rendered":"https:\/\/sinpeksstaging.com\/p\/multifunkcionalni-motorni-trimer-agrina\/"},"modified":"2026-05-16T13:15:28","modified_gmt":"2026-05-16T13:15:28","slug":"multifunkcionalni-motorni-trimer-agrina","status":"publish","type":"product","link":"https:\/\/www.sinpeks.com\/ba\/p\/multifunkcionalni-motorni-trimer-agrina\/","title":{"rendered":"Multifunkcionalni motorni trimer Agrina"},"content":{"rendered":"<p>Multifunkcionalni trimer Agrina sa priborom za \u017eivu ogradu, motornom testerom, glavom trimera i no\u017eem, sa dodatnom opcijom za nastavak za seka\u010de<\/p>\n","protected":false},"excerpt":{"rendered":"<p>Multifunkcionalni trimer Agrina sa priborom za \u017eivu ogradu, motornom testerom, glavom trimera i no\u017eem, sa dodatnom opcijom za nastavak za seka\u010de<\/p>\n","protected":false},"featured_media":18693,"comment_status":"open","ping_status":"closed","template":"","meta":{"_acf_changed":false},"product_brand":[],"product_cat":[178],"product_tag":[],"class_list":{"0":"post-13592","1":"product","2":"type-product","3":"status-publish","4":"has-post-thumbnail","6":"product_cat-trimeri","7":"product_shipping_class-alati-masine-bih","8":"pa_b-agrina","9":"pa_market-ba","10":"pa_market-mk","11":"pa_market-rs","13":"first","14":"instock","15":"sale","16":"taxable","17":"shipping-taxable","18":"purchasable","19":"product-type-simple"},"acf":[],"seolaxy_ctr_woo_product_custom_meta_description_content":"","_links":{"self":[{"href":"https:\/\/www.sinpeks.com\/ba\/wp-json\/wp\/v2\/product\/13592","targetHints":{"allow":["GET"]}}],"collection":[{"href":"https:\/\/www.sinpeks.com\/ba\/wp-json\/wp\/v2\/product"}],"about":[{"href":"https:\/\/www.sinpeks.com\/ba\/wp-json\/wp\/v2\/types\/product"}],"replies":[{"embeddable":true,"href":"https:\/\/www.sinpeks.com\/ba\/wp-json\/wp\/v2\/comments?post=13592"}],"wp:featuredmedia":[{"embeddable":true,"href":"https:\/\/www.sinpeks.com\/ba\/wp-json\/wp\/v2\/media\/18693"}],"wp:attachment":[{"href":"https:\/\/www.sinpeks.com\/ba\/wp-json\/wp\/v2\/media?parent=13592"}],"wp:term":[{"taxonomy":"product_brand","embeddable":true,"href":"https:\/\/www.sinpeks.com\/ba\/wp-json\/wp\/v2\/product_brand?post=13592"},{"taxonomy":"product_cat","embeddable":true,"href":"https:\/\/www.sinpeks.com\/ba\/wp-json\/wp\/v2\/product_cat?post=13592"},{"taxonomy":"product_tag","embeddable":true,"href":"https:\/\/www.sinpeks.com\/ba\/wp-json\/wp\/v2\/product_tag?post=13592"}],"curies":[{"name":"wp","href":"https:\/\/api.w.org\/{rel}","templated":true}]}}