{"id":13571,"date":"2025-01-20T18:21:35","date_gmt":"2025-01-20T18:21:35","guid":{"rendered":"https:\/\/sinpeksstaging.com\/p\/akumulatorska-testera-elga20581-emtop\/"},"modified":"2026-05-16T00:38:46","modified_gmt":"2026-05-16T00:38:46","slug":"akumulatorska-testera-elga20581-emtop","status":"publish","type":"product","link":"https:\/\/www.sinpeks.com\/ba\/p\/akumulatorska-testera-elga20581-emtop\/","title":{"rendered":"Akumulatorska testera ELGA20581 Emtop"},"content":{"rendered":"<p>Akumulatorska ru\u010dna testera za grane, litijumska baterija i ma\u010d\u00a0du\u017eine 5&#8221; (13cm). Set se sastoji od testere sa ma\u0107em i lancem, posuda za ulje, za\u0161titnih nao\u010dara, rukavica i klju\u010d (alat).<\/p>\n","protected":false},"excerpt":{"rendered":"<p>Akumulatorska ru\u010dna testera za grane, litijumska baterija i ma\u010d\u00a0du\u017eine 5&#8221; (13cm). Set se sastoji od testere sa ma\u0107em i lancem, posuda za ulje, za\u0161titnih nao\u010dara, rukavica i klju\u010d (alat).<\/p>\n","protected":false},"featured_media":18794,"comment_status":"open","ping_status":"closed","template":"","meta":{"_acf_changed":false},"product_brand":[],"product_cat":[5188,181],"product_tag":[],"class_list":{"0":"post-13571","1":"product","2":"type-product","3":"status-publish","4":"has-post-thumbnail","6":"product_cat-emtop-akcija","7":"product_cat-pile-za-grane","8":"product_shipping_class-alati-masine-bih","9":"pa_b-emtop","10":"pa_market-ba","11":"pa_market-mk","12":"pa_market-rs","14":"first","15":"instock","16":"sale","17":"taxable","18":"shipping-taxable","19":"purchasable","20":"product-type-simple"},"acf":[],"seolaxy_ctr_woo_product_custom_meta_description_content":"","_links":{"self":[{"href":"https:\/\/www.sinpeks.com\/ba\/wp-json\/wp\/v2\/product\/13571","targetHints":{"allow":["GET"]}}],"collection":[{"href":"https:\/\/www.sinpeks.com\/ba\/wp-json\/wp\/v2\/product"}],"about":[{"href":"https:\/\/www.sinpeks.com\/ba\/wp-json\/wp\/v2\/types\/product"}],"replies":[{"embeddable":true,"href":"https:\/\/www.sinpeks.com\/ba\/wp-json\/wp\/v2\/comments?post=13571"}],"wp:featuredmedia":[{"embeddable":true,"href":"https:\/\/www.sinpeks.com\/ba\/wp-json\/wp\/v2\/media\/18794"}],"wp:attachment":[{"href":"https:\/\/www.sinpeks.com\/ba\/wp-json\/wp\/v2\/media?parent=13571"}],"wp:term":[{"taxonomy":"product_brand","embeddable":true,"href":"https:\/\/www.sinpeks.com\/ba\/wp-json\/wp\/v2\/product_brand?post=13571"},{"taxonomy":"product_cat","embeddable":true,"href":"https:\/\/www.sinpeks.com\/ba\/wp-json\/wp\/v2\/product_cat?post=13571"},{"taxonomy":"product_tag","embeddable":true,"href":"https:\/\/www.sinpeks.com\/ba\/wp-json\/wp\/v2\/product_tag?post=13571"}],"curies":[{"name":"wp","href":"https:\/\/api.w.org\/{rel}","templated":true}]}}