{"id":12674,"date":"2024-11-19T19:46:41","date_gmt":"2024-11-19T19:46:41","guid":{"rendered":"https:\/\/sinpeksstaging.com\/p\/viljuskar-manitou-mi-x-35d-zatvorena-kabina\/"},"modified":"2026-02-25T11:42:23","modified_gmt":"2026-02-25T11:42:23","slug":"viljuskar-manitou-mi-x-35d-zatvorena-kabina","status":"publish","type":"product","link":"https:\/\/www.sinpeks.com\/ba\/p\/viljuskar-manitou-mi-x-35d-zatvorena-kabina\/","title":{"rendered":"Vilju\u0161kar Manitou MI X 35D zatvorena kabina"},"content":{"rendered":"<p>MI-X 35 D je efikasan i robustan vilju\u0161kar opremljen sna\u017enim Yanmar dizel motorom od 48 KS i maksimalnim kapacitetom dizanja od 3,5 tone. MI-X 35 D je dizajniran sa maksimalnom udobno\u0161\u0107u u radu, sa svojom prostranom kabinom i lakim pristupom sa ve\u0107om ru\u010dkom, pedalama od neklizaju\u0107eg materijala i otvaranjem sa obe strane. Kontrolna tabla i kontrole su jednostavne i lako \u010ditljive, tako da va\u0161i operateri mogu brzo da se pokrenu.<\/p>\n","protected":false},"excerpt":{"rendered":"<p>MI-X 35 D je efikasan i robustan vilju\u0161kar opremljen sna\u017enim Yanmar dizel motorom od 48 KS i maksimalnim kapacitetom dizanja od 3,5 tone. MI-X 35 D je dizajniran sa maksimalnom udobno\u0161\u0107u u radu, sa svojom prostranom kabinom i lakim pristupom sa ve\u0107om ru\u010dkom, pedalama od neklizaju\u0107eg materijala i otvaranjem sa obe strane. Kontrolna tabla i [&hellip;]<\/p>\n","protected":false},"featured_media":16774,"comment_status":"open","ping_status":"closed","template":"","meta":{"_acf_changed":false},"product_brand":[],"product_cat":[164],"product_tag":[],"class_list":{"0":"post-12674","1":"product","2":"type-product","3":"status-publish","4":"has-post-thumbnail","6":"product_cat-motorni","7":"product_shipping_class-ostale-kategorije-makedonija","8":"pa_b-manitou","9":"pa_gorivo-dizel","10":"pa_market-ba","11":"pa_market-mk","12":"pa_market-rs","13":"pa_nosivost-3500-kg","14":"pa_snaga-motora-48-ks","15":"pa_visina-dizanja-45-m","17":"first","18":"outofstock","19":"sale","20":"taxable","21":"shipping-taxable","22":"purchasable","23":"product-type-simple"},"acf":[],"seolaxy_ctr_woo_product_custom_meta_description_content":"","_links":{"self":[{"href":"https:\/\/www.sinpeks.com\/ba\/wp-json\/wp\/v2\/product\/12674","targetHints":{"allow":["GET"]}}],"collection":[{"href":"https:\/\/www.sinpeks.com\/ba\/wp-json\/wp\/v2\/product"}],"about":[{"href":"https:\/\/www.sinpeks.com\/ba\/wp-json\/wp\/v2\/types\/product"}],"replies":[{"embeddable":true,"href":"https:\/\/www.sinpeks.com\/ba\/wp-json\/wp\/v2\/comments?post=12674"}],"wp:featuredmedia":[{"embeddable":true,"href":"https:\/\/www.sinpeks.com\/ba\/wp-json\/wp\/v2\/media\/16774"}],"wp:attachment":[{"href":"https:\/\/www.sinpeks.com\/ba\/wp-json\/wp\/v2\/media?parent=12674"}],"wp:term":[{"taxonomy":"product_brand","embeddable":true,"href":"https:\/\/www.sinpeks.com\/ba\/wp-json\/wp\/v2\/product_brand?post=12674"},{"taxonomy":"product_cat","embeddable":true,"href":"https:\/\/www.sinpeks.com\/ba\/wp-json\/wp\/v2\/product_cat?post=12674"},{"taxonomy":"product_tag","embeddable":true,"href":"https:\/\/www.sinpeks.com\/ba\/wp-json\/wp\/v2\/product_tag?post=12674"}],"curies":[{"name":"wp","href":"https:\/\/api.w.org\/{rel}","templated":true}]}}