{"id":12628,"date":"2024-11-19T19:46:14","date_gmt":"2024-11-19T19:46:14","guid":{"rendered":"https:\/\/sinpeksstaging.com\/p\/mini-bager-yanmar-vio27-6\/"},"modified":"2025-12-02T10:36:04","modified_gmt":"2025-12-02T10:36:04","slug":"mini-bager-yanmar-vio27-6","status":"publish","type":"product","link":"https:\/\/www.sinpeks.com\/ba\/p\/mini-bager-yanmar-vio27-6\/","title":{"rendered":"Mini bager YANMAR ViO27-6"},"content":{"rendered":"<p>Zaista izuzetne performanse i stabilnost su ono \u0161to ozna\u010dava ViO27-6 kao poseban, zahvaljuju\u0107i karakteristikama kao \u0161to su njegov veoma napredan motor i odli\u010dna raspodela te\u017eine. Tako\u0111e nudi izuzetnu preciznost, zahvaljuju\u0107i ergonomskim kontrolama i ViPPS hidrauli\u010dnom sistemu. Udobnost i za\u0161tita rukovaoca su tako\u0111e zna\u010dajne prednosti, zahvaljuju\u0107i Ianmar Full Protect-u i promi\u0161ljenom dizajnu kabine, dok je SmartAssist Remote dobrodo\u0161ao dodatak za pove\u0107anje produktivnosti.<\/p>\n","protected":false},"excerpt":{"rendered":"<p>Zaista izuzetne performanse i stabilnost su ono \u0161to ozna\u010dava ViO27-6 kao poseban, zahvaljuju\u0107i karakteristikama kao \u0161to su njegov veoma napredan motor i odli\u010dna raspodela te\u017eine. Tako\u0111e nudi izuzetnu preciznost, zahvaljuju\u0107i ergonomskim kontrolama i ViPPS hidrauli\u010dnom sistemu. Udobnost i za\u0161tita rukovaoca su tako\u0111e zna\u010dajne prednosti, zahvaljuju\u0107i Ianmar Full Protect-u i promi\u0161ljenom dizajnu kabine, dok je SmartAssist [&hellip;]<\/p>\n","protected":false},"featured_media":16075,"comment_status":"open","ping_status":"closed","template":"","meta":{"_acf_changed":false},"product_brand":[],"product_cat":[133],"product_tag":[],"class_list":{"0":"post-12628","1":"product","2":"type-product","3":"status-publish","4":"has-post-thumbnail","6":"product_cat-mini-bageri","7":"product_shipping_class-ostale-kategorije-makedonija","8":"pa_b-yanmar","9":"pa_market-ba","10":"pa_market-mk","11":"pa_market-rs","12":"pa_max-dubina-kopanja-25-3-m","13":"pa_snaga-motora-21-ks","14":"pa_vrsta-podvozja-gusjenicari","16":"first","17":"outofstock","18":"taxable","19":"shipping-taxable","20":"purchasable","21":"product-type-simple"},"acf":[],"seolaxy_ctr_woo_product_custom_meta_description_content":"","_links":{"self":[{"href":"https:\/\/www.sinpeks.com\/ba\/wp-json\/wp\/v2\/product\/12628","targetHints":{"allow":["GET"]}}],"collection":[{"href":"https:\/\/www.sinpeks.com\/ba\/wp-json\/wp\/v2\/product"}],"about":[{"href":"https:\/\/www.sinpeks.com\/ba\/wp-json\/wp\/v2\/types\/product"}],"replies":[{"embeddable":true,"href":"https:\/\/www.sinpeks.com\/ba\/wp-json\/wp\/v2\/comments?post=12628"}],"wp:featuredmedia":[{"embeddable":true,"href":"https:\/\/www.sinpeks.com\/ba\/wp-json\/wp\/v2\/media\/16075"}],"wp:attachment":[{"href":"https:\/\/www.sinpeks.com\/ba\/wp-json\/wp\/v2\/media?parent=12628"}],"wp:term":[{"taxonomy":"product_brand","embeddable":true,"href":"https:\/\/www.sinpeks.com\/ba\/wp-json\/wp\/v2\/product_brand?post=12628"},{"taxonomy":"product_cat","embeddable":true,"href":"https:\/\/www.sinpeks.com\/ba\/wp-json\/wp\/v2\/product_cat?post=12628"},{"taxonomy":"product_tag","embeddable":true,"href":"https:\/\/www.sinpeks.com\/ba\/wp-json\/wp\/v2\/product_tag?post=12628"}],"curies":[{"name":"wp","href":"https:\/\/api.w.org\/{rel}","templated":true}]}}