{"id":12627,"date":"2024-11-19T19:46:13","date_gmt":"2024-11-19T19:46:13","guid":{"rendered":"https:\/\/sinpeksstaging.com\/p\/mini-bager-yanmar-vio50-6b\/"},"modified":"2025-12-02T10:36:04","modified_gmt":"2025-12-02T10:36:04","slug":"mini-bager-yanmar-vio50-6b","status":"publish","type":"product","link":"https:\/\/www.sinpeks.com\/ba\/p\/mini-bager-yanmar-vio50-6b\/","title":{"rendered":"Mini bager YANMAR ViO50-6B"},"content":{"rendered":"<p>ViO50-6 je dizajniran da pru\u017ei pravi mir, posebno u urbanim sredinama gde je prostor ograni\u010den i kada se radi pored zidova. Ova ma\u0161ina ima ViPPS hidrauli\u010dki sistem za udobne i mo\u0107ne performanse. Brojne karakteristike dizajna poma\u017eu u lakom odr\u017eavanju. Sve komponente donjeg stroja su unapre\u0111ene kako bi se dodatno pove\u0107ala izdr\u017eljivost ove robusne ma\u0161ine.<\/p>\n","protected":false},"excerpt":{"rendered":"<p>ViO50-6 je dizajniran da pru\u017ei pravi mir, posebno u urbanim sredinama gde je prostor ograni\u010den i kada se radi pored zidova. Ova ma\u0161ina ima ViPPS hidrauli\u010dki sistem za udobne i mo\u0107ne performanse. Brojne karakteristike dizajna poma\u017eu u lakom odr\u017eavanju. Sve komponente donjeg stroja su unapre\u0111ene kako bi se dodatno pove\u0107ala izdr\u017eljivost ove robusne ma\u0161ine.<\/p>\n","protected":false},"featured_media":16072,"comment_status":"open","ping_status":"closed","template":"","meta":{"_acf_changed":false},"product_brand":[],"product_cat":[133],"product_tag":[],"class_list":{"0":"post-12627","1":"product","2":"type-product","3":"status-publish","4":"has-post-thumbnail","6":"product_cat-mini-bageri","7":"product_shipping_class-ostale-kategorije-makedonija","8":"pa_b-yanmar","9":"pa_market-ba","10":"pa_market-mk","11":"pa_market-rs","12":"pa_max-dubina-kopanja-33-38-m","13":"pa_snaga-motora-37-ks","14":"pa_vrsta-podvozja-gusjenicari","16":"first","17":"outofstock","18":"sale","19":"taxable","20":"shipping-taxable","21":"purchasable","22":"product-type-simple"},"acf":[],"seolaxy_ctr_woo_product_custom_meta_description_content":"","_links":{"self":[{"href":"https:\/\/www.sinpeks.com\/ba\/wp-json\/wp\/v2\/product\/12627","targetHints":{"allow":["GET"]}}],"collection":[{"href":"https:\/\/www.sinpeks.com\/ba\/wp-json\/wp\/v2\/product"}],"about":[{"href":"https:\/\/www.sinpeks.com\/ba\/wp-json\/wp\/v2\/types\/product"}],"replies":[{"embeddable":true,"href":"https:\/\/www.sinpeks.com\/ba\/wp-json\/wp\/v2\/comments?post=12627"}],"wp:featuredmedia":[{"embeddable":true,"href":"https:\/\/www.sinpeks.com\/ba\/wp-json\/wp\/v2\/media\/16072"}],"wp:attachment":[{"href":"https:\/\/www.sinpeks.com\/ba\/wp-json\/wp\/v2\/media?parent=12627"}],"wp:term":[{"taxonomy":"product_brand","embeddable":true,"href":"https:\/\/www.sinpeks.com\/ba\/wp-json\/wp\/v2\/product_brand?post=12627"},{"taxonomy":"product_cat","embeddable":true,"href":"https:\/\/www.sinpeks.com\/ba\/wp-json\/wp\/v2\/product_cat?post=12627"},{"taxonomy":"product_tag","embeddable":true,"href":"https:\/\/www.sinpeks.com\/ba\/wp-json\/wp\/v2\/product_tag?post=12627"}],"curies":[{"name":"wp","href":"https:\/\/api.w.org\/{rel}","templated":true}]}}