{"id":12597,"date":"2024-11-19T19:05:49","date_gmt":"2024-11-19T19:05:49","guid":{"rendered":"https:\/\/sinpeksstaging.com\/p\/buldozer-liebherr-pr716\/"},"modified":"2025-12-02T10:36:03","modified_gmt":"2025-12-02T10:36:03","slug":"buldozer-liebherr-pr716","status":"publish","type":"product","link":"https:\/\/www.sinpeks.com\/ba\/p\/buldozer-liebherr-pr716\/","title":{"rendered":"Buldo\u017eer Liebherr PR716"},"content":{"rendered":"<p>Snaga i inovativna tehnologija su obele\u017eja Liebher buldo\u017eera. Bez obzira da li se radi o te\u0161kim radovima, pokretnim materijalom ili finim razre\u0111ivanjem, Liebherr buldo\u017eeri su mo\u0107ne ma\u0161ine za svaku primenu.<\/p>\n","protected":false},"excerpt":{"rendered":"<p>Snaga i inovativna tehnologija su obele\u017eja Liebher buldo\u017eera. Bez obzira da li se radi o te\u0161kim radovima, pokretnim materijalom ili finim razre\u0111ivanjem, Liebherr buldo\u017eeri su mo\u0107ne ma\u0161ine za svaku primenu.<\/p>\n","protected":false},"featured_media":16101,"comment_status":"open","ping_status":"closed","template":"","meta":{"_acf_changed":false},"product_brand":[],"product_cat":[136],"product_tag":[],"class_list":{"0":"post-12597","1":"product","2":"type-product","3":"status-publish","4":"has-post-thumbnail","6":"product_cat-buldozeri","7":"product_shipping_class-ostale-kategorije-makedonija","8":"pa_b-liebherr","9":"pa_market-ba","10":"pa_market-mk","11":"pa_market-rs","12":"pa_sirina-noza-29-33-m","13":"pa_snaga-motora-125-ks","14":"pa_vrsta-podvozja-gusjenicari","16":"first","17":"outofstock","18":"taxable","19":"shipping-taxable","20":"purchasable","21":"product-type-simple"},"acf":[],"seolaxy_ctr_woo_product_custom_meta_description_content":"","_links":{"self":[{"href":"https:\/\/www.sinpeks.com\/ba\/wp-json\/wp\/v2\/product\/12597","targetHints":{"allow":["GET"]}}],"collection":[{"href":"https:\/\/www.sinpeks.com\/ba\/wp-json\/wp\/v2\/product"}],"about":[{"href":"https:\/\/www.sinpeks.com\/ba\/wp-json\/wp\/v2\/types\/product"}],"replies":[{"embeddable":true,"href":"https:\/\/www.sinpeks.com\/ba\/wp-json\/wp\/v2\/comments?post=12597"}],"wp:featuredmedia":[{"embeddable":true,"href":"https:\/\/www.sinpeks.com\/ba\/wp-json\/wp\/v2\/media\/16101"}],"wp:attachment":[{"href":"https:\/\/www.sinpeks.com\/ba\/wp-json\/wp\/v2\/media?parent=12597"}],"wp:term":[{"taxonomy":"product_brand","embeddable":true,"href":"https:\/\/www.sinpeks.com\/ba\/wp-json\/wp\/v2\/product_brand?post=12597"},{"taxonomy":"product_cat","embeddable":true,"href":"https:\/\/www.sinpeks.com\/ba\/wp-json\/wp\/v2\/product_cat?post=12597"},{"taxonomy":"product_tag","embeddable":true,"href":"https:\/\/www.sinpeks.com\/ba\/wp-json\/wp\/v2\/product_tag?post=12597"}],"curies":[{"name":"wp","href":"https:\/\/api.w.org\/{rel}","templated":true}]}}