{"id":12586,"date":"2024-11-19T18:02:19","date_gmt":"2024-11-19T18:02:19","guid":{"rendered":"https:\/\/sinpeksstaging.com\/p\/prednji-utovarivac-z-2000gold\/"},"modified":"2026-01-13T14:31:53","modified_gmt":"2026-01-13T14:31:53","slug":"prednji-utovarivac-z-2000gold","status":"publish","type":"product","link":"https:\/\/www.sinpeks.com\/ba\/p\/prednji-utovarivac-z-2000gold\/","title":{"rendered":"Prednji utovariva\u010d Z 2000 GOLD"},"content":{"rendered":"<p>Prednji traktorski utovariva\u010d turskog proizvo\u0111a\u010da Demirsan namenjen je za traktore od 50 do 80 KS. Ima korpu sa kapacitetom od 0,70 m3 i maksimalni kapacitet podizanja od 1000 kg.<br \/>\nOpremljen je automatskim sistemom za balansiranje, d\u017eojstikom za upravljanje i hidrauli\u010dnim upravljanjem.<br \/>\n* Fotografija je reprezentativnog karaktera.<\/p>\n<p>&nbsp;<\/p>\n<p>&nbsp;<\/p>\n<p>&nbsp;<\/p>\n<p>&nbsp;<\/p>\n","protected":false},"excerpt":{"rendered":"<p>Prednji traktorski utovariva\u010d turskog proizvo\u0111a\u010da Demirsan namenjen je za traktore od 50 do 80 KS. Ima korpu sa kapacitetom od 0,70 m3 i maksimalni kapacitet podizanja od 1000 kg. Opremljen je automatskim sistemom za balansiranje, d\u017eojstikom za upravljanje i hidrauli\u010dnim upravljanjem. * Fotografija je reprezentativnog karaktera. &nbsp; &nbsp; &nbsp; &nbsp;<\/p>\n","protected":false},"featured_media":15986,"comment_status":"open","ping_status":"closed","template":"","meta":{"_acf_changed":false},"product_brand":[],"product_cat":[97],"product_tag":[],"class_list":{"0":"post-12586","1":"product","2":"type-product","3":"status-publish","4":"has-post-thumbnail","6":"product_cat-prednji-utovarivaci","7":"product_shipping_class-ostale-kategorije-makedonija","8":"pa_b-demirsan-ziraat","9":"pa_market-ba","10":"pa_market-mk","11":"pa_market-rs","12":"pa_max-kapacitet-dizanja-1000-kg","13":"pa_min-snaga-traktora-50-ks","14":"pa_visina-dizanja-360cm","16":"first","17":"outofstock","18":"sale","19":"taxable","20":"shipping-taxable","21":"purchasable","22":"product-type-simple"},"acf":[],"seolaxy_ctr_woo_product_custom_meta_description_content":"","_links":{"self":[{"href":"https:\/\/www.sinpeks.com\/ba\/wp-json\/wp\/v2\/product\/12586","targetHints":{"allow":["GET"]}}],"collection":[{"href":"https:\/\/www.sinpeks.com\/ba\/wp-json\/wp\/v2\/product"}],"about":[{"href":"https:\/\/www.sinpeks.com\/ba\/wp-json\/wp\/v2\/types\/product"}],"replies":[{"embeddable":true,"href":"https:\/\/www.sinpeks.com\/ba\/wp-json\/wp\/v2\/comments?post=12586"}],"wp:featuredmedia":[{"embeddable":true,"href":"https:\/\/www.sinpeks.com\/ba\/wp-json\/wp\/v2\/media\/15986"}],"wp:attachment":[{"href":"https:\/\/www.sinpeks.com\/ba\/wp-json\/wp\/v2\/media?parent=12586"}],"wp:term":[{"taxonomy":"product_brand","embeddable":true,"href":"https:\/\/www.sinpeks.com\/ba\/wp-json\/wp\/v2\/product_brand?post=12586"},{"taxonomy":"product_cat","embeddable":true,"href":"https:\/\/www.sinpeks.com\/ba\/wp-json\/wp\/v2\/product_cat?post=12586"},{"taxonomy":"product_tag","embeddable":true,"href":"https:\/\/www.sinpeks.com\/ba\/wp-json\/wp\/v2\/product_tag?post=12586"}],"curies":[{"name":"wp","href":"https:\/\/api.w.org\/{rel}","templated":true}]}}