{"id":12537,"date":"2024-11-19T18:01:53","date_gmt":"2024-11-19T18:01:53","guid":{"rendered":"https:\/\/sinpeksstaging.com\/p\/tifon-za-navodnjavanje-ocmis-r4a-90x570\/"},"modified":"2026-01-13T14:22:16","modified_gmt":"2026-01-13T14:22:16","slug":"tifon-za-navodnjavanje-ocmis-r4a-90x570","status":"publish","type":"product","link":"https:\/\/www.sinpeks.com\/ba\/p\/tifon-za-navodnjavanje-ocmis-r4a-90x570\/","title":{"rendered":"Tifon za navodnjavanje Ocmis R4A 90&#215;570"},"content":{"rendered":"<p>Tifon za navodnjavanje Ocmis sa pre\u010dnikom creva od 90 mm I du\u017einom creva od 570 m. Ima menja\u010d sa 6 brzine rada, set mlaznica sa razli\u010ditim dijametrom, manometar I tahometar.<\/p>\n","protected":false},"excerpt":{"rendered":"<p>Tifon za navodnjavanje Ocmis sa pre\u010dnikom creva od 90 mm I du\u017einom creva od 570 m. Ima menja\u010d sa 6 brzine rada, set mlaznica sa razli\u010ditim dijametrom, manometar I tahometar.<\/p>\n","protected":false},"featured_media":15931,"comment_status":"open","ping_status":"closed","template":"","meta":{"_acf_changed":false},"product_brand":[],"product_cat":[99],"product_tag":[],"class_list":{"0":"post-12537","1":"product","2":"type-product","3":"status-publish","4":"has-post-thumbnail","6":"product_cat-tifoni","7":"product_shipping_class-ostale-kategorije-makedonija","8":"pa_b-ocmis","9":"pa_market-ba","10":"pa_market-mk","11":"pa_market-rs","12":"pa_precnik-duzina-crijeva-mm-m-90-570","13":"pa_tip-masine-vuceni","15":"first","16":"outofstock","17":"sale","18":"taxable","19":"shipping-taxable","20":"purchasable","21":"product-type-simple"},"acf":[],"seolaxy_ctr_woo_product_custom_meta_description_content":"","_links":{"self":[{"href":"https:\/\/www.sinpeks.com\/ba\/wp-json\/wp\/v2\/product\/12537","targetHints":{"allow":["GET"]}}],"collection":[{"href":"https:\/\/www.sinpeks.com\/ba\/wp-json\/wp\/v2\/product"}],"about":[{"href":"https:\/\/www.sinpeks.com\/ba\/wp-json\/wp\/v2\/types\/product"}],"replies":[{"embeddable":true,"href":"https:\/\/www.sinpeks.com\/ba\/wp-json\/wp\/v2\/comments?post=12537"}],"wp:featuredmedia":[{"embeddable":true,"href":"https:\/\/www.sinpeks.com\/ba\/wp-json\/wp\/v2\/media\/15931"}],"wp:attachment":[{"href":"https:\/\/www.sinpeks.com\/ba\/wp-json\/wp\/v2\/media?parent=12537"}],"wp:term":[{"taxonomy":"product_brand","embeddable":true,"href":"https:\/\/www.sinpeks.com\/ba\/wp-json\/wp\/v2\/product_brand?post=12537"},{"taxonomy":"product_cat","embeddable":true,"href":"https:\/\/www.sinpeks.com\/ba\/wp-json\/wp\/v2\/product_cat?post=12537"},{"taxonomy":"product_tag","embeddable":true,"href":"https:\/\/www.sinpeks.com\/ba\/wp-json\/wp\/v2\/product_tag?post=12537"}],"curies":[{"name":"wp","href":"https:\/\/api.w.org\/{rel}","templated":true}]}}