{"id":12507,"date":"2024-11-19T18:01:37","date_gmt":"2024-11-19T18:01:37","guid":{"rendered":"https:\/\/sinpeksstaging.com\/p\/rasipac-djubriva-za-vinograde-500l-ontar-buffer\/"},"modified":"2026-01-13T14:51:33","modified_gmt":"2026-01-13T14:51:33","slug":"rasipac-djubriva-za-vinograde-500l-ontar-buffer","status":"publish","type":"product","link":"https:\/\/www.sinpeks.com\/ba\/p\/rasipac-djubriva-za-vinograde-500l-ontar-buffer\/","title":{"rendered":"Rasipa\u010d \u0111ubriva za vinograde 500l. Ontar-Buffer"},"content":{"rendered":"<p>Rasipa\u010d \u0111ubriva namenjen za vinograde ili vo\u0107njake. Ima kapacitet od 500 litara, radnu \u0161irinu od 16-18 m i 2 otvora za rasipanje.<\/p>\n","protected":false},"excerpt":{"rendered":"<p>Rasipa\u010d \u0111ubriva namenjen za vinograde ili vo\u0107njake. Ima kapacitet od 500 litara, radnu \u0161irinu od 16-18 m i 2 otvora za rasipanje.<\/p>\n","protected":false},"featured_media":18251,"comment_status":"open","ping_status":"closed","template":"","meta":{"_acf_changed":false},"product_brand":[],"product_cat":[83],"product_tag":[],"class_list":{"0":"post-12507","1":"product","2":"type-product","3":"status-publish","4":"has-post-thumbnail","6":"product_cat-rasipaci","7":"product_shipping_class-ostale-kategorije-makedonija","8":"pa_b-ontar","9":"pa_broj-radnih-tijela-4418","10":"pa_market-ba","11":"pa_market-mk","12":"pa_market-rs","13":"pa_min-snaga-traktora-40-ks","14":"pa_radna-sirina-1600-1800","15":"pa_tip-rasipaca-sa-dva-diska","16":"pa_zapremina-rezervoara-500-l","18":"first","19":"outofstock","20":"sale","21":"taxable","22":"shipping-taxable","23":"purchasable","24":"product-type-simple"},"acf":[],"seolaxy_ctr_woo_product_custom_meta_description_content":"","_links":{"self":[{"href":"https:\/\/www.sinpeks.com\/ba\/wp-json\/wp\/v2\/product\/12507","targetHints":{"allow":["GET"]}}],"collection":[{"href":"https:\/\/www.sinpeks.com\/ba\/wp-json\/wp\/v2\/product"}],"about":[{"href":"https:\/\/www.sinpeks.com\/ba\/wp-json\/wp\/v2\/types\/product"}],"replies":[{"embeddable":true,"href":"https:\/\/www.sinpeks.com\/ba\/wp-json\/wp\/v2\/comments?post=12507"}],"wp:featuredmedia":[{"embeddable":true,"href":"https:\/\/www.sinpeks.com\/ba\/wp-json\/wp\/v2\/media\/18251"}],"wp:attachment":[{"href":"https:\/\/www.sinpeks.com\/ba\/wp-json\/wp\/v2\/media?parent=12507"}],"wp:term":[{"taxonomy":"product_brand","embeddable":true,"href":"https:\/\/www.sinpeks.com\/ba\/wp-json\/wp\/v2\/product_brand?post=12507"},{"taxonomy":"product_cat","embeddable":true,"href":"https:\/\/www.sinpeks.com\/ba\/wp-json\/wp\/v2\/product_cat?post=12507"},{"taxonomy":"product_tag","embeddable":true,"href":"https:\/\/www.sinpeks.com\/ba\/wp-json\/wp\/v2\/product_tag?post=12507"}],"curies":[{"name":"wp","href":"https:\/\/api.w.org\/{rel}","templated":true}]}}