{"id":12504,"date":"2024-11-19T18:01:36","date_gmt":"2024-11-19T18:01:36","guid":{"rendered":"https:\/\/sinpeksstaging.com\/p\/rasipac-djubriva-irtem-1600-l\/"},"modified":"2026-01-16T09:48:43","modified_gmt":"2026-01-16T09:48:43","slug":"rasipac-djubriva-irtem-1600-l","status":"publish","type":"product","link":"https:\/\/www.sinpeks.com\/ba\/p\/rasipac-djubriva-irtem-1600-l\/","title":{"rendered":"Rasipa\u010d \u0111ubriva Irtem 1600 l"},"content":{"rendered":"<p>Rasipa\u010d \u0111ubriva, turskog proizvo\u0111a\u010da Irtem, sa kapacitetom od 1600 litara, podesivom radnom \u0161irinom od 10-12-15-18-24 metara i duplim diskom. Potrebna snaga traktora za rad sa ovom ma\u0161inom je min. 110 ks.<\/p>\n","protected":false},"excerpt":{"rendered":"<p>Rasipa\u010d \u0111ubriva, turskog proizvo\u0111a\u010da Irtem, sa kapacitetom od 1600 litara, podesivom radnom \u0161irinom od 10-12-15-18-24 metara i duplim diskom. Potrebna snaga traktora za rad sa ovom ma\u0161inom je min. 110 ks.<\/p>\n","protected":false},"featured_media":19202,"comment_status":"open","ping_status":"closed","template":"","meta":{"_acf_changed":false},"product_brand":[],"product_cat":[83],"product_tag":[],"class_list":{"0":"post-12504","1":"product","2":"type-product","3":"status-publish","4":"has-post-thumbnail","6":"product_cat-rasipaci","7":"product_shipping_class-ostale-kategorije-makedonija","8":"pa_b-irtem","9":"pa_broj-radnih-tijela-4418","10":"pa_market-ba","11":"pa_market-mk","12":"pa_market-rs","13":"pa_min-snaga-traktora-110-ks","14":"pa_radna-sirina-1000-2400cm","15":"pa_tip-rasipaca-sa-dva-diska","16":"pa_zapremina-rezervoara-1600-l","18":"first","19":"instock","20":"sale","21":"taxable","22":"shipping-taxable","23":"purchasable","24":"product-type-simple"},"acf":[],"seolaxy_ctr_woo_product_custom_meta_description_content":"","_links":{"self":[{"href":"https:\/\/www.sinpeks.com\/ba\/wp-json\/wp\/v2\/product\/12504","targetHints":{"allow":["GET"]}}],"collection":[{"href":"https:\/\/www.sinpeks.com\/ba\/wp-json\/wp\/v2\/product"}],"about":[{"href":"https:\/\/www.sinpeks.com\/ba\/wp-json\/wp\/v2\/types\/product"}],"replies":[{"embeddable":true,"href":"https:\/\/www.sinpeks.com\/ba\/wp-json\/wp\/v2\/comments?post=12504"}],"wp:featuredmedia":[{"embeddable":true,"href":"https:\/\/www.sinpeks.com\/ba\/wp-json\/wp\/v2\/media\/19202"}],"wp:attachment":[{"href":"https:\/\/www.sinpeks.com\/ba\/wp-json\/wp\/v2\/media?parent=12504"}],"wp:term":[{"taxonomy":"product_brand","embeddable":true,"href":"https:\/\/www.sinpeks.com\/ba\/wp-json\/wp\/v2\/product_brand?post=12504"},{"taxonomy":"product_cat","embeddable":true,"href":"https:\/\/www.sinpeks.com\/ba\/wp-json\/wp\/v2\/product_cat?post=12504"},{"taxonomy":"product_tag","embeddable":true,"href":"https:\/\/www.sinpeks.com\/ba\/wp-json\/wp\/v2\/product_tag?post=12504"}],"curies":[{"name":"wp","href":"https:\/\/api.w.org\/{rel}","templated":true}]}}