{"id":12497,"date":"2024-11-19T18:01:32","date_gmt":"2024-11-19T18:01:32","guid":{"rendered":"https:\/\/sinpeksstaging.com\/p\/rasipac-djubriva-agrina-345l-s-500-sa-kardanom\/"},"modified":"2026-03-12T09:54:56","modified_gmt":"2026-03-12T09:54:56","slug":"rasipac-djubriva-agrina-345l-s-500-sa-kardanom","status":"publish","type":"product","link":"https:\/\/www.sinpeks.com\/ba\/p\/rasipac-djubriva-agrina-345l-s-500-sa-kardanom\/","title":{"rendered":"Rasipa\u010d \u0111ubriva Agrina 345l, S-500 sa kardanom"},"content":{"rendered":"<p>Rasipa\u010d \u0111ubriva sa kapacitetom od 345 litara i \u0161irinom izba\u010daja od 12000-14000 mm za granularno i 6000-7000 mm za kristalno \u0111ubrivo.<\/p>\n","protected":false},"excerpt":{"rendered":"<p>Rasipa\u010d \u0111ubriva sa kapacitetom od 345 litara i \u0161irinom izba\u010daja od 12000-14000 mm za granularno i 6000-7000 mm za kristalno \u0111ubrivo.<\/p>\n","protected":false},"featured_media":15888,"comment_status":"open","ping_status":"closed","template":"","meta":{"_acf_changed":false},"product_brand":[],"product_cat":[83],"product_tag":[],"class_list":{"0":"post-12497","1":"product","2":"type-product","3":"status-publish","4":"has-post-thumbnail","6":"product_cat-rasipaci","7":"product_shipping_class-ostale-kategorije-makedonija","8":"pa_b-agrina","9":"pa_broj-radnih-tijela-yes","10":"pa_market-ba","11":"pa_market-mk","12":"pa_market-rs","13":"pa_min-snaga-traktora-35-ks","14":"pa_radna-sirina-1400cm","15":"pa_zapremina-rezervoara-345-l","17":"first","18":"outofstock","19":"sale","20":"taxable","21":"shipping-taxable","22":"purchasable","23":"product-type-simple"},"acf":[],"seolaxy_ctr_woo_product_custom_meta_description_content":"","_links":{"self":[{"href":"https:\/\/www.sinpeks.com\/ba\/wp-json\/wp\/v2\/product\/12497","targetHints":{"allow":["GET"]}}],"collection":[{"href":"https:\/\/www.sinpeks.com\/ba\/wp-json\/wp\/v2\/product"}],"about":[{"href":"https:\/\/www.sinpeks.com\/ba\/wp-json\/wp\/v2\/types\/product"}],"replies":[{"embeddable":true,"href":"https:\/\/www.sinpeks.com\/ba\/wp-json\/wp\/v2\/comments?post=12497"}],"wp:featuredmedia":[{"embeddable":true,"href":"https:\/\/www.sinpeks.com\/ba\/wp-json\/wp\/v2\/media\/15888"}],"wp:attachment":[{"href":"https:\/\/www.sinpeks.com\/ba\/wp-json\/wp\/v2\/media?parent=12497"}],"wp:term":[{"taxonomy":"product_brand","embeddable":true,"href":"https:\/\/www.sinpeks.com\/ba\/wp-json\/wp\/v2\/product_brand?post=12497"},{"taxonomy":"product_cat","embeddable":true,"href":"https:\/\/www.sinpeks.com\/ba\/wp-json\/wp\/v2\/product_cat?post=12497"},{"taxonomy":"product_tag","embeddable":true,"href":"https:\/\/www.sinpeks.com\/ba\/wp-json\/wp\/v2\/product_tag?post=12497"}],"curies":[{"name":"wp","href":"https:\/\/api.w.org\/{rel}","templated":true}]}}