{"id":12491,"date":"2024-11-19T18:01:29","date_gmt":"2024-11-19T18:01:29","guid":{"rendered":"https:\/\/sinpeksstaging.com\/p\/rasipac-djubriva-800l-bez-kardana\/"},"modified":"2026-01-13T14:12:57","modified_gmt":"2026-01-13T14:12:57","slug":"rasipac-djubriva-800l-bez-kardana","status":"publish","type":"product","link":"https:\/\/www.sinpeks.com\/ba\/p\/rasipac-djubriva-800l-bez-kardana\/","title":{"rendered":"Rasipa\u010d \u0111ubriva 800l bez kardana"},"content":{"rendered":"<p>Rasipa\u010d \u0111ubriva sa duplim diskom i kapacitetom rezervoara od 800 litara. Izra\u0111en je od emajliranog \u010delika turskog kvaliteta. Minimalna snaga traktora za rad sa ovim rasipa\u010dem iznosi 40ks.<\/p>\n","protected":false},"excerpt":{"rendered":"<p>Rasipa\u010d \u0111ubriva sa duplim diskom i kapacitetom rezervoara od 800 litara. Izra\u0111en je od emajliranog \u010delika turskog kvaliteta. Minimalna snaga traktora za rad sa ovim rasipa\u010dem iznosi 40ks.<\/p>\n","protected":false},"featured_media":15882,"comment_status":"open","ping_status":"closed","template":"","meta":{"_acf_changed":false},"product_brand":[],"product_cat":[83],"product_tag":[],"class_list":{"0":"post-12491","1":"product","2":"type-product","3":"status-publish","4":"has-post-thumbnail","6":"product_cat-rasipaci","7":"product_shipping_class-ostale-kategorije-makedonija","8":"pa_b-careta","9":"pa_broj-radnih-tijela-4418","10":"pa_market-ba","11":"pa_market-mk","12":"pa_market-rs","13":"pa_min-snaga-traktora-40-ks","14":"pa_zapremina-rezervoara-800-l","16":"first","17":"outofstock","18":"sale","19":"taxable","20":"shipping-taxable","21":"purchasable","22":"product-type-simple"},"acf":[],"seolaxy_ctr_woo_product_custom_meta_description_content":"","_links":{"self":[{"href":"https:\/\/www.sinpeks.com\/ba\/wp-json\/wp\/v2\/product\/12491","targetHints":{"allow":["GET"]}}],"collection":[{"href":"https:\/\/www.sinpeks.com\/ba\/wp-json\/wp\/v2\/product"}],"about":[{"href":"https:\/\/www.sinpeks.com\/ba\/wp-json\/wp\/v2\/types\/product"}],"replies":[{"embeddable":true,"href":"https:\/\/www.sinpeks.com\/ba\/wp-json\/wp\/v2\/comments?post=12491"}],"wp:featuredmedia":[{"embeddable":true,"href":"https:\/\/www.sinpeks.com\/ba\/wp-json\/wp\/v2\/media\/15882"}],"wp:attachment":[{"href":"https:\/\/www.sinpeks.com\/ba\/wp-json\/wp\/v2\/media?parent=12491"}],"wp:term":[{"taxonomy":"product_brand","embeddable":true,"href":"https:\/\/www.sinpeks.com\/ba\/wp-json\/wp\/v2\/product_brand?post=12491"},{"taxonomy":"product_cat","embeddable":true,"href":"https:\/\/www.sinpeks.com\/ba\/wp-json\/wp\/v2\/product_cat?post=12491"},{"taxonomy":"product_tag","embeddable":true,"href":"https:\/\/www.sinpeks.com\/ba\/wp-json\/wp\/v2\/product_tag?post=12491"}],"curies":[{"name":"wp","href":"https:\/\/api.w.org\/{rel}","templated":true}]}}