{"id":12455,"date":"2024-11-19T18:01:09","date_gmt":"2024-11-19T18:01:09","guid":{"rendered":"https:\/\/sinpeksstaging.com\/p\/setvospremac-32-metra-agroberza\/"},"modified":"2026-02-10T08:18:09","modified_gmt":"2026-02-10T08:18:09","slug":"setvospremac-32-metra-agroberza","status":"publish","type":"product","link":"https:\/\/www.sinpeks.com\/ba\/p\/setvospremac-32-metra-agroberza\/","title":{"rendered":"Setvosprema\u010d 3,2 metra Agroberza sa rotorima"},"content":{"rendered":"<p>Setvosprema\u010d, radne \u0161irine 3,2m, je priklju\u010dna ma\u0161ina za traktor koja se koristi za pripremu tla pre setve i sadnje. Opremljen zadnjim rotorima.<\/p>\n","protected":false},"excerpt":{"rendered":"<p>Setvosprema\u010d, radne \u0161irine 3,2m, je priklju\u010dna ma\u0161ina za traktor koja se koristi za pripremu tla pre setve i sadnje. Opremljen zadnjim rotorima.<\/p>\n","protected":false},"featured_media":17725,"comment_status":"open","ping_status":"closed","template":"","meta":{"_acf_changed":false},"product_brand":[],"product_cat":[86],"product_tag":[],"class_list":{"0":"post-12455","1":"product","2":"type-product","3":"status-publish","4":"has-post-thumbnail","6":"product_cat-sjetvospremaci","7":"product_shipping_class-ostale-kategorije-makedonija","8":"pa_b-agro-berza","9":"pa_broj-radnih-tijela-4425","10":"pa_market-ba","11":"pa_market-mk","12":"pa_market-rs","13":"pa_min-snaga-traktora-80-ks","14":"pa_radna-dubina-10-cm","15":"pa_radna-sirina-320cm","17":"first","18":"outofstock","19":"sale","20":"taxable","21":"shipping-taxable","22":"purchasable","23":"product-type-simple"},"acf":[],"seolaxy_ctr_woo_product_custom_meta_description_content":"","_links":{"self":[{"href":"https:\/\/www.sinpeks.com\/ba\/wp-json\/wp\/v2\/product\/12455","targetHints":{"allow":["GET"]}}],"collection":[{"href":"https:\/\/www.sinpeks.com\/ba\/wp-json\/wp\/v2\/product"}],"about":[{"href":"https:\/\/www.sinpeks.com\/ba\/wp-json\/wp\/v2\/types\/product"}],"replies":[{"embeddable":true,"href":"https:\/\/www.sinpeks.com\/ba\/wp-json\/wp\/v2\/comments?post=12455"}],"wp:featuredmedia":[{"embeddable":true,"href":"https:\/\/www.sinpeks.com\/ba\/wp-json\/wp\/v2\/media\/17725"}],"wp:attachment":[{"href":"https:\/\/www.sinpeks.com\/ba\/wp-json\/wp\/v2\/media?parent=12455"}],"wp:term":[{"taxonomy":"product_brand","embeddable":true,"href":"https:\/\/www.sinpeks.com\/ba\/wp-json\/wp\/v2\/product_brand?post=12455"},{"taxonomy":"product_cat","embeddable":true,"href":"https:\/\/www.sinpeks.com\/ba\/wp-json\/wp\/v2\/product_cat?post=12455"},{"taxonomy":"product_tag","embeddable":true,"href":"https:\/\/www.sinpeks.com\/ba\/wp-json\/wp\/v2\/product_tag?post=12455"}],"curies":[{"name":"wp","href":"https:\/\/api.w.org\/{rel}","templated":true}]}}