{"id":12436,"date":"2024-11-19T18:00:59","date_gmt":"2024-11-19T18:00:59","guid":{"rendered":"https:\/\/sinpeksstaging.com\/p\/plug-4-brazdni-12-inca-unlu\/"},"modified":"2026-03-11T09:07:35","modified_gmt":"2026-03-11T09:07:35","slug":"plug-4-brazdni-12-inca-unlu","status":"publish","type":"product","link":"https:\/\/www.sinpeks.com\/ba\/p\/plug-4-brazdni-12-inca-unlu\/","title":{"rendered":"Plug 4 brazdni 12 in\u010da Unlu"},"content":{"rendered":"<p>Konvencionalni 4-brazdni plugovi za jednosmerno oranje, veli\u010dina pluga 12&#8221;, male do srednje te\u017eine, omoguc\u0301avaju laku i prakti\u010dnu poljoprivrednu primenu. Prednosti: \u0160irok spektar opcija, fiksno telo za \u010dvrsto oranje, izuzetno izdr\u017eljiv povr\u0161inski dobijen postupkom elektrostatske plastifikacije metala. dizajnirano za mala zemlji\u0161ta. Dodatni \u017eivotni vek zahvaljujuc\u0301i UNLU tehnologiji termi\u010dke obrade \u010delika.<\/p>\n","protected":false},"excerpt":{"rendered":"<p>Konvencionalni 4-brazdni plugovi za jednosmerno oranje, veli\u010dina pluga 12&#8221;, male do srednje te\u017eine, omoguc\u0301avaju laku i prakti\u010dnu poljoprivrednu primenu. Prednosti: \u0160irok spektar opcija, fiksno telo za \u010dvrsto oranje, izuzetno izdr\u017eljiv povr\u0161inski dobijen postupkom elektrostatske plastifikacije metala. dizajnirano za mala zemlji\u0161ta. Dodatni \u017eivotni vek zahvaljujuc\u0301i UNLU tehnologiji termi\u010dke obrade \u010delika.<\/p>\n","protected":false},"featured_media":19054,"comment_status":"open","ping_status":"closed","template":"","meta":{"_acf_changed":false},"product_brand":[],"product_cat":[77],"product_tag":[],"class_list":{"0":"post-12436","1":"product","2":"type-product","3":"status-publish","4":"has-post-thumbnail","6":"product_cat-plugovi","7":"product_shipping_class-ostale-kategorije-makedonija","8":"pa_b-unlu","9":"pa_broj-brazdi-cetvorobrazdni","10":"pa_broj-radnih-tijela-4419","11":"pa_market-ba","12":"pa_market-mk","13":"pa_market-rs","14":"pa_min-snaga-traktora-65-85-ks","15":"pa_radna-dubina-23-27-cm","16":"pa_radna-sirina-125cm","18":"first","19":"instock","20":"sale","21":"taxable","22":"shipping-taxable","23":"purchasable","24":"product-type-simple"},"acf":[],"seolaxy_ctr_woo_product_custom_meta_description_content":"","_links":{"self":[{"href":"https:\/\/www.sinpeks.com\/ba\/wp-json\/wp\/v2\/product\/12436","targetHints":{"allow":["GET"]}}],"collection":[{"href":"https:\/\/www.sinpeks.com\/ba\/wp-json\/wp\/v2\/product"}],"about":[{"href":"https:\/\/www.sinpeks.com\/ba\/wp-json\/wp\/v2\/types\/product"}],"replies":[{"embeddable":true,"href":"https:\/\/www.sinpeks.com\/ba\/wp-json\/wp\/v2\/comments?post=12436"}],"wp:featuredmedia":[{"embeddable":true,"href":"https:\/\/www.sinpeks.com\/ba\/wp-json\/wp\/v2\/media\/19054"}],"wp:attachment":[{"href":"https:\/\/www.sinpeks.com\/ba\/wp-json\/wp\/v2\/media?parent=12436"}],"wp:term":[{"taxonomy":"product_brand","embeddable":true,"href":"https:\/\/www.sinpeks.com\/ba\/wp-json\/wp\/v2\/product_brand?post=12436"},{"taxonomy":"product_cat","embeddable":true,"href":"https:\/\/www.sinpeks.com\/ba\/wp-json\/wp\/v2\/product_cat?post=12436"},{"taxonomy":"product_tag","embeddable":true,"href":"https:\/\/www.sinpeks.com\/ba\/wp-json\/wp\/v2\/product_tag?post=12436"}],"curies":[{"name":"wp","href":"https:\/\/api.w.org\/{rel}","templated":true}]}}