{"id":12412,"date":"2024-11-19T18:00:46","date_gmt":"2024-11-19T18:00:46","guid":{"rendered":"https:\/\/sinpeksstaging.com\/p\/tarup-sa-bocnom-kosilicom-1-8m-menasor\/"},"modified":"2026-01-13T14:51:33","modified_gmt":"2026-01-13T14:51:33","slug":"tarup-sa-bocnom-kosilicom-1-8m-menasor","status":"publish","type":"product","link":"https:\/\/www.sinpeks.com\/ba\/p\/tarup-sa-bocnom-kosilicom-1-8m-menasor\/","title":{"rendered":"Tarup sa bo\u010dnom kosilicom 1.8m Menasor"},"content":{"rendered":"<p>Tarup za vinograd,voc\u0301njak,poljoprivredne i komunalne delatnoti, radne \u0161irine 185cm, sa bo\u010dnom kosilicom,\u00a0 pogodan za mal\u010diranje trave i \u017ebunja. Bo\u010dna kosilica je dostupna sa \u0161irinom se\u010denja do 62 cm. Ugao rotacije bo\u010dne kosilice iznosi 60\u00b0.<\/p>\n","protected":false},"excerpt":{"rendered":"<p>Tarup za vinograd,voc\u0301njak,poljoprivredne i komunalne delatnoti, radne \u0161irine 185cm, sa bo\u010dnom kosilicom,\u00a0 pogodan za mal\u010diranje trave i \u017ebunja. Bo\u010dna kosilica je dostupna sa \u0161irinom se\u010denja do 62 cm. Ugao rotacije bo\u010dne kosilice iznosi 60\u00b0.<\/p>\n","protected":false},"featured_media":15805,"comment_status":"open","ping_status":"closed","template":"","meta":{"_acf_changed":false},"product_brand":[],"product_cat":[82],"product_tag":[],"class_list":{"0":"post-12412","1":"product","2":"type-product","3":"status-publish","4":"has-post-thumbnail","6":"product_cat-tarupi","7":"product_shipping_class-ostale-kategorije-makedonija","8":"pa_b-agrina","9":"pa_broj-radnih-tijela-4412","10":"pa_market-ba","11":"pa_market-mk","12":"pa_market-rs","13":"pa_min-snaga-traktora-38-85-ks","14":"pa_radna-sirina-180cm","16":"first","17":"outofstock","18":"sale","19":"taxable","20":"shipping-taxable","21":"purchasable","22":"product-type-simple"},"acf":[],"seolaxy_ctr_woo_product_custom_meta_description_content":"","_links":{"self":[{"href":"https:\/\/www.sinpeks.com\/ba\/wp-json\/wp\/v2\/product\/12412","targetHints":{"allow":["GET"]}}],"collection":[{"href":"https:\/\/www.sinpeks.com\/ba\/wp-json\/wp\/v2\/product"}],"about":[{"href":"https:\/\/www.sinpeks.com\/ba\/wp-json\/wp\/v2\/types\/product"}],"replies":[{"embeddable":true,"href":"https:\/\/www.sinpeks.com\/ba\/wp-json\/wp\/v2\/comments?post=12412"}],"wp:featuredmedia":[{"embeddable":true,"href":"https:\/\/www.sinpeks.com\/ba\/wp-json\/wp\/v2\/media\/15805"}],"wp:attachment":[{"href":"https:\/\/www.sinpeks.com\/ba\/wp-json\/wp\/v2\/media?parent=12412"}],"wp:term":[{"taxonomy":"product_brand","embeddable":true,"href":"https:\/\/www.sinpeks.com\/ba\/wp-json\/wp\/v2\/product_brand?post=12412"},{"taxonomy":"product_cat","embeddable":true,"href":"https:\/\/www.sinpeks.com\/ba\/wp-json\/wp\/v2\/product_cat?post=12412"},{"taxonomy":"product_tag","embeddable":true,"href":"https:\/\/www.sinpeks.com\/ba\/wp-json\/wp\/v2\/product_tag?post=12412"}],"curies":[{"name":"wp","href":"https:\/\/api.w.org\/{rel}","templated":true}]}}