{"id":12394,"date":"2024-11-19T18:00:36","date_gmt":"2024-11-19T18:00:36","guid":{"rendered":"https:\/\/sinpeksstaging.com\/p\/podrivac-za-vinograd-9-redni-orrizonti\/"},"modified":"2026-01-13T14:23:47","modified_gmt":"2026-01-13T14:23:47","slug":"podrivac-za-vinograd-9-redni-orrizonti","status":"publish","type":"product","link":"https:\/\/www.sinpeks.com\/ba\/p\/podrivac-za-vinograd-9-redni-orrizonti\/","title":{"rendered":"Podriva\u010d za vinograd 9-redni  Orrizonti"},"content":{"rendered":"<p>9-redni kultivator \u201cSHARK\u201d sa opru\u017enim ankerima i ramom promenljive \u0161irine sa podesivim zadnjim valjkom, omoguc\u0301ava obradu zemlje u sredini reda vinograda i voc\u0301njaka. Opru\u017eni &#8220;anti-shock&#8221; sistem instaliran na radnim elementima garantuje pouzdanost i \u010dvrstinu \u010dak i na te\u0161kim ili kamenitim terenima. Radna dubina je izme\u0111u 20-25 cm, upravljan zadnjim kaveznim valjkom sa promenljivim otvorom, dok je radna \u0161irina izme\u0111u 150 do 195cm.<\/p>\n","protected":false},"excerpt":{"rendered":"<p>9-redni kultivator \u201cSHARK\u201d sa opru\u017enim ankerima i ramom promenljive \u0161irine sa podesivim zadnjim valjkom, omoguc\u0301ava obradu zemlje u sredini reda vinograda i voc\u0301njaka. Opru\u017eni &#8220;anti-shock&#8221; sistem instaliran na radnim elementima garantuje pouzdanost i \u010dvrstinu \u010dak i na te\u0161kim ili kamenitim terenima. Radna dubina je izme\u0111u 20-25 cm, upravljan zadnjim kaveznim valjkom sa promenljivim otvorom, dok [&hellip;]<\/p>\n","protected":false},"featured_media":15781,"comment_status":"open","ping_status":"closed","template":"","meta":{"_acf_changed":false},"product_brand":[],"product_cat":[80],"product_tag":[],"class_list":{"0":"post-12394","1":"product","2":"type-product","3":"status-publish","4":"has-post-thumbnail","6":"product_cat-podrivaci","7":"product_shipping_class-ostale-kategorije-makedonija","8":"pa_b-orizzonti","9":"pa_broj-radnih-tijela-4401","10":"pa_market-ba","11":"pa_market-mk","12":"pa_market-rs","13":"pa_min-snaga-traktora-80-ks","14":"pa_radna-dubina-25-cm","15":"pa_radna-sirina-150-195cm","17":"first","18":"outofstock","19":"sale","20":"taxable","21":"shipping-taxable","22":"purchasable","23":"product-type-simple"},"acf":[],"seolaxy_ctr_woo_product_custom_meta_description_content":"","_links":{"self":[{"href":"https:\/\/www.sinpeks.com\/ba\/wp-json\/wp\/v2\/product\/12394","targetHints":{"allow":["GET"]}}],"collection":[{"href":"https:\/\/www.sinpeks.com\/ba\/wp-json\/wp\/v2\/product"}],"about":[{"href":"https:\/\/www.sinpeks.com\/ba\/wp-json\/wp\/v2\/types\/product"}],"replies":[{"embeddable":true,"href":"https:\/\/www.sinpeks.com\/ba\/wp-json\/wp\/v2\/comments?post=12394"}],"wp:featuredmedia":[{"embeddable":true,"href":"https:\/\/www.sinpeks.com\/ba\/wp-json\/wp\/v2\/media\/15781"}],"wp:attachment":[{"href":"https:\/\/www.sinpeks.com\/ba\/wp-json\/wp\/v2\/media?parent=12394"}],"wp:term":[{"taxonomy":"product_brand","embeddable":true,"href":"https:\/\/www.sinpeks.com\/ba\/wp-json\/wp\/v2\/product_brand?post=12394"},{"taxonomy":"product_cat","embeddable":true,"href":"https:\/\/www.sinpeks.com\/ba\/wp-json\/wp\/v2\/product_cat?post=12394"},{"taxonomy":"product_tag","embeddable":true,"href":"https:\/\/www.sinpeks.com\/ba\/wp-json\/wp\/v2\/product_tag?post=12394"}],"curies":[{"name":"wp","href":"https:\/\/api.w.org\/{rel}","templated":true}]}}