{"id":12132,"date":"2024-11-19T15:51:17","date_gmt":"2024-11-19T15:51:17","guid":{"rendered":"https:\/\/sinpeksstaging.com\/p\/john-deere-5100e\/"},"modified":"2026-02-17T08:38:56","modified_gmt":"2026-02-17T08:38:56","slug":"john-deere-5100e","status":"publish","type":"product","link":"https:\/\/www.sinpeks.com\/ba\/p\/john-deere-5100e\/","title":{"rendered":"Traktor John Deere 5100E cab"},"content":{"rendered":"<p>Sna\u017ean traktor (100 KS) sa pogonom na sve to\u010dkove, sa odli\u010dnim menja\u010dem sa 24 brzine napred i 12 unazad i kabinom opremljenom klimom. Traktor sa mnogo dodatnih opcija i mnogo dodatnih priklju\u010daka.<\/p>\n","protected":false},"excerpt":{"rendered":"<p>Sna\u017ean traktor (100 KS) sa pogonom na sve to\u010dkove, sa odli\u010dnim menja\u010dem sa 24 brzine napred i 12 unazad i kabinom opremljenom klimom. Traktor sa mnogo dodatnih opcija i mnogo dodatnih priklju\u010daka.<\/p>\n","protected":false},"featured_media":13122,"comment_status":"open","ping_status":"closed","template":"","meta":{"_acf_changed":false},"product_brand":[],"product_cat":[60],"product_tag":[],"class_list":{"0":"post-12132","1":"product","2":"type-product","3":"status-publish","4":"has-post-thumbnail","6":"product_cat-poljoprivredni","7":"product_shipping_class-ostale-kategorije-makedonija","8":"pa_b-john-deere","9":"pa_godiste-5202","10":"pa_kabina-sa-kabinom","11":"pa_klimatizacija-sa-klimom","12":"pa_market-mk","13":"pa_max-kapacitet-dizanja-1450-kg","14":"pa_mjenjac-sa-automatskim-mjenjacem","15":"pa_pogon-traktora-sa-4x4-pogonom-4wd","16":"pa_snaga-traktora-100-ks","17":"pa_vrsta-oglasa-prodaja","19":"first","20":"outofstock","21":"taxable","22":"shipping-taxable","23":"purchasable","24":"product-type-simple"},"acf":[],"seolaxy_ctr_woo_product_custom_meta_description_content":"","_links":{"self":[{"href":"https:\/\/www.sinpeks.com\/ba\/wp-json\/wp\/v2\/product\/12132","targetHints":{"allow":["GET"]}}],"collection":[{"href":"https:\/\/www.sinpeks.com\/ba\/wp-json\/wp\/v2\/product"}],"about":[{"href":"https:\/\/www.sinpeks.com\/ba\/wp-json\/wp\/v2\/types\/product"}],"replies":[{"embeddable":true,"href":"https:\/\/www.sinpeks.com\/ba\/wp-json\/wp\/v2\/comments?post=12132"}],"wp:featuredmedia":[{"embeddable":true,"href":"https:\/\/www.sinpeks.com\/ba\/wp-json\/wp\/v2\/media\/13122"}],"wp:attachment":[{"href":"https:\/\/www.sinpeks.com\/ba\/wp-json\/wp\/v2\/media?parent=12132"}],"wp:term":[{"taxonomy":"product_brand","embeddable":true,"href":"https:\/\/www.sinpeks.com\/ba\/wp-json\/wp\/v2\/product_brand?post=12132"},{"taxonomy":"product_cat","embeddable":true,"href":"https:\/\/www.sinpeks.com\/ba\/wp-json\/wp\/v2\/product_cat?post=12132"},{"taxonomy":"product_tag","embeddable":true,"href":"https:\/\/www.sinpeks.com\/ba\/wp-json\/wp\/v2\/product_tag?post=12132"}],"curies":[{"name":"wp","href":"https:\/\/api.w.org\/{rel}","templated":true}]}}